{"id":2955,"date":"2014-06-18T05:52:25","date_gmt":"2014-06-18T05:52:25","guid":{"rendered":"http:\/\/pdhj.tl\/?page_id=2955"},"modified":"2015-02-18T07:26:36","modified_gmt":"2015-02-18T07:26:36","slug":"encontro-com-o-provedor-e-os-provedores-adjuntos-de-direitos-humanos-e-justica","status":"publish","type":"page","link":"https:\/\/www.pdhj.tl\/pt-pt\/sobre-o-provedor-de-direitos-humanos-e-justica\/encontro-com-o-provedor-e-os-provedores-adjuntos-de-direitos-humanos-e-justica\/","title":{"rendered":"Encontro com o Provedor e os Provedores-Adjuntos de Direitos Humanos e Justi\u00e7a"},"content":{"rendered":"Provedor\r\nSilverio Pinto Baptista,\u00a0Provedor, Direitos Humanos e Justi\u00e7a\r\n\r\nSilv\u00e9rio Pinto Baptista foi inicialmente nomeado pelo Parlamento Nacional para o cargo de Provedor-Adjunto (Direitos Humanos) a 28 Junho de 2005, tendo mais tarde sido re-nomeado, em Abril de \u00a02010, para um segundo mandato de quatro anos.\u00a0Foi eleito como Provedor pelo Parlamento Nacional em Outubro de 2014 no qual prestou o seu juramentu de posse em 30 de Outubro de 2014.\r\n\r\nAntes da sua nomea\u00e7\u00e3o, exerceu fun\u00e7\u00f5es <a href=\"https:\/\/www.pdhj.tl\/pt-pt\/sobre-o-provedor-de-direitos-humanos-e-justica\/encontro-com-o-provedor-e-os-provedores-adjuntos-de-direitos-humanos-e-justica\/\" class=\"more-link\">Read more [...]<\/a>","protected":false},"excerpt":{"rendered":"<p>Provedor Silverio Pinto Baptista,\u00a0Provedor, Direitos Humanos e Justi\u00e7a Silv\u00e9rio Pinto Baptista foi inicialmente nomeado pelo Parlamento Nacional para o cargo de Provedor-Adjunto (Direitos Humanos) a 28 Junho de 2005, tendo mais tarde sido re-nomeado, em Abril de \u00a02010, para um segundo mandato de quatro anos.\u00a0Foi eleito como Provedor pelo Parlamento Nacional em Outubro de 2014 no qual prestou o seu juramentu de posse em 30 de Outubro de 2014. Antes da sua nomea\u00e7\u00e3o, exerceu fun\u00e7\u00f5es Read more [&#8230;]<\/p>\n","protected":false},"author":1,"featured_media":0,"parent":2837,"menu_order":0,"comment_status":"closed","ping_status":"closed","template":"","meta":{"footnotes":""},"class_list":["post-2955","page","type-page","status-publish"],"yoast_head":"<!-- This site is optimized with the Yoast SEO plugin v26.9 - https:\/\/yoast.com\/product\/yoast-seo-wordpress\/ -->\n<title>Encontro com o Provedor e os Provedores-Adjuntos de Direitos Humanos e Justi\u00e7a - PDHJ<\/title>\n<meta name=\"robots\" content=\"index, follow, max-snippet:-1, max-image-preview:large, max-video-preview:-1\" \/>\n<link rel=\"canonical\" href=\"https:\/\/www.pdhj.tl\/pt-pt\/sobre-o-provedor-de-direitos-humanos-e-justica\/encontro-com-o-provedor-e-os-provedores-adjuntos-de-direitos-humanos-e-justica\/\" \/>\n<meta property=\"og:locale\" content=\"pt_PT\" \/>\n<meta property=\"og:type\" content=\"article\" \/>\n<meta property=\"og:title\" content=\"Encontro com o Provedor e os Provedores-Adjuntos de Direitos Humanos e Justi\u00e7a - PDHJ\" \/>\n<meta property=\"og:description\" content=\"Provedor Silverio Pinto Baptista,\u00a0Provedor, Direitos Humanos e Justi\u00e7a Silv\u00e9rio Pinto Baptista foi inicialmente nomeado pelo Parlamento Nacional para o cargo de Provedor-Adjunto (Direitos Humanos) a 28 Junho de 2005, tendo mais tarde sido re-nomeado, em Abril de \u00a02010, para um segundo mandato de quatro anos.\u00a0Foi eleito como Provedor pelo Parlamento Nacional em Outubro de 2014 no qual prestou o seu juramentu de posse em 30 de Outubro de 2014. Antes da sua nomea\u00e7\u00e3o, exerceu fun\u00e7\u00f5es Read more [...]\" \/>\n<meta property=\"og:url\" content=\"https:\/\/www.pdhj.tl\/pt-pt\/sobre-o-provedor-de-direitos-humanos-e-justica\/encontro-com-o-provedor-e-os-provedores-adjuntos-de-direitos-humanos-e-justica\/\" \/>\n<meta property=\"og:site_name\" content=\"PDHJ\" \/>\n<meta property=\"article:publisher\" content=\"https:\/\/www.facebook.com\/PDHJTimorLeste\" \/>\n<meta property=\"article:modified_time\" content=\"2015-02-18T07:26:36+00:00\" \/>\n<meta property=\"og:image\" content=\"http:\/\/pdhj.tl\/wp-content\/uploads\/2014\/06\/Provedor-3-252x300.jpg\" \/>\n<meta name=\"twitter:card\" content=\"summary_large_image\" \/>\n<meta name=\"twitter:site\" content=\"@PDHJTimorLeste\" \/>\n<meta name=\"twitter:label1\" content=\"Tempo estimado de leitura\" \/>\n\t<meta name=\"twitter:data1\" content=\"5 minutos\" \/>\n<script type=\"application\/ld+json\" class=\"yoast-schema-graph\">{\"@context\":\"https:\/\/schema.org\",\"@graph\":[{\"@type\":\"WebPage\",\"@id\":\"https:\/\/www.pdhj.tl\/pt-pt\/sobre-o-provedor-de-direitos-humanos-e-justica\/encontro-com-o-provedor-e-os-provedores-adjuntos-de-direitos-humanos-e-justica\/\",\"url\":\"https:\/\/www.pdhj.tl\/pt-pt\/sobre-o-provedor-de-direitos-humanos-e-justica\/encontro-com-o-provedor-e-os-provedores-adjuntos-de-direitos-humanos-e-justica\/\",\"name\":\"Encontro com o Provedor e os Provedores-Adjuntos de Direitos Humanos e Justi\u00e7a - PDHJ\",\"isPartOf\":{\"@id\":\"https:\/\/www.pdhj.tl\/#website\"},\"primaryImageOfPage\":{\"@id\":\"https:\/\/www.pdhj.tl\/pt-pt\/sobre-o-provedor-de-direitos-humanos-e-justica\/encontro-com-o-provedor-e-os-provedores-adjuntos-de-direitos-humanos-e-justica\/#primaryimage\"},\"image\":{\"@id\":\"https:\/\/www.pdhj.tl\/pt-pt\/sobre-o-provedor-de-direitos-humanos-e-justica\/encontro-com-o-provedor-e-os-provedores-adjuntos-de-direitos-humanos-e-justica\/#primaryimage\"},\"thumbnailUrl\":\"http:\/\/pdhj.tl\/wp-content\/uploads\/2014\/06\/Provedor-3-252x300.jpg\",\"datePublished\":\"2014-06-18T05:52:25+00:00\",\"dateModified\":\"2015-02-18T07:26:36+00:00\",\"breadcrumb\":{\"@id\":\"https:\/\/www.pdhj.tl\/pt-pt\/sobre-o-provedor-de-direitos-humanos-e-justica\/encontro-com-o-provedor-e-os-provedores-adjuntos-de-direitos-humanos-e-justica\/#breadcrumb\"},\"inLanguage\":\"pt-PT\",\"potentialAction\":[{\"@type\":\"ReadAction\",\"target\":[\"https:\/\/www.pdhj.tl\/pt-pt\/sobre-o-provedor-de-direitos-humanos-e-justica\/encontro-com-o-provedor-e-os-provedores-adjuntos-de-direitos-humanos-e-justica\/\"]}]},{\"@type\":\"ImageObject\",\"inLanguage\":\"pt-PT\",\"@id\":\"https:\/\/www.pdhj.tl\/pt-pt\/sobre-o-provedor-de-direitos-humanos-e-justica\/encontro-com-o-provedor-e-os-provedores-adjuntos-de-direitos-humanos-e-justica\/#primaryimage\",\"url\":\"http:\/\/pdhj.tl\/wp-content\/uploads\/2014\/06\/Provedor-3-252x300.jpg\",\"contentUrl\":\"http:\/\/pdhj.tl\/wp-content\/uploads\/2014\/06\/Provedor-3-252x300.jpg\"},{\"@type\":\"BreadcrumbList\",\"@id\":\"https:\/\/www.pdhj.tl\/pt-pt\/sobre-o-provedor-de-direitos-humanos-e-justica\/encontro-com-o-provedor-e-os-provedores-adjuntos-de-direitos-humanos-e-justica\/#breadcrumb\",\"itemListElement\":[{\"@type\":\"ListItem\",\"position\":1,\"name\":\"Home\",\"item\":\"https:\/\/www.pdhj.tl\/pt-pt\/home\/\"},{\"@type\":\"ListItem\",\"position\":2,\"name\":\"Sobre o Provedor de Direitos Humanos e Justi\u00e7a\",\"item\":\"https:\/\/www.pdhj.tl\/pt-pt\/sobre-o-provedor-de-direitos-humanos-e-justica\/\"},{\"@type\":\"ListItem\",\"position\":3,\"name\":\"Encontro com o Provedor e os Provedores-Adjuntos de Direitos Humanos e Justi\u00e7a\"}]},{\"@type\":\"WebSite\",\"@id\":\"https:\/\/www.pdhj.tl\/#website\",\"url\":\"https:\/\/www.pdhj.tl\/\",\"name\":\"PDHJ Timor-Leste\",\"description\":\"Provedoria dos Direitos Humanos e Justi\u00e7a\",\"publisher\":{\"@id\":\"https:\/\/www.pdhj.tl\/#organization\"},\"potentialAction\":[{\"@type\":\"SearchAction\",\"target\":{\"@type\":\"EntryPoint\",\"urlTemplate\":\"https:\/\/www.pdhj.tl\/?s={search_term_string}\"},\"query-input\":{\"@type\":\"PropertyValueSpecification\",\"valueRequired\":true,\"valueName\":\"search_term_string\"}}],\"inLanguage\":\"pt-PT\"},{\"@type\":\"Organization\",\"@id\":\"https:\/\/www.pdhj.tl\/#organization\",\"name\":\"PDHJ Timor-Leste\",\"url\":\"https:\/\/www.pdhj.tl\/\",\"logo\":{\"@type\":\"ImageObject\",\"inLanguage\":\"pt-PT\",\"@id\":\"https:\/\/www.pdhj.tl\/#\/schema\/logo\/image\/\",\"url\":\"https:\/\/www.pdhj.tl\/wp-content\/uploads\/2013\/11\/tplogo.png\",\"contentUrl\":\"https:\/\/www.pdhj.tl\/wp-content\/uploads\/2013\/11\/tplogo.png\",\"width\":280,\"height\":280,\"caption\":\"PDHJ Timor-Leste\"},\"image\":{\"@id\":\"https:\/\/www.pdhj.tl\/#\/schema\/logo\/image\/\"},\"sameAs\":[\"https:\/\/www.facebook.com\/PDHJTimorLeste\",\"https:\/\/x.com\/PDHJTimorLeste\",\"https:\/\/www.tiktok.com\/pdhj.tl\",\"https:\/\/www.instagram.com\/pdhj.tl\/\",\"https:\/\/www.linkedin.com\/company\/pdhj-tls\/\"]}]}<\/script>\n<!-- \/ Yoast SEO plugin. -->","yoast_head_json":{"title":"Encontro com o Provedor e os Provedores-Adjuntos de Direitos Humanos e Justi\u00e7a - PDHJ","robots":{"index":"index","follow":"follow","max-snippet":"max-snippet:-1","max-image-preview":"max-image-preview:large","max-video-preview":"max-video-preview:-1"},"canonical":"https:\/\/www.pdhj.tl\/pt-pt\/sobre-o-provedor-de-direitos-humanos-e-justica\/encontro-com-o-provedor-e-os-provedores-adjuntos-de-direitos-humanos-e-justica\/","og_locale":"pt_PT","og_type":"article","og_title":"Encontro com o Provedor e os Provedores-Adjuntos de Direitos Humanos e Justi\u00e7a - PDHJ","og_description":"Provedor Silverio Pinto Baptista,\u00a0Provedor, Direitos Humanos e Justi\u00e7a Silv\u00e9rio Pinto Baptista foi inicialmente nomeado pelo Parlamento Nacional para o cargo de Provedor-Adjunto (Direitos Humanos) a 28 Junho de 2005, tendo mais tarde sido re-nomeado, em Abril de \u00a02010, para um segundo mandato de quatro anos.\u00a0Foi eleito como Provedor pelo Parlamento Nacional em Outubro de 2014 no qual prestou o seu juramentu de posse em 30 de Outubro de 2014. Antes da sua nomea\u00e7\u00e3o, exerceu fun\u00e7\u00f5es Read more [...]","og_url":"https:\/\/www.pdhj.tl\/pt-pt\/sobre-o-provedor-de-direitos-humanos-e-justica\/encontro-com-o-provedor-e-os-provedores-adjuntos-de-direitos-humanos-e-justica\/","og_site_name":"PDHJ","article_publisher":"https:\/\/www.facebook.com\/PDHJTimorLeste","article_modified_time":"2015-02-18T07:26:36+00:00","og_image":[{"url":"http:\/\/pdhj.tl\/wp-content\/uploads\/2014\/06\/Provedor-3-252x300.jpg","type":"","width":"","height":""}],"twitter_card":"summary_large_image","twitter_site":"@PDHJTimorLeste","twitter_misc":{"Tempo estimado de leitura":"5 minutos"},"schema":{"@context":"https:\/\/schema.org","@graph":[{"@type":"WebPage","@id":"https:\/\/www.pdhj.tl\/pt-pt\/sobre-o-provedor-de-direitos-humanos-e-justica\/encontro-com-o-provedor-e-os-provedores-adjuntos-de-direitos-humanos-e-justica\/","url":"https:\/\/www.pdhj.tl\/pt-pt\/sobre-o-provedor-de-direitos-humanos-e-justica\/encontro-com-o-provedor-e-os-provedores-adjuntos-de-direitos-humanos-e-justica\/","name":"Encontro com o Provedor e os Provedores-Adjuntos de Direitos Humanos e Justi\u00e7a - PDHJ","isPartOf":{"@id":"https:\/\/www.pdhj.tl\/#website"},"primaryImageOfPage":{"@id":"https:\/\/www.pdhj.tl\/pt-pt\/sobre-o-provedor-de-direitos-humanos-e-justica\/encontro-com-o-provedor-e-os-provedores-adjuntos-de-direitos-humanos-e-justica\/#primaryimage"},"image":{"@id":"https:\/\/www.pdhj.tl\/pt-pt\/sobre-o-provedor-de-direitos-humanos-e-justica\/encontro-com-o-provedor-e-os-provedores-adjuntos-de-direitos-humanos-e-justica\/#primaryimage"},"thumbnailUrl":"http:\/\/pdhj.tl\/wp-content\/uploads\/2014\/06\/Provedor-3-252x300.jpg","datePublished":"2014-06-18T05:52:25+00:00","dateModified":"2015-02-18T07:26:36+00:00","breadcrumb":{"@id":"https:\/\/www.pdhj.tl\/pt-pt\/sobre-o-provedor-de-direitos-humanos-e-justica\/encontro-com-o-provedor-e-os-provedores-adjuntos-de-direitos-humanos-e-justica\/#breadcrumb"},"inLanguage":"pt-PT","potentialAction":[{"@type":"ReadAction","target":["https:\/\/www.pdhj.tl\/pt-pt\/sobre-o-provedor-de-direitos-humanos-e-justica\/encontro-com-o-provedor-e-os-provedores-adjuntos-de-direitos-humanos-e-justica\/"]}]},{"@type":"ImageObject","inLanguage":"pt-PT","@id":"https:\/\/www.pdhj.tl\/pt-pt\/sobre-o-provedor-de-direitos-humanos-e-justica\/encontro-com-o-provedor-e-os-provedores-adjuntos-de-direitos-humanos-e-justica\/#primaryimage","url":"http:\/\/pdhj.tl\/wp-content\/uploads\/2014\/06\/Provedor-3-252x300.jpg","contentUrl":"http:\/\/pdhj.tl\/wp-content\/uploads\/2014\/06\/Provedor-3-252x300.jpg"},{"@type":"BreadcrumbList","@id":"https:\/\/www.pdhj.tl\/pt-pt\/sobre-o-provedor-de-direitos-humanos-e-justica\/encontro-com-o-provedor-e-os-provedores-adjuntos-de-direitos-humanos-e-justica\/#breadcrumb","itemListElement":[{"@type":"ListItem","position":1,"name":"Home","item":"https:\/\/www.pdhj.tl\/pt-pt\/home\/"},{"@type":"ListItem","position":2,"name":"Sobre o Provedor de Direitos Humanos e Justi\u00e7a","item":"https:\/\/www.pdhj.tl\/pt-pt\/sobre-o-provedor-de-direitos-humanos-e-justica\/"},{"@type":"ListItem","position":3,"name":"Encontro com o Provedor e os Provedores-Adjuntos de Direitos Humanos e Justi\u00e7a"}]},{"@type":"WebSite","@id":"https:\/\/www.pdhj.tl\/#website","url":"https:\/\/www.pdhj.tl\/","name":"PDHJ Timor-Leste","description":"Provedoria dos Direitos Humanos e Justi\u00e7a","publisher":{"@id":"https:\/\/www.pdhj.tl\/#organization"},"potentialAction":[{"@type":"SearchAction","target":{"@type":"EntryPoint","urlTemplate":"https:\/\/www.pdhj.tl\/?s={search_term_string}"},"query-input":{"@type":"PropertyValueSpecification","valueRequired":true,"valueName":"search_term_string"}}],"inLanguage":"pt-PT"},{"@type":"Organization","@id":"https:\/\/www.pdhj.tl\/#organization","name":"PDHJ Timor-Leste","url":"https:\/\/www.pdhj.tl\/","logo":{"@type":"ImageObject","inLanguage":"pt-PT","@id":"https:\/\/www.pdhj.tl\/#\/schema\/logo\/image\/","url":"https:\/\/www.pdhj.tl\/wp-content\/uploads\/2013\/11\/tplogo.png","contentUrl":"https:\/\/www.pdhj.tl\/wp-content\/uploads\/2013\/11\/tplogo.png","width":280,"height":280,"caption":"PDHJ Timor-Leste"},"image":{"@id":"https:\/\/www.pdhj.tl\/#\/schema\/logo\/image\/"},"sameAs":["https:\/\/www.facebook.com\/PDHJTimorLeste","https:\/\/x.com\/PDHJTimorLeste","https:\/\/www.tiktok.com\/pdhj.tl","https:\/\/www.instagram.com\/pdhj.tl\/","https:\/\/www.linkedin.com\/company\/pdhj-tls\/"]}]}},"_links":{"self":[{"href":"https:\/\/www.pdhj.tl\/pt-pt\/wp-json\/wp\/v2\/pages\/2955\/"}],"collection":[{"href":"https:\/\/www.pdhj.tl\/pt-pt\/wp-json\/wp\/v2\/pages\/"}],"about":[{"href":"https:\/\/www.pdhj.tl\/pt-pt\/wp-json\/wp\/v2\/types\/page\/"}],"author":[{"embeddable":true,"href":"https:\/\/www.pdhj.tl\/pt-pt\/wp-json\/wp\/v2\/users\/1\/"}],"replies":[{"embeddable":true,"href":"https:\/\/www.pdhj.tl\/pt-pt\/wp-json\/wp\/v2\/comments\/?post=2955"}],"version-history":[{"count":8,"href":"https:\/\/www.pdhj.tl\/pt-pt\/wp-json\/wp\/v2\/pages\/2955\/revisions\/"}],"predecessor-version":[{"id":3482,"href":"https:\/\/www.pdhj.tl\/pt-pt\/wp-json\/wp\/v2\/pages\/2955\/revisions\/3482\/"}],"up":[{"embeddable":true,"href":"https:\/\/www.pdhj.tl\/pt-pt\/wp-json\/wp\/v2\/pages\/2837\/"}],"wp:attachment":[{"href":"https:\/\/www.pdhj.tl\/pt-pt\/wp-json\/wp\/v2\/media\/?parent=2955"}],"curies":[{"name":"wp","href":"https:\/\/api.w.org\/{rel}","templated":true}]}}