{"id":2903,"date":"2014-06-16T05:55:45","date_gmt":"2014-06-16T05:55:45","guid":{"rendered":"http:\/\/pdhj.tl\/?page_id=2903"},"modified":"2014-06-18T07:09:39","modified_gmt":"2014-06-18T07:09:39","slug":"useful-links","status":"publish","type":"page","link":"https:\/\/www.pdhj.tl\/pt-pt\/educacao-e-formacao-treino\/useful-links\/","title":{"rendered":"Useful Links"},"content":{"rendered":"HUMAN RIGHTS LINKS\r\nInternational Human Rights Law (OHCHR Website)\r\n\r\nBayefsky\r\n\r\nUniversal Human Rights Index of United Nations Documents (search engine)\r\n\r\n\r\nHuman Rights Library, University of Minnesota\r\n\r\nDocumentation Centre, Netherlands Institute of Human Rights\r\n\r\nInternational Commission of Jurists\r\n\r\nInterights\r\n\r\nHuman Rights Watch\r\n\r\nWorld Organisation against Torture\r\n\r\nCOHRE\r\n\r\nUNICEF\r\n\r\nUNWOMEN\r\n\r\nCentre for Economic, Social and Cultural Rights\r\n\r\nInternational Network for Economic, <a href=\"https:\/\/www.pdhj.tl\/pt-pt\/educacao-e-formacao-treino\/useful-links\/\" class=\"more-link\">Read more [...]<\/a>","protected":false},"excerpt":{"rendered":"<p>HUMAN RIGHTS LINKS International Human Rights Law (OHCHR Website) Bayefsky Universal Human Rights Index of United Nations Documents (search engine) Human Rights Library, University of Minnesota Documentation Centre, Netherlands Institute of Human Rights International Commission of Jurists Interights Human Rights Watch World Organisation against Torture COHRE UNICEF UNWOMEN Centre for Economic, Social and Cultural Rights International Network for Economic, Read more [&#8230;]<\/p>\n","protected":false},"author":1,"featured_media":0,"parent":2886,"menu_order":0,"comment_status":"open","ping_status":"open","template":"template-pagewithsidebar.php","meta":{"footnotes":""},"class_list":["post-2903","page","type-page","status-publish"],"yoast_head":"<!-- This site is optimized with the Yoast SEO plugin v26.9 - https:\/\/yoast.com\/product\/yoast-seo-wordpress\/ -->\n<title>Useful Links - PDHJ<\/title>\n<meta name=\"robots\" content=\"index, follow, max-snippet:-1, max-image-preview:large, max-video-preview:-1\" \/>\n<link rel=\"canonical\" href=\"https:\/\/www.pdhj.tl\/pt-pt\/educacao-e-formacao-treino\/useful-links\/\" \/>\n<meta property=\"og:locale\" content=\"pt_PT\" \/>\n<meta property=\"og:type\" content=\"article\" \/>\n<meta property=\"og:title\" content=\"Useful Links - PDHJ\" \/>\n<meta property=\"og:description\" content=\"HUMAN RIGHTS LINKS International Human Rights Law (OHCHR Website) Bayefsky Universal Human Rights Index of United Nations Documents (search engine) Human Rights Library, University of Minnesota Documentation Centre, Netherlands Institute of Human Rights International Commission of Jurists Interights Human Rights Watch World Organisation against Torture COHRE UNICEF UNWOMEN Centre for Economic, Social and Cultural Rights International Network for Economic, Read more [...]\" \/>\n<meta property=\"og:url\" content=\"https:\/\/www.pdhj.tl\/pt-pt\/educacao-e-formacao-treino\/useful-links\/\" \/>\n<meta property=\"og:site_name\" content=\"PDHJ\" \/>\n<meta property=\"article:publisher\" content=\"https:\/\/www.facebook.com\/PDHJTimorLeste\" \/>\n<meta property=\"article:modified_time\" content=\"2014-06-18T07:09:39+00:00\" \/>\n<meta name=\"twitter:card\" content=\"summary_large_image\" \/>\n<meta name=\"twitter:site\" content=\"@PDHJTimorLeste\" \/>\n<meta name=\"twitter:label1\" content=\"Tempo estimado de leitura\" \/>\n\t<meta name=\"twitter:data1\" content=\"1 minuto\" \/>\n<script type=\"application\/ld+json\" class=\"yoast-schema-graph\">{\"@context\":\"https:\/\/schema.org\",\"@graph\":[{\"@type\":\"WebPage\",\"@id\":\"https:\/\/www.pdhj.tl\/pt-pt\/educacao-e-formacao-treino\/useful-links\/\",\"url\":\"https:\/\/www.pdhj.tl\/pt-pt\/educacao-e-formacao-treino\/useful-links\/\",\"name\":\"Useful Links - PDHJ\",\"isPartOf\":{\"@id\":\"https:\/\/www.pdhj.tl\/#website\"},\"datePublished\":\"2014-06-16T05:55:45+00:00\",\"dateModified\":\"2014-06-18T07:09:39+00:00\",\"breadcrumb\":{\"@id\":\"https:\/\/www.pdhj.tl\/pt-pt\/educacao-e-formacao-treino\/useful-links\/#breadcrumb\"},\"inLanguage\":\"pt-PT\",\"potentialAction\":[{\"@type\":\"ReadAction\",\"target\":[\"https:\/\/www.pdhj.tl\/pt-pt\/educacao-e-formacao-treino\/useful-links\/\"]}]},{\"@type\":\"BreadcrumbList\",\"@id\":\"https:\/\/www.pdhj.tl\/pt-pt\/educacao-e-formacao-treino\/useful-links\/#breadcrumb\",\"itemListElement\":[{\"@type\":\"ListItem\",\"position\":1,\"name\":\"Home\",\"item\":\"https:\/\/www.pdhj.tl\/pt-pt\/home\/\"},{\"@type\":\"ListItem\",\"position\":2,\"name\":\"Educa\u00e7\u00e3o e forma\u00e7\u00e3o (treino)\",\"item\":\"https:\/\/www.pdhj.tl\/pt-pt\/educacao-e-formacao-treino\/\"},{\"@type\":\"ListItem\",\"position\":3,\"name\":\"Useful Links\"}]},{\"@type\":\"WebSite\",\"@id\":\"https:\/\/www.pdhj.tl\/#website\",\"url\":\"https:\/\/www.pdhj.tl\/\",\"name\":\"PDHJ Timor-Leste\",\"description\":\"Provedoria dos Direitos Humanos e Justi\u00e7a\",\"publisher\":{\"@id\":\"https:\/\/www.pdhj.tl\/#organization\"},\"potentialAction\":[{\"@type\":\"SearchAction\",\"target\":{\"@type\":\"EntryPoint\",\"urlTemplate\":\"https:\/\/www.pdhj.tl\/?s={search_term_string}\"},\"query-input\":{\"@type\":\"PropertyValueSpecification\",\"valueRequired\":true,\"valueName\":\"search_term_string\"}}],\"inLanguage\":\"pt-PT\"},{\"@type\":\"Organization\",\"@id\":\"https:\/\/www.pdhj.tl\/#organization\",\"name\":\"PDHJ Timor-Leste\",\"url\":\"https:\/\/www.pdhj.tl\/\",\"logo\":{\"@type\":\"ImageObject\",\"inLanguage\":\"pt-PT\",\"@id\":\"https:\/\/www.pdhj.tl\/#\/schema\/logo\/image\/\",\"url\":\"https:\/\/www.pdhj.tl\/wp-content\/uploads\/2013\/11\/tplogo.png\",\"contentUrl\":\"https:\/\/www.pdhj.tl\/wp-content\/uploads\/2013\/11\/tplogo.png\",\"width\":280,\"height\":280,\"caption\":\"PDHJ Timor-Leste\"},\"image\":{\"@id\":\"https:\/\/www.pdhj.tl\/#\/schema\/logo\/image\/\"},\"sameAs\":[\"https:\/\/www.facebook.com\/PDHJTimorLeste\",\"https:\/\/x.com\/PDHJTimorLeste\",\"https:\/\/www.tiktok.com\/pdhj.tl\",\"https:\/\/www.instagram.com\/pdhj.tl\/\",\"https:\/\/www.linkedin.com\/company\/pdhj-tls\/\"]}]}<\/script>\n<!-- \/ Yoast SEO plugin. -->","yoast_head_json":{"title":"Useful Links - PDHJ","robots":{"index":"index","follow":"follow","max-snippet":"max-snippet:-1","max-image-preview":"max-image-preview:large","max-video-preview":"max-video-preview:-1"},"canonical":"https:\/\/www.pdhj.tl\/pt-pt\/educacao-e-formacao-treino\/useful-links\/","og_locale":"pt_PT","og_type":"article","og_title":"Useful Links - PDHJ","og_description":"HUMAN RIGHTS LINKS International Human Rights Law (OHCHR Website) Bayefsky Universal Human Rights Index of United Nations Documents (search engine) Human Rights Library, University of Minnesota Documentation Centre, Netherlands Institute of Human Rights International Commission of Jurists Interights Human Rights Watch World Organisation against Torture COHRE UNICEF UNWOMEN Centre for Economic, Social and Cultural Rights International Network for Economic, Read more [...]","og_url":"https:\/\/www.pdhj.tl\/pt-pt\/educacao-e-formacao-treino\/useful-links\/","og_site_name":"PDHJ","article_publisher":"https:\/\/www.facebook.com\/PDHJTimorLeste","article_modified_time":"2014-06-18T07:09:39+00:00","twitter_card":"summary_large_image","twitter_site":"@PDHJTimorLeste","twitter_misc":{"Tempo estimado de leitura":"1 minuto"},"schema":{"@context":"https:\/\/schema.org","@graph":[{"@type":"WebPage","@id":"https:\/\/www.pdhj.tl\/pt-pt\/educacao-e-formacao-treino\/useful-links\/","url":"https:\/\/www.pdhj.tl\/pt-pt\/educacao-e-formacao-treino\/useful-links\/","name":"Useful Links - PDHJ","isPartOf":{"@id":"https:\/\/www.pdhj.tl\/#website"},"datePublished":"2014-06-16T05:55:45+00:00","dateModified":"2014-06-18T07:09:39+00:00","breadcrumb":{"@id":"https:\/\/www.pdhj.tl\/pt-pt\/educacao-e-formacao-treino\/useful-links\/#breadcrumb"},"inLanguage":"pt-PT","potentialAction":[{"@type":"ReadAction","target":["https:\/\/www.pdhj.tl\/pt-pt\/educacao-e-formacao-treino\/useful-links\/"]}]},{"@type":"BreadcrumbList","@id":"https:\/\/www.pdhj.tl\/pt-pt\/educacao-e-formacao-treino\/useful-links\/#breadcrumb","itemListElement":[{"@type":"ListItem","position":1,"name":"Home","item":"https:\/\/www.pdhj.tl\/pt-pt\/home\/"},{"@type":"ListItem","position":2,"name":"Educa\u00e7\u00e3o e forma\u00e7\u00e3o (treino)","item":"https:\/\/www.pdhj.tl\/pt-pt\/educacao-e-formacao-treino\/"},{"@type":"ListItem","position":3,"name":"Useful Links"}]},{"@type":"WebSite","@id":"https:\/\/www.pdhj.tl\/#website","url":"https:\/\/www.pdhj.tl\/","name":"PDHJ Timor-Leste","description":"Provedoria dos Direitos Humanos e Justi\u00e7a","publisher":{"@id":"https:\/\/www.pdhj.tl\/#organization"},"potentialAction":[{"@type":"SearchAction","target":{"@type":"EntryPoint","urlTemplate":"https:\/\/www.pdhj.tl\/?s={search_term_string}"},"query-input":{"@type":"PropertyValueSpecification","valueRequired":true,"valueName":"search_term_string"}}],"inLanguage":"pt-PT"},{"@type":"Organization","@id":"https:\/\/www.pdhj.tl\/#organization","name":"PDHJ Timor-Leste","url":"https:\/\/www.pdhj.tl\/","logo":{"@type":"ImageObject","inLanguage":"pt-PT","@id":"https:\/\/www.pdhj.tl\/#\/schema\/logo\/image\/","url":"https:\/\/www.pdhj.tl\/wp-content\/uploads\/2013\/11\/tplogo.png","contentUrl":"https:\/\/www.pdhj.tl\/wp-content\/uploads\/2013\/11\/tplogo.png","width":280,"height":280,"caption":"PDHJ Timor-Leste"},"image":{"@id":"https:\/\/www.pdhj.tl\/#\/schema\/logo\/image\/"},"sameAs":["https:\/\/www.facebook.com\/PDHJTimorLeste","https:\/\/x.com\/PDHJTimorLeste","https:\/\/www.tiktok.com\/pdhj.tl","https:\/\/www.instagram.com\/pdhj.tl\/","https:\/\/www.linkedin.com\/company\/pdhj-tls\/"]}]}},"_links":{"self":[{"href":"https:\/\/www.pdhj.tl\/pt-pt\/wp-json\/wp\/v2\/pages\/2903\/"}],"collection":[{"href":"https:\/\/www.pdhj.tl\/pt-pt\/wp-json\/wp\/v2\/pages\/"}],"about":[{"href":"https:\/\/www.pdhj.tl\/pt-pt\/wp-json\/wp\/v2\/types\/page\/"}],"author":[{"embeddable":true,"href":"https:\/\/www.pdhj.tl\/pt-pt\/wp-json\/wp\/v2\/users\/1\/"}],"replies":[{"embeddable":true,"href":"https:\/\/www.pdhj.tl\/pt-pt\/wp-json\/wp\/v2\/comments\/?post=2903"}],"version-history":[{"count":0,"href":"https:\/\/www.pdhj.tl\/pt-pt\/wp-json\/wp\/v2\/pages\/2903\/revisions\/"}],"up":[{"embeddable":true,"href":"https:\/\/www.pdhj.tl\/pt-pt\/wp-json\/wp\/v2\/pages\/2886\/"}],"wp:attachment":[{"href":"https:\/\/www.pdhj.tl\/pt-pt\/wp-json\/wp\/v2\/media\/?parent=2903"}],"curies":[{"name":"wp","href":"https:\/\/api.w.org\/{rel}","templated":true}]}}