{"id":2895,"date":"2014-06-16T05:48:13","date_gmt":"2014-06-16T05:48:13","guid":{"rendered":"http:\/\/pdhj.tl\/?page_id=2895"},"modified":"2014-06-16T05:48:13","modified_gmt":"2014-06-16T05:48:13","slug":"lei-internacional-dos-direitos-humanos","status":"publish","type":"page","link":"https:\/\/www.pdhj.tl\/pt-pt\/media-e-biblioteca-de-publicacoes\/lei-internacional-dos-direitos-humanos\/","title":{"rendered":"Lei Internacional Dos Direitos Humanos"},"content":{"rendered":"\r\nCom a luta pelos direitos humanos do seu povo marcada na sua recente hist\u00f3ria, a aplica\u00e7\u00e3o de padr\u00f5es de direitos humanos em Timor-Leste representa mais que uma obriga\u00e7\u00e3o legal; representa o caminho natural do desenvolvimento no independente Timor-Leste. Por\u00e9m este caminho torna-se mais dif\u00edcil de prosseguir quando n\u00e3o se possui o acesso aos instrumentos necess\u00e1rios para trazer esta realidade.\r\nEsta ferramenta possui como objectivo primordial fortalecer o acesso aos documentos relacionados <a href=\"https:\/\/www.pdhj.tl\/pt-pt\/media-e-biblioteca-de-publicacoes\/lei-internacional-dos-direitos-humanos\/\" class=\"more-link\">Read more [...]<\/a>","protected":false},"excerpt":{"rendered":"<p>Com a luta pelos direitos humanos do seu povo marcada na sua recente hist\u00f3ria, a aplica\u00e7\u00e3o de padr\u00f5es de direitos humanos em Timor-Leste representa mais que uma obriga\u00e7\u00e3o legal; representa o caminho natural do desenvolvimento no independente Timor-Leste. Por\u00e9m este caminho torna-se mais dif\u00edcil de prosseguir quando n\u00e3o se possui o acesso aos instrumentos necess\u00e1rios para trazer esta realidade. Esta ferramenta possui como objectivo primordial fortalecer o acesso aos documentos relacionados Read more [&#8230;]<\/p>\n","protected":false},"author":1,"featured_media":0,"parent":2888,"menu_order":0,"comment_status":"open","ping_status":"open","template":"template-pagewithsidebar.php","meta":{"footnotes":""},"class_list":["post-2895","page","type-page","status-publish"],"yoast_head":"<!-- This site is optimized with the Yoast SEO plugin v26.9 - https:\/\/yoast.com\/product\/yoast-seo-wordpress\/ -->\n<title>Lei Internacional Dos Direitos Humanos - PDHJ<\/title>\n<meta name=\"robots\" content=\"index, follow, max-snippet:-1, max-image-preview:large, max-video-preview:-1\" \/>\n<link rel=\"canonical\" href=\"https:\/\/www.pdhj.tl\/pt-pt\/media-e-biblioteca-de-publicacoes\/lei-internacional-dos-direitos-humanos\/\" \/>\n<meta property=\"og:locale\" content=\"pt_PT\" \/>\n<meta property=\"og:type\" content=\"article\" \/>\n<meta property=\"og:title\" content=\"Lei Internacional Dos Direitos Humanos - PDHJ\" \/>\n<meta property=\"og:description\" content=\"Com a luta pelos direitos humanos do seu povo marcada na sua recente hist\u00f3ria, a aplica\u00e7\u00e3o de padr\u00f5es de direitos humanos em Timor-Leste representa mais que uma obriga\u00e7\u00e3o legal; representa o caminho natural do desenvolvimento no independente Timor-Leste. Por\u00e9m este caminho torna-se mais dif\u00edcil de prosseguir quando n\u00e3o se possui o acesso aos instrumentos necess\u00e1rios para trazer esta realidade. Esta ferramenta possui como objectivo primordial fortalecer o acesso aos documentos relacionados Read more [...]\" \/>\n<meta property=\"og:url\" content=\"https:\/\/www.pdhj.tl\/pt-pt\/media-e-biblioteca-de-publicacoes\/lei-internacional-dos-direitos-humanos\/\" \/>\n<meta property=\"og:site_name\" content=\"PDHJ\" \/>\n<meta property=\"article:publisher\" content=\"https:\/\/www.facebook.com\/PDHJTimorLeste\" \/>\n<meta property=\"og:image\" content=\"http:\/\/pdhj.tl\/wp-content\/uploads\/2014\/05\/lodge1-300x173.jpg\" \/>\n<meta name=\"twitter:card\" content=\"summary_large_image\" \/>\n<meta name=\"twitter:site\" content=\"@PDHJTimorLeste\" \/>\n<meta name=\"twitter:label1\" content=\"Tempo estimado de leitura\" \/>\n\t<meta name=\"twitter:data1\" content=\"1 minuto\" \/>\n<script type=\"application\/ld+json\" class=\"yoast-schema-graph\">{\"@context\":\"https:\/\/schema.org\",\"@graph\":[{\"@type\":\"WebPage\",\"@id\":\"https:\/\/www.pdhj.tl\/pt-pt\/media-e-biblioteca-de-publicacoes\/lei-internacional-dos-direitos-humanos\/\",\"url\":\"https:\/\/www.pdhj.tl\/pt-pt\/media-e-biblioteca-de-publicacoes\/lei-internacional-dos-direitos-humanos\/\",\"name\":\"Lei Internacional Dos Direitos Humanos - PDHJ\",\"isPartOf\":{\"@id\":\"https:\/\/www.pdhj.tl\/#website\"},\"primaryImageOfPage\":{\"@id\":\"https:\/\/www.pdhj.tl\/pt-pt\/media-e-biblioteca-de-publicacoes\/lei-internacional-dos-direitos-humanos\/#primaryimage\"},\"image\":{\"@id\":\"https:\/\/www.pdhj.tl\/pt-pt\/media-e-biblioteca-de-publicacoes\/lei-internacional-dos-direitos-humanos\/#primaryimage\"},\"thumbnailUrl\":\"http:\/\/pdhj.tl\/wp-content\/uploads\/2014\/05\/lodge1-300x173.jpg\",\"datePublished\":\"2014-06-16T05:48:13+00:00\",\"breadcrumb\":{\"@id\":\"https:\/\/www.pdhj.tl\/pt-pt\/media-e-biblioteca-de-publicacoes\/lei-internacional-dos-direitos-humanos\/#breadcrumb\"},\"inLanguage\":\"pt-PT\",\"potentialAction\":[{\"@type\":\"ReadAction\",\"target\":[\"https:\/\/www.pdhj.tl\/pt-pt\/media-e-biblioteca-de-publicacoes\/lei-internacional-dos-direitos-humanos\/\"]}]},{\"@type\":\"ImageObject\",\"inLanguage\":\"pt-PT\",\"@id\":\"https:\/\/www.pdhj.tl\/pt-pt\/media-e-biblioteca-de-publicacoes\/lei-internacional-dos-direitos-humanos\/#primaryimage\",\"url\":\"http:\/\/pdhj.tl\/wp-content\/uploads\/2014\/05\/lodge1-300x173.jpg\",\"contentUrl\":\"http:\/\/pdhj.tl\/wp-content\/uploads\/2014\/05\/lodge1-300x173.jpg\"},{\"@type\":\"BreadcrumbList\",\"@id\":\"https:\/\/www.pdhj.tl\/pt-pt\/media-e-biblioteca-de-publicacoes\/lei-internacional-dos-direitos-humanos\/#breadcrumb\",\"itemListElement\":[{\"@type\":\"ListItem\",\"position\":1,\"name\":\"Home\",\"item\":\"https:\/\/www.pdhj.tl\/pt-pt\/home\/\"},{\"@type\":\"ListItem\",\"position\":2,\"name\":\"Media e biblioteca de publica\u00e7\u00f5es\",\"item\":\"https:\/\/www.pdhj.tl\/pt-pt\/media-e-biblioteca-de-publicacoes\/\"},{\"@type\":\"ListItem\",\"position\":3,\"name\":\"Lei Internacional Dos Direitos Humanos\"}]},{\"@type\":\"WebSite\",\"@id\":\"https:\/\/www.pdhj.tl\/#website\",\"url\":\"https:\/\/www.pdhj.tl\/\",\"name\":\"PDHJ Timor-Leste\",\"description\":\"Provedoria dos Direitos Humanos e Justi\u00e7a\",\"publisher\":{\"@id\":\"https:\/\/www.pdhj.tl\/#organization\"},\"potentialAction\":[{\"@type\":\"SearchAction\",\"target\":{\"@type\":\"EntryPoint\",\"urlTemplate\":\"https:\/\/www.pdhj.tl\/?s={search_term_string}\"},\"query-input\":{\"@type\":\"PropertyValueSpecification\",\"valueRequired\":true,\"valueName\":\"search_term_string\"}}],\"inLanguage\":\"pt-PT\"},{\"@type\":\"Organization\",\"@id\":\"https:\/\/www.pdhj.tl\/#organization\",\"name\":\"PDHJ Timor-Leste\",\"url\":\"https:\/\/www.pdhj.tl\/\",\"logo\":{\"@type\":\"ImageObject\",\"inLanguage\":\"pt-PT\",\"@id\":\"https:\/\/www.pdhj.tl\/#\/schema\/logo\/image\/\",\"url\":\"https:\/\/www.pdhj.tl\/wp-content\/uploads\/2013\/11\/tplogo.png\",\"contentUrl\":\"https:\/\/www.pdhj.tl\/wp-content\/uploads\/2013\/11\/tplogo.png\",\"width\":280,\"height\":280,\"caption\":\"PDHJ Timor-Leste\"},\"image\":{\"@id\":\"https:\/\/www.pdhj.tl\/#\/schema\/logo\/image\/\"},\"sameAs\":[\"https:\/\/www.facebook.com\/PDHJTimorLeste\",\"https:\/\/x.com\/PDHJTimorLeste\",\"https:\/\/www.tiktok.com\/pdhj.tl\",\"https:\/\/www.instagram.com\/pdhj.tl\/\",\"https:\/\/www.linkedin.com\/company\/pdhj-tls\/\"]}]}<\/script>\n<!-- \/ Yoast SEO plugin. -->","yoast_head_json":{"title":"Lei Internacional Dos Direitos Humanos - PDHJ","robots":{"index":"index","follow":"follow","max-snippet":"max-snippet:-1","max-image-preview":"max-image-preview:large","max-video-preview":"max-video-preview:-1"},"canonical":"https:\/\/www.pdhj.tl\/pt-pt\/media-e-biblioteca-de-publicacoes\/lei-internacional-dos-direitos-humanos\/","og_locale":"pt_PT","og_type":"article","og_title":"Lei Internacional Dos Direitos Humanos - PDHJ","og_description":"Com a luta pelos direitos humanos do seu povo marcada na sua recente hist\u00f3ria, a aplica\u00e7\u00e3o de padr\u00f5es de direitos humanos em Timor-Leste representa mais que uma obriga\u00e7\u00e3o legal; representa o caminho natural do desenvolvimento no independente Timor-Leste. Por\u00e9m este caminho torna-se mais dif\u00edcil de prosseguir quando n\u00e3o se possui o acesso aos instrumentos necess\u00e1rios para trazer esta realidade. Esta ferramenta possui como objectivo primordial fortalecer o acesso aos documentos relacionados Read more [...]","og_url":"https:\/\/www.pdhj.tl\/pt-pt\/media-e-biblioteca-de-publicacoes\/lei-internacional-dos-direitos-humanos\/","og_site_name":"PDHJ","article_publisher":"https:\/\/www.facebook.com\/PDHJTimorLeste","og_image":[{"url":"http:\/\/pdhj.tl\/wp-content\/uploads\/2014\/05\/lodge1-300x173.jpg","type":"","width":"","height":""}],"twitter_card":"summary_large_image","twitter_site":"@PDHJTimorLeste","twitter_misc":{"Tempo estimado de leitura":"1 minuto"},"schema":{"@context":"https:\/\/schema.org","@graph":[{"@type":"WebPage","@id":"https:\/\/www.pdhj.tl\/pt-pt\/media-e-biblioteca-de-publicacoes\/lei-internacional-dos-direitos-humanos\/","url":"https:\/\/www.pdhj.tl\/pt-pt\/media-e-biblioteca-de-publicacoes\/lei-internacional-dos-direitos-humanos\/","name":"Lei Internacional Dos Direitos Humanos - PDHJ","isPartOf":{"@id":"https:\/\/www.pdhj.tl\/#website"},"primaryImageOfPage":{"@id":"https:\/\/www.pdhj.tl\/pt-pt\/media-e-biblioteca-de-publicacoes\/lei-internacional-dos-direitos-humanos\/#primaryimage"},"image":{"@id":"https:\/\/www.pdhj.tl\/pt-pt\/media-e-biblioteca-de-publicacoes\/lei-internacional-dos-direitos-humanos\/#primaryimage"},"thumbnailUrl":"http:\/\/pdhj.tl\/wp-content\/uploads\/2014\/05\/lodge1-300x173.jpg","datePublished":"2014-06-16T05:48:13+00:00","breadcrumb":{"@id":"https:\/\/www.pdhj.tl\/pt-pt\/media-e-biblioteca-de-publicacoes\/lei-internacional-dos-direitos-humanos\/#breadcrumb"},"inLanguage":"pt-PT","potentialAction":[{"@type":"ReadAction","target":["https:\/\/www.pdhj.tl\/pt-pt\/media-e-biblioteca-de-publicacoes\/lei-internacional-dos-direitos-humanos\/"]}]},{"@type":"ImageObject","inLanguage":"pt-PT","@id":"https:\/\/www.pdhj.tl\/pt-pt\/media-e-biblioteca-de-publicacoes\/lei-internacional-dos-direitos-humanos\/#primaryimage","url":"http:\/\/pdhj.tl\/wp-content\/uploads\/2014\/05\/lodge1-300x173.jpg","contentUrl":"http:\/\/pdhj.tl\/wp-content\/uploads\/2014\/05\/lodge1-300x173.jpg"},{"@type":"BreadcrumbList","@id":"https:\/\/www.pdhj.tl\/pt-pt\/media-e-biblioteca-de-publicacoes\/lei-internacional-dos-direitos-humanos\/#breadcrumb","itemListElement":[{"@type":"ListItem","position":1,"name":"Home","item":"https:\/\/www.pdhj.tl\/pt-pt\/home\/"},{"@type":"ListItem","position":2,"name":"Media e biblioteca de publica\u00e7\u00f5es","item":"https:\/\/www.pdhj.tl\/pt-pt\/media-e-biblioteca-de-publicacoes\/"},{"@type":"ListItem","position":3,"name":"Lei Internacional Dos Direitos Humanos"}]},{"@type":"WebSite","@id":"https:\/\/www.pdhj.tl\/#website","url":"https:\/\/www.pdhj.tl\/","name":"PDHJ Timor-Leste","description":"Provedoria dos Direitos Humanos e Justi\u00e7a","publisher":{"@id":"https:\/\/www.pdhj.tl\/#organization"},"potentialAction":[{"@type":"SearchAction","target":{"@type":"EntryPoint","urlTemplate":"https:\/\/www.pdhj.tl\/?s={search_term_string}"},"query-input":{"@type":"PropertyValueSpecification","valueRequired":true,"valueName":"search_term_string"}}],"inLanguage":"pt-PT"},{"@type":"Organization","@id":"https:\/\/www.pdhj.tl\/#organization","name":"PDHJ Timor-Leste","url":"https:\/\/www.pdhj.tl\/","logo":{"@type":"ImageObject","inLanguage":"pt-PT","@id":"https:\/\/www.pdhj.tl\/#\/schema\/logo\/image\/","url":"https:\/\/www.pdhj.tl\/wp-content\/uploads\/2013\/11\/tplogo.png","contentUrl":"https:\/\/www.pdhj.tl\/wp-content\/uploads\/2013\/11\/tplogo.png","width":280,"height":280,"caption":"PDHJ Timor-Leste"},"image":{"@id":"https:\/\/www.pdhj.tl\/#\/schema\/logo\/image\/"},"sameAs":["https:\/\/www.facebook.com\/PDHJTimorLeste","https:\/\/x.com\/PDHJTimorLeste","https:\/\/www.tiktok.com\/pdhj.tl","https:\/\/www.instagram.com\/pdhj.tl\/","https:\/\/www.linkedin.com\/company\/pdhj-tls\/"]}]}},"_links":{"self":[{"href":"https:\/\/www.pdhj.tl\/pt-pt\/wp-json\/wp\/v2\/pages\/2895\/"}],"collection":[{"href":"https:\/\/www.pdhj.tl\/pt-pt\/wp-json\/wp\/v2\/pages\/"}],"about":[{"href":"https:\/\/www.pdhj.tl\/pt-pt\/wp-json\/wp\/v2\/types\/page\/"}],"author":[{"embeddable":true,"href":"https:\/\/www.pdhj.tl\/pt-pt\/wp-json\/wp\/v2\/users\/1\/"}],"replies":[{"embeddable":true,"href":"https:\/\/www.pdhj.tl\/pt-pt\/wp-json\/wp\/v2\/comments\/?post=2895"}],"version-history":[{"count":0,"href":"https:\/\/www.pdhj.tl\/pt-pt\/wp-json\/wp\/v2\/pages\/2895\/revisions\/"}],"up":[{"embeddable":true,"href":"https:\/\/www.pdhj.tl\/pt-pt\/wp-json\/wp\/v2\/pages\/2888\/"}],"wp:attachment":[{"href":"https:\/\/www.pdhj.tl\/pt-pt\/wp-json\/wp\/v2\/media\/?parent=2895"}],"curies":[{"name":"wp","href":"https:\/\/api.w.org\/{rel}","templated":true}]}}