{"id":2893,"date":"2014-06-16T05:44:08","date_gmt":"2014-06-16T05:44:08","guid":{"rendered":"http:\/\/pdhj.tl\/?page_id=2893"},"modified":"2014-11-21T07:22:45","modified_gmt":"2014-11-21T07:22:45","slug":"relatorios-anuais-e-orcamentais","status":"publish","type":"page","link":"https:\/\/www.pdhj.tl\/pt-pt\/media-e-biblioteca-de-publicacoes\/relatorios-anuais-e-orcamentais\/","title":{"rendered":"Relat\u00f3rios anuais e or\u00e7amentais"},"content":{"rendered":"<p>A PDHJ publica anualmente o seu relat\u00f3riu anual e o or\u00e7amento operacional em conformidade com o seu compromisso de transpar\u00eancia e responsabilidade previstas nas leis de Timor-Leste.<\/p>\n<p>Os mencionados relat\u00f3rios s\u00e3o publicados em Tetum, Portugu\u00eas e Ingl\u00eas.<\/p>\n<p>&nbsp;<\/p>\n<p>[mdocs cat=&#8221;Annual Reports&#8221;]<\/p>\n<p>&nbsp;<\/p>\n<p>[mdocs cat=&#8221;Budgets&#8221;]<\/p>\n","protected":false},"excerpt":{"rendered":"<p>A PDHJ publica anualmente o seu relat\u00f3riu anual e o or\u00e7amento operacional em conformidade com o seu compromisso de transpar\u00eancia e responsabilidade previstas nas leis de Timor-Leste. Os mencionados relat\u00f3rios s\u00e3o publicados em Tetum, Portugu\u00eas e Ingl\u00eas. &nbsp; [mdocs cat=&#8221;Annual Reports&#8221;] &nbsp; [mdocs cat=&#8221;Budgets&#8221;]<\/p>\n","protected":false},"author":1,"featured_media":0,"parent":2888,"menu_order":0,"comment_status":"closed","ping_status":"closed","template":"","meta":{"footnotes":""},"class_list":["post-2893","page","type-page","status-publish"],"yoast_head":"<!-- This site is optimized with the Yoast SEO plugin v26.9 - https:\/\/yoast.com\/product\/yoast-seo-wordpress\/ -->\n<title>Relat\u00f3rios anuais e or\u00e7amentais - PDHJ<\/title>\n<meta name=\"robots\" content=\"index, follow, max-snippet:-1, max-image-preview:large, max-video-preview:-1\" \/>\n<link rel=\"canonical\" href=\"https:\/\/www.pdhj.tl\/pt-pt\/media-e-biblioteca-de-publicacoes\/relatorios-anuais-e-orcamentais\/\" \/>\n<meta property=\"og:locale\" content=\"pt_PT\" \/>\n<meta property=\"og:type\" content=\"article\" \/>\n<meta property=\"og:title\" content=\"Relat\u00f3rios anuais e or\u00e7amentais - PDHJ\" \/>\n<meta property=\"og:description\" content=\"A PDHJ publica anualmente o seu relat\u00f3riu anual e o or\u00e7amento operacional em conformidade com o seu compromisso de transpar\u00eancia e responsabilidade previstas nas leis de Timor-Leste. Os mencionados relat\u00f3rios s\u00e3o publicados em Tetum, Portugu\u00eas e Ingl\u00eas. &nbsp; [mdocs cat=&#8221;Annual Reports&#8221;] &nbsp; [mdocs cat=&#8221;Budgets&#8221;]\" \/>\n<meta property=\"og:url\" content=\"https:\/\/www.pdhj.tl\/pt-pt\/media-e-biblioteca-de-publicacoes\/relatorios-anuais-e-orcamentais\/\" \/>\n<meta property=\"og:site_name\" content=\"PDHJ\" \/>\n<meta property=\"article:publisher\" content=\"https:\/\/www.facebook.com\/PDHJTimorLeste\" \/>\n<meta property=\"article:modified_time\" content=\"2014-11-21T07:22:45+00:00\" \/>\n<meta name=\"twitter:card\" content=\"summary_large_image\" \/>\n<meta name=\"twitter:site\" content=\"@PDHJTimorLeste\" \/>\n<script type=\"application\/ld+json\" class=\"yoast-schema-graph\">{\"@context\":\"https:\/\/schema.org\",\"@graph\":[{\"@type\":\"WebPage\",\"@id\":\"https:\/\/www.pdhj.tl\/pt-pt\/media-e-biblioteca-de-publicacoes\/relatorios-anuais-e-orcamentais\/\",\"url\":\"https:\/\/www.pdhj.tl\/pt-pt\/media-e-biblioteca-de-publicacoes\/relatorios-anuais-e-orcamentais\/\",\"name\":\"Relat\u00f3rios anuais e or\u00e7amentais - PDHJ\",\"isPartOf\":{\"@id\":\"https:\/\/www.pdhj.tl\/#website\"},\"datePublished\":\"2014-06-16T05:44:08+00:00\",\"dateModified\":\"2014-11-21T07:22:45+00:00\",\"breadcrumb\":{\"@id\":\"https:\/\/www.pdhj.tl\/pt-pt\/media-e-biblioteca-de-publicacoes\/relatorios-anuais-e-orcamentais\/#breadcrumb\"},\"inLanguage\":\"pt-PT\",\"potentialAction\":[{\"@type\":\"ReadAction\",\"target\":[\"https:\/\/www.pdhj.tl\/pt-pt\/media-e-biblioteca-de-publicacoes\/relatorios-anuais-e-orcamentais\/\"]}]},{\"@type\":\"BreadcrumbList\",\"@id\":\"https:\/\/www.pdhj.tl\/pt-pt\/media-e-biblioteca-de-publicacoes\/relatorios-anuais-e-orcamentais\/#breadcrumb\",\"itemListElement\":[{\"@type\":\"ListItem\",\"position\":1,\"name\":\"Home\",\"item\":\"https:\/\/www.pdhj.tl\/pt-pt\/home\/\"},{\"@type\":\"ListItem\",\"position\":2,\"name\":\"Media e biblioteca de publica\u00e7\u00f5es\",\"item\":\"https:\/\/www.pdhj.tl\/pt-pt\/media-e-biblioteca-de-publicacoes\/\"},{\"@type\":\"ListItem\",\"position\":3,\"name\":\"Relat\u00f3rios anuais e or\u00e7amentais\"}]},{\"@type\":\"WebSite\",\"@id\":\"https:\/\/www.pdhj.tl\/#website\",\"url\":\"https:\/\/www.pdhj.tl\/\",\"name\":\"PDHJ Timor-Leste\",\"description\":\"Provedoria dos Direitos Humanos e Justi\u00e7a\",\"publisher\":{\"@id\":\"https:\/\/www.pdhj.tl\/#organization\"},\"potentialAction\":[{\"@type\":\"SearchAction\",\"target\":{\"@type\":\"EntryPoint\",\"urlTemplate\":\"https:\/\/www.pdhj.tl\/?s={search_term_string}\"},\"query-input\":{\"@type\":\"PropertyValueSpecification\",\"valueRequired\":true,\"valueName\":\"search_term_string\"}}],\"inLanguage\":\"pt-PT\"},{\"@type\":\"Organization\",\"@id\":\"https:\/\/www.pdhj.tl\/#organization\",\"name\":\"PDHJ Timor-Leste\",\"url\":\"https:\/\/www.pdhj.tl\/\",\"logo\":{\"@type\":\"ImageObject\",\"inLanguage\":\"pt-PT\",\"@id\":\"https:\/\/www.pdhj.tl\/#\/schema\/logo\/image\/\",\"url\":\"https:\/\/www.pdhj.tl\/wp-content\/uploads\/2013\/11\/tplogo.png\",\"contentUrl\":\"https:\/\/www.pdhj.tl\/wp-content\/uploads\/2013\/11\/tplogo.png\",\"width\":280,\"height\":280,\"caption\":\"PDHJ Timor-Leste\"},\"image\":{\"@id\":\"https:\/\/www.pdhj.tl\/#\/schema\/logo\/image\/\"},\"sameAs\":[\"https:\/\/www.facebook.com\/PDHJTimorLeste\",\"https:\/\/x.com\/PDHJTimorLeste\",\"https:\/\/www.tiktok.com\/pdhj.tl\",\"https:\/\/www.instagram.com\/pdhj.tl\/\",\"https:\/\/www.linkedin.com\/company\/pdhj-tls\/\"]}]}<\/script>\n<!-- \/ Yoast SEO plugin. -->","yoast_head_json":{"title":"Relat\u00f3rios anuais e or\u00e7amentais - PDHJ","robots":{"index":"index","follow":"follow","max-snippet":"max-snippet:-1","max-image-preview":"max-image-preview:large","max-video-preview":"max-video-preview:-1"},"canonical":"https:\/\/www.pdhj.tl\/pt-pt\/media-e-biblioteca-de-publicacoes\/relatorios-anuais-e-orcamentais\/","og_locale":"pt_PT","og_type":"article","og_title":"Relat\u00f3rios anuais e or\u00e7amentais - PDHJ","og_description":"A PDHJ publica anualmente o seu relat\u00f3riu anual e o or\u00e7amento operacional em conformidade com o seu compromisso de transpar\u00eancia e responsabilidade previstas nas leis de Timor-Leste. Os mencionados relat\u00f3rios s\u00e3o publicados em Tetum, Portugu\u00eas e Ingl\u00eas. &nbsp; [mdocs cat=&#8221;Annual Reports&#8221;] &nbsp; [mdocs cat=&#8221;Budgets&#8221;]","og_url":"https:\/\/www.pdhj.tl\/pt-pt\/media-e-biblioteca-de-publicacoes\/relatorios-anuais-e-orcamentais\/","og_site_name":"PDHJ","article_publisher":"https:\/\/www.facebook.com\/PDHJTimorLeste","article_modified_time":"2014-11-21T07:22:45+00:00","twitter_card":"summary_large_image","twitter_site":"@PDHJTimorLeste","schema":{"@context":"https:\/\/schema.org","@graph":[{"@type":"WebPage","@id":"https:\/\/www.pdhj.tl\/pt-pt\/media-e-biblioteca-de-publicacoes\/relatorios-anuais-e-orcamentais\/","url":"https:\/\/www.pdhj.tl\/pt-pt\/media-e-biblioteca-de-publicacoes\/relatorios-anuais-e-orcamentais\/","name":"Relat\u00f3rios anuais e or\u00e7amentais - PDHJ","isPartOf":{"@id":"https:\/\/www.pdhj.tl\/#website"},"datePublished":"2014-06-16T05:44:08+00:00","dateModified":"2014-11-21T07:22:45+00:00","breadcrumb":{"@id":"https:\/\/www.pdhj.tl\/pt-pt\/media-e-biblioteca-de-publicacoes\/relatorios-anuais-e-orcamentais\/#breadcrumb"},"inLanguage":"pt-PT","potentialAction":[{"@type":"ReadAction","target":["https:\/\/www.pdhj.tl\/pt-pt\/media-e-biblioteca-de-publicacoes\/relatorios-anuais-e-orcamentais\/"]}]},{"@type":"BreadcrumbList","@id":"https:\/\/www.pdhj.tl\/pt-pt\/media-e-biblioteca-de-publicacoes\/relatorios-anuais-e-orcamentais\/#breadcrumb","itemListElement":[{"@type":"ListItem","position":1,"name":"Home","item":"https:\/\/www.pdhj.tl\/pt-pt\/home\/"},{"@type":"ListItem","position":2,"name":"Media e biblioteca de publica\u00e7\u00f5es","item":"https:\/\/www.pdhj.tl\/pt-pt\/media-e-biblioteca-de-publicacoes\/"},{"@type":"ListItem","position":3,"name":"Relat\u00f3rios anuais e or\u00e7amentais"}]},{"@type":"WebSite","@id":"https:\/\/www.pdhj.tl\/#website","url":"https:\/\/www.pdhj.tl\/","name":"PDHJ Timor-Leste","description":"Provedoria dos Direitos Humanos e Justi\u00e7a","publisher":{"@id":"https:\/\/www.pdhj.tl\/#organization"},"potentialAction":[{"@type":"SearchAction","target":{"@type":"EntryPoint","urlTemplate":"https:\/\/www.pdhj.tl\/?s={search_term_string}"},"query-input":{"@type":"PropertyValueSpecification","valueRequired":true,"valueName":"search_term_string"}}],"inLanguage":"pt-PT"},{"@type":"Organization","@id":"https:\/\/www.pdhj.tl\/#organization","name":"PDHJ Timor-Leste","url":"https:\/\/www.pdhj.tl\/","logo":{"@type":"ImageObject","inLanguage":"pt-PT","@id":"https:\/\/www.pdhj.tl\/#\/schema\/logo\/image\/","url":"https:\/\/www.pdhj.tl\/wp-content\/uploads\/2013\/11\/tplogo.png","contentUrl":"https:\/\/www.pdhj.tl\/wp-content\/uploads\/2013\/11\/tplogo.png","width":280,"height":280,"caption":"PDHJ Timor-Leste"},"image":{"@id":"https:\/\/www.pdhj.tl\/#\/schema\/logo\/image\/"},"sameAs":["https:\/\/www.facebook.com\/PDHJTimorLeste","https:\/\/x.com\/PDHJTimorLeste","https:\/\/www.tiktok.com\/pdhj.tl","https:\/\/www.instagram.com\/pdhj.tl\/","https:\/\/www.linkedin.com\/company\/pdhj-tls\/"]}]}},"_links":{"self":[{"href":"https:\/\/www.pdhj.tl\/pt-pt\/wp-json\/wp\/v2\/pages\/2893\/"}],"collection":[{"href":"https:\/\/www.pdhj.tl\/pt-pt\/wp-json\/wp\/v2\/pages\/"}],"about":[{"href":"https:\/\/www.pdhj.tl\/pt-pt\/wp-json\/wp\/v2\/types\/page\/"}],"author":[{"embeddable":true,"href":"https:\/\/www.pdhj.tl\/pt-pt\/wp-json\/wp\/v2\/users\/1\/"}],"replies":[{"embeddable":true,"href":"https:\/\/www.pdhj.tl\/pt-pt\/wp-json\/wp\/v2\/comments\/?post=2893"}],"version-history":[{"count":0,"href":"https:\/\/www.pdhj.tl\/pt-pt\/wp-json\/wp\/v2\/pages\/2893\/revisions\/"}],"up":[{"embeddable":true,"href":"https:\/\/www.pdhj.tl\/pt-pt\/wp-json\/wp\/v2\/pages\/2888\/"}],"wp:attachment":[{"href":"https:\/\/www.pdhj.tl\/pt-pt\/wp-json\/wp\/v2\/media\/?parent=2893"}],"curies":[{"name":"wp","href":"https:\/\/api.w.org\/{rel}","templated":true}]}}