{"id":2886,"date":"2014-06-16T05:39:34","date_gmt":"2014-06-16T05:39:34","guid":{"rendered":"http:\/\/pdhj.tl\/?page_id=2886"},"modified":"2014-06-16T05:39:34","modified_gmt":"2014-06-16T05:39:34","slug":"educacao-e-formacao-treino","status":"publish","type":"page","link":"https:\/\/www.pdhj.tl\/pt-pt\/educacao-e-formacao-treino\/","title":{"rendered":"Educa\u00e7\u00e3o e forma\u00e7\u00e3o (treino)"},"content":{"rendered":"Al\u00e9m de prevenir viola\u00e7\u00f5es e providenciar respostas \u00e0s queixas, a Provedoria d\u00e1 maior \u00eanfase ao papel de educa\u00e7\u00e3o e forma\u00e7\u00e3o em melhorar os padr\u00f5es de governa\u00e7\u00e3o e em encorajar um ambiente positivo onde o estado de direitu e a boa governa\u00e7\u00e3o sejam bem compreendidas e respeitadas por todos os membros da comunidade Timorense.\r\n\r\nOs programas de educa\u00e7\u00e3o e forma\u00e7\u00e3o visa tanto os grupos vulneraveis que necessitam de conhecimento sobre os seus direitos e os processos de queixas tamb\u00eam <a href=\"https:\/\/www.pdhj.tl\/pt-pt\/educacao-e-formacao-treino\/\" class=\"more-link\">Read more [...]<\/a>","protected":false},"excerpt":{"rendered":"<p>Al\u00e9m de prevenir viola\u00e7\u00f5es e providenciar respostas \u00e0s queixas, a Provedoria d\u00e1 maior \u00eanfase ao papel de educa\u00e7\u00e3o e forma\u00e7\u00e3o em melhorar os padr\u00f5es de governa\u00e7\u00e3o e em encorajar um ambiente positivo onde o estado de direitu e a boa governa\u00e7\u00e3o sejam bem compreendidas e respeitadas por todos os membros da comunidade Timorense. Os programas de educa\u00e7\u00e3o e forma\u00e7\u00e3o visa tanto os grupos vulneraveis que necessitam de conhecimento sobre os seus direitos e os processos de queixas tamb\u00eam Read more [&#8230;]<\/p>\n","protected":false},"author":1,"featured_media":0,"parent":0,"menu_order":0,"comment_status":"open","ping_status":"open","template":"template-pagewithsidebar.php","meta":{"footnotes":""},"class_list":["post-2886","page","type-page","status-publish"],"yoast_head":"<!-- This site is optimized with the Yoast SEO plugin v26.9 - https:\/\/yoast.com\/product\/yoast-seo-wordpress\/ -->\n<title>Educa\u00e7\u00e3o e forma\u00e7\u00e3o (treino) - PDHJ<\/title>\n<meta name=\"robots\" content=\"index, follow, max-snippet:-1, max-image-preview:large, max-video-preview:-1\" \/>\n<link rel=\"canonical\" href=\"https:\/\/www.pdhj.tl\/pt-pt\/educacao-e-formacao-treino\/\" \/>\n<meta property=\"og:locale\" content=\"pt_PT\" \/>\n<meta property=\"og:type\" content=\"article\" \/>\n<meta property=\"og:title\" content=\"Educa\u00e7\u00e3o e forma\u00e7\u00e3o (treino) - PDHJ\" \/>\n<meta property=\"og:description\" content=\"Al\u00e9m de prevenir viola\u00e7\u00f5es e providenciar respostas \u00e0s queixas, a Provedoria d\u00e1 maior \u00eanfase ao papel de educa\u00e7\u00e3o e forma\u00e7\u00e3o em melhorar os padr\u00f5es de governa\u00e7\u00e3o e em encorajar um ambiente positivo onde o estado de direitu e a boa governa\u00e7\u00e3o sejam bem compreendidas e respeitadas por todos os membros da comunidade Timorense. Os programas de educa\u00e7\u00e3o e forma\u00e7\u00e3o visa tanto os grupos vulneraveis que necessitam de conhecimento sobre os seus direitos e os processos de queixas tamb\u00eam Read more [...]\" \/>\n<meta property=\"og:url\" content=\"https:\/\/www.pdhj.tl\/pt-pt\/educacao-e-formacao-treino\/\" \/>\n<meta property=\"og:site_name\" content=\"PDHJ\" \/>\n<meta property=\"article:publisher\" content=\"https:\/\/www.facebook.com\/PDHJTimorLeste\" \/>\n<meta name=\"twitter:card\" content=\"summary_large_image\" \/>\n<meta name=\"twitter:site\" content=\"@PDHJTimorLeste\" \/>\n<meta name=\"twitter:label1\" content=\"Tempo estimado de leitura\" \/>\n\t<meta name=\"twitter:data1\" content=\"3 minutos\" \/>\n<script type=\"application\/ld+json\" class=\"yoast-schema-graph\">{\"@context\":\"https:\/\/schema.org\",\"@graph\":[{\"@type\":\"WebPage\",\"@id\":\"https:\/\/www.pdhj.tl\/pt-pt\/educacao-e-formacao-treino\/\",\"url\":\"https:\/\/www.pdhj.tl\/pt-pt\/educacao-e-formacao-treino\/\",\"name\":\"Educa\u00e7\u00e3o e forma\u00e7\u00e3o (treino) - PDHJ\",\"isPartOf\":{\"@id\":\"https:\/\/www.pdhj.tl\/#website\"},\"datePublished\":\"2014-06-16T05:39:34+00:00\",\"breadcrumb\":{\"@id\":\"https:\/\/www.pdhj.tl\/pt-pt\/educacao-e-formacao-treino\/#breadcrumb\"},\"inLanguage\":\"pt-PT\",\"potentialAction\":[{\"@type\":\"ReadAction\",\"target\":[\"https:\/\/www.pdhj.tl\/pt-pt\/educacao-e-formacao-treino\/\"]}]},{\"@type\":\"BreadcrumbList\",\"@id\":\"https:\/\/www.pdhj.tl\/pt-pt\/educacao-e-formacao-treino\/#breadcrumb\",\"itemListElement\":[{\"@type\":\"ListItem\",\"position\":1,\"name\":\"Home\",\"item\":\"https:\/\/www.pdhj.tl\/pt-pt\/home\/\"},{\"@type\":\"ListItem\",\"position\":2,\"name\":\"Educa\u00e7\u00e3o e forma\u00e7\u00e3o (treino)\"}]},{\"@type\":\"WebSite\",\"@id\":\"https:\/\/www.pdhj.tl\/#website\",\"url\":\"https:\/\/www.pdhj.tl\/\",\"name\":\"PDHJ Timor-Leste\",\"description\":\"Provedoria dos Direitos Humanos e Justi\u00e7a\",\"publisher\":{\"@id\":\"https:\/\/www.pdhj.tl\/#organization\"},\"potentialAction\":[{\"@type\":\"SearchAction\",\"target\":{\"@type\":\"EntryPoint\",\"urlTemplate\":\"https:\/\/www.pdhj.tl\/?s={search_term_string}\"},\"query-input\":{\"@type\":\"PropertyValueSpecification\",\"valueRequired\":true,\"valueName\":\"search_term_string\"}}],\"inLanguage\":\"pt-PT\"},{\"@type\":\"Organization\",\"@id\":\"https:\/\/www.pdhj.tl\/#organization\",\"name\":\"PDHJ Timor-Leste\",\"url\":\"https:\/\/www.pdhj.tl\/\",\"logo\":{\"@type\":\"ImageObject\",\"inLanguage\":\"pt-PT\",\"@id\":\"https:\/\/www.pdhj.tl\/#\/schema\/logo\/image\/\",\"url\":\"https:\/\/www.pdhj.tl\/wp-content\/uploads\/2013\/11\/tplogo.png\",\"contentUrl\":\"https:\/\/www.pdhj.tl\/wp-content\/uploads\/2013\/11\/tplogo.png\",\"width\":280,\"height\":280,\"caption\":\"PDHJ Timor-Leste\"},\"image\":{\"@id\":\"https:\/\/www.pdhj.tl\/#\/schema\/logo\/image\/\"},\"sameAs\":[\"https:\/\/www.facebook.com\/PDHJTimorLeste\",\"https:\/\/x.com\/PDHJTimorLeste\",\"https:\/\/www.tiktok.com\/pdhj.tl\",\"https:\/\/www.instagram.com\/pdhj.tl\/\",\"https:\/\/www.linkedin.com\/company\/pdhj-tls\/\"]}]}<\/script>\n<!-- \/ Yoast SEO plugin. -->","yoast_head_json":{"title":"Educa\u00e7\u00e3o e forma\u00e7\u00e3o (treino) - PDHJ","robots":{"index":"index","follow":"follow","max-snippet":"max-snippet:-1","max-image-preview":"max-image-preview:large","max-video-preview":"max-video-preview:-1"},"canonical":"https:\/\/www.pdhj.tl\/pt-pt\/educacao-e-formacao-treino\/","og_locale":"pt_PT","og_type":"article","og_title":"Educa\u00e7\u00e3o e forma\u00e7\u00e3o (treino) - PDHJ","og_description":"Al\u00e9m de prevenir viola\u00e7\u00f5es e providenciar respostas \u00e0s queixas, a Provedoria d\u00e1 maior \u00eanfase ao papel de educa\u00e7\u00e3o e forma\u00e7\u00e3o em melhorar os padr\u00f5es de governa\u00e7\u00e3o e em encorajar um ambiente positivo onde o estado de direitu e a boa governa\u00e7\u00e3o sejam bem compreendidas e respeitadas por todos os membros da comunidade Timorense. Os programas de educa\u00e7\u00e3o e forma\u00e7\u00e3o visa tanto os grupos vulneraveis que necessitam de conhecimento sobre os seus direitos e os processos de queixas tamb\u00eam Read more [...]","og_url":"https:\/\/www.pdhj.tl\/pt-pt\/educacao-e-formacao-treino\/","og_site_name":"PDHJ","article_publisher":"https:\/\/www.facebook.com\/PDHJTimorLeste","twitter_card":"summary_large_image","twitter_site":"@PDHJTimorLeste","twitter_misc":{"Tempo estimado de leitura":"3 minutos"},"schema":{"@context":"https:\/\/schema.org","@graph":[{"@type":"WebPage","@id":"https:\/\/www.pdhj.tl\/pt-pt\/educacao-e-formacao-treino\/","url":"https:\/\/www.pdhj.tl\/pt-pt\/educacao-e-formacao-treino\/","name":"Educa\u00e7\u00e3o e forma\u00e7\u00e3o (treino) - PDHJ","isPartOf":{"@id":"https:\/\/www.pdhj.tl\/#website"},"datePublished":"2014-06-16T05:39:34+00:00","breadcrumb":{"@id":"https:\/\/www.pdhj.tl\/pt-pt\/educacao-e-formacao-treino\/#breadcrumb"},"inLanguage":"pt-PT","potentialAction":[{"@type":"ReadAction","target":["https:\/\/www.pdhj.tl\/pt-pt\/educacao-e-formacao-treino\/"]}]},{"@type":"BreadcrumbList","@id":"https:\/\/www.pdhj.tl\/pt-pt\/educacao-e-formacao-treino\/#breadcrumb","itemListElement":[{"@type":"ListItem","position":1,"name":"Home","item":"https:\/\/www.pdhj.tl\/pt-pt\/home\/"},{"@type":"ListItem","position":2,"name":"Educa\u00e7\u00e3o e forma\u00e7\u00e3o (treino)"}]},{"@type":"WebSite","@id":"https:\/\/www.pdhj.tl\/#website","url":"https:\/\/www.pdhj.tl\/","name":"PDHJ Timor-Leste","description":"Provedoria dos Direitos Humanos e Justi\u00e7a","publisher":{"@id":"https:\/\/www.pdhj.tl\/#organization"},"potentialAction":[{"@type":"SearchAction","target":{"@type":"EntryPoint","urlTemplate":"https:\/\/www.pdhj.tl\/?s={search_term_string}"},"query-input":{"@type":"PropertyValueSpecification","valueRequired":true,"valueName":"search_term_string"}}],"inLanguage":"pt-PT"},{"@type":"Organization","@id":"https:\/\/www.pdhj.tl\/#organization","name":"PDHJ Timor-Leste","url":"https:\/\/www.pdhj.tl\/","logo":{"@type":"ImageObject","inLanguage":"pt-PT","@id":"https:\/\/www.pdhj.tl\/#\/schema\/logo\/image\/","url":"https:\/\/www.pdhj.tl\/wp-content\/uploads\/2013\/11\/tplogo.png","contentUrl":"https:\/\/www.pdhj.tl\/wp-content\/uploads\/2013\/11\/tplogo.png","width":280,"height":280,"caption":"PDHJ Timor-Leste"},"image":{"@id":"https:\/\/www.pdhj.tl\/#\/schema\/logo\/image\/"},"sameAs":["https:\/\/www.facebook.com\/PDHJTimorLeste","https:\/\/x.com\/PDHJTimorLeste","https:\/\/www.tiktok.com\/pdhj.tl","https:\/\/www.instagram.com\/pdhj.tl\/","https:\/\/www.linkedin.com\/company\/pdhj-tls\/"]}]}},"_links":{"self":[{"href":"https:\/\/www.pdhj.tl\/pt-pt\/wp-json\/wp\/v2\/pages\/2886\/"}],"collection":[{"href":"https:\/\/www.pdhj.tl\/pt-pt\/wp-json\/wp\/v2\/pages\/"}],"about":[{"href":"https:\/\/www.pdhj.tl\/pt-pt\/wp-json\/wp\/v2\/types\/page\/"}],"author":[{"embeddable":true,"href":"https:\/\/www.pdhj.tl\/pt-pt\/wp-json\/wp\/v2\/users\/1\/"}],"replies":[{"embeddable":true,"href":"https:\/\/www.pdhj.tl\/pt-pt\/wp-json\/wp\/v2\/comments\/?post=2886"}],"version-history":[{"count":0,"href":"https:\/\/www.pdhj.tl\/pt-pt\/wp-json\/wp\/v2\/pages\/2886\/revisions\/"}],"wp:attachment":[{"href":"https:\/\/www.pdhj.tl\/pt-pt\/wp-json\/wp\/v2\/media\/?parent=2886"}],"curies":[{"name":"wp","href":"https:\/\/api.w.org\/{rel}","templated":true}]}}