{"id":2882,"date":"2014-06-16T05:37:32","date_gmt":"2014-06-16T05:37:32","guid":{"rendered":"http:\/\/pdhj.tl\/?page_id=2882"},"modified":"2014-06-18T07:04:35","modified_gmt":"2014-06-18T07:04:35","slug":"o-processo-de-queixas","status":"publish","type":"page","link":"https:\/\/www.pdhj.tl\/pt-pt\/tratamento-de-casos-e-investigacoes\/o-processo-de-queixas\/","title":{"rendered":"O processo de queixas"},"content":{"rendered":"\r\n\tQueixa recebida pela PDHJ\r\n\tAvalia\u00e7\u00e3o preliminar\r\n\tO caso \u00e9 demitido, aberto \u00e0 uma investiga\u00e7\u00e3o completa ou adiado.\r\n\tOs casos abertos depois s\u00e3o processados, envolvendo a media\u00e7\u00e3o\/concilia\u00e7\u00e3o, investiga\u00e7\u00e3o e\/ou refer\u00eancia.\r\n\tA Media\u00e7\u00e3o\/Concilia\u00e7\u00e3o pode produzir um acordo por meio de negocia\u00e7\u00f5es e o seguimento desse acordo ou esta se falha e resulta-se em necessidade de uma investga\u00e7\u00e3o.\r\n\tAs investiga\u00e7\u00f5es ser\u00e3o seguidas por um relat\u00f3rio e depois o seguimento das conclus\u00f5es <a href=\"https:\/\/www.pdhj.tl\/pt-pt\/tratamento-de-casos-e-investigacoes\/o-processo-de-queixas\/\" class=\"more-link\">Read more [...]<\/a>","protected":false},"excerpt":{"rendered":"<p>Queixa recebida pela PDHJ Avalia\u00e7\u00e3o preliminar O caso \u00e9 demitido, aberto \u00e0 uma investiga\u00e7\u00e3o completa ou adiado. Os casos abertos depois s\u00e3o processados, envolvendo a media\u00e7\u00e3o\/concilia\u00e7\u00e3o, investiga\u00e7\u00e3o e\/ou refer\u00eancia. A Media\u00e7\u00e3o\/Concilia\u00e7\u00e3o pode produzir um acordo por meio de negocia\u00e7\u00f5es e o seguimento desse acordo ou esta se falha e resulta-se em necessidade de uma investga\u00e7\u00e3o. As investiga\u00e7\u00f5es ser\u00e3o seguidas por um relat\u00f3rio e depois o seguimento das conclus\u00f5es Read more [&#8230;]<\/p>\n","protected":false},"author":1,"featured_media":0,"parent":2876,"menu_order":0,"comment_status":"open","ping_status":"open","template":"template-pagewithsidebar.php","meta":{"footnotes":""},"class_list":["post-2882","page","type-page","status-publish"],"yoast_head":"<!-- This site is optimized with the Yoast SEO plugin v26.9 - https:\/\/yoast.com\/product\/yoast-seo-wordpress\/ -->\n<title>O processo de queixas - PDHJ<\/title>\n<meta name=\"robots\" content=\"index, follow, max-snippet:-1, max-image-preview:large, max-video-preview:-1\" \/>\n<link rel=\"canonical\" href=\"https:\/\/www.pdhj.tl\/pt-pt\/tratamento-de-casos-e-investigacoes\/o-processo-de-queixas\/\" \/>\n<meta property=\"og:locale\" content=\"pt_PT\" \/>\n<meta property=\"og:type\" content=\"article\" \/>\n<meta property=\"og:title\" content=\"O processo de queixas - PDHJ\" \/>\n<meta property=\"og:description\" content=\"Queixa recebida pela PDHJ Avalia\u00e7\u00e3o preliminar O caso \u00e9 demitido, aberto \u00e0 uma investiga\u00e7\u00e3o completa ou adiado. Os casos abertos depois s\u00e3o processados, envolvendo a media\u00e7\u00e3o\/concilia\u00e7\u00e3o, investiga\u00e7\u00e3o e\/ou refer\u00eancia. A Media\u00e7\u00e3o\/Concilia\u00e7\u00e3o pode produzir um acordo por meio de negocia\u00e7\u00f5es e o seguimento desse acordo ou esta se falha e resulta-se em necessidade de uma investga\u00e7\u00e3o. As investiga\u00e7\u00f5es ser\u00e3o seguidas por um relat\u00f3rio e depois o seguimento das conclus\u00f5es Read more [...]\" \/>\n<meta property=\"og:url\" content=\"https:\/\/www.pdhj.tl\/pt-pt\/tratamento-de-casos-e-investigacoes\/o-processo-de-queixas\/\" \/>\n<meta property=\"og:site_name\" content=\"PDHJ\" \/>\n<meta property=\"article:publisher\" content=\"https:\/\/www.facebook.com\/PDHJTimorLeste\" \/>\n<meta property=\"article:modified_time\" content=\"2014-06-18T07:04:35+00:00\" \/>\n<meta property=\"og:image\" content=\"http:\/\/pdhj.tl\/wp-content\/uploads\/2013\/11\/Screen-Shot-2013-12-14-at-11.44.11-am.png\" \/>\n<meta name=\"twitter:card\" content=\"summary_large_image\" \/>\n<meta name=\"twitter:site\" content=\"@PDHJTimorLeste\" \/>\n<meta name=\"twitter:label1\" content=\"Tempo estimado de leitura\" \/>\n\t<meta name=\"twitter:data1\" content=\"1 minuto\" \/>\n<script type=\"application\/ld+json\" class=\"yoast-schema-graph\">{\"@context\":\"https:\/\/schema.org\",\"@graph\":[{\"@type\":\"WebPage\",\"@id\":\"https:\/\/www.pdhj.tl\/pt-pt\/tratamento-de-casos-e-investigacoes\/o-processo-de-queixas\/\",\"url\":\"https:\/\/www.pdhj.tl\/pt-pt\/tratamento-de-casos-e-investigacoes\/o-processo-de-queixas\/\",\"name\":\"O processo de queixas - PDHJ\",\"isPartOf\":{\"@id\":\"https:\/\/www.pdhj.tl\/#website\"},\"primaryImageOfPage\":{\"@id\":\"https:\/\/www.pdhj.tl\/pt-pt\/tratamento-de-casos-e-investigacoes\/o-processo-de-queixas\/#primaryimage\"},\"image\":{\"@id\":\"https:\/\/www.pdhj.tl\/pt-pt\/tratamento-de-casos-e-investigacoes\/o-processo-de-queixas\/#primaryimage\"},\"thumbnailUrl\":\"http:\/\/pdhj.tl\/wp-content\/uploads\/2013\/11\/Screen-Shot-2013-12-14-at-11.44.11-am.png\",\"datePublished\":\"2014-06-16T05:37:32+00:00\",\"dateModified\":\"2014-06-18T07:04:35+00:00\",\"breadcrumb\":{\"@id\":\"https:\/\/www.pdhj.tl\/pt-pt\/tratamento-de-casos-e-investigacoes\/o-processo-de-queixas\/#breadcrumb\"},\"inLanguage\":\"pt-PT\",\"potentialAction\":[{\"@type\":\"ReadAction\",\"target\":[\"https:\/\/www.pdhj.tl\/pt-pt\/tratamento-de-casos-e-investigacoes\/o-processo-de-queixas\/\"]}]},{\"@type\":\"ImageObject\",\"inLanguage\":\"pt-PT\",\"@id\":\"https:\/\/www.pdhj.tl\/pt-pt\/tratamento-de-casos-e-investigacoes\/o-processo-de-queixas\/#primaryimage\",\"url\":\"http:\/\/pdhj.tl\/wp-content\/uploads\/2013\/11\/Screen-Shot-2013-12-14-at-11.44.11-am.png\",\"contentUrl\":\"http:\/\/pdhj.tl\/wp-content\/uploads\/2013\/11\/Screen-Shot-2013-12-14-at-11.44.11-am.png\"},{\"@type\":\"BreadcrumbList\",\"@id\":\"https:\/\/www.pdhj.tl\/pt-pt\/tratamento-de-casos-e-investigacoes\/o-processo-de-queixas\/#breadcrumb\",\"itemListElement\":[{\"@type\":\"ListItem\",\"position\":1,\"name\":\"Home\",\"item\":\"https:\/\/www.pdhj.tl\/pt-pt\/home\/\"},{\"@type\":\"ListItem\",\"position\":2,\"name\":\"Tratamento de casos e investiga\u00e7\u00f5es\",\"item\":\"https:\/\/www.pdhj.tl\/pt-pt\/tratamento-de-casos-e-investigacoes\/\"},{\"@type\":\"ListItem\",\"position\":3,\"name\":\"O processo de queixas\"}]},{\"@type\":\"WebSite\",\"@id\":\"https:\/\/www.pdhj.tl\/#website\",\"url\":\"https:\/\/www.pdhj.tl\/\",\"name\":\"PDHJ Timor-Leste\",\"description\":\"Provedoria dos Direitos Humanos e Justi\u00e7a\",\"publisher\":{\"@id\":\"https:\/\/www.pdhj.tl\/#organization\"},\"potentialAction\":[{\"@type\":\"SearchAction\",\"target\":{\"@type\":\"EntryPoint\",\"urlTemplate\":\"https:\/\/www.pdhj.tl\/?s={search_term_string}\"},\"query-input\":{\"@type\":\"PropertyValueSpecification\",\"valueRequired\":true,\"valueName\":\"search_term_string\"}}],\"inLanguage\":\"pt-PT\"},{\"@type\":\"Organization\",\"@id\":\"https:\/\/www.pdhj.tl\/#organization\",\"name\":\"PDHJ Timor-Leste\",\"url\":\"https:\/\/www.pdhj.tl\/\",\"logo\":{\"@type\":\"ImageObject\",\"inLanguage\":\"pt-PT\",\"@id\":\"https:\/\/www.pdhj.tl\/#\/schema\/logo\/image\/\",\"url\":\"https:\/\/www.pdhj.tl\/wp-content\/uploads\/2013\/11\/tplogo.png\",\"contentUrl\":\"https:\/\/www.pdhj.tl\/wp-content\/uploads\/2013\/11\/tplogo.png\",\"width\":280,\"height\":280,\"caption\":\"PDHJ Timor-Leste\"},\"image\":{\"@id\":\"https:\/\/www.pdhj.tl\/#\/schema\/logo\/image\/\"},\"sameAs\":[\"https:\/\/www.facebook.com\/PDHJTimorLeste\",\"https:\/\/x.com\/PDHJTimorLeste\",\"https:\/\/www.tiktok.com\/pdhj.tl\",\"https:\/\/www.instagram.com\/pdhj.tl\/\",\"https:\/\/www.linkedin.com\/company\/pdhj-tls\/\"]}]}<\/script>\n<!-- \/ Yoast SEO plugin. -->","yoast_head_json":{"title":"O processo de queixas - PDHJ","robots":{"index":"index","follow":"follow","max-snippet":"max-snippet:-1","max-image-preview":"max-image-preview:large","max-video-preview":"max-video-preview:-1"},"canonical":"https:\/\/www.pdhj.tl\/pt-pt\/tratamento-de-casos-e-investigacoes\/o-processo-de-queixas\/","og_locale":"pt_PT","og_type":"article","og_title":"O processo de queixas - PDHJ","og_description":"Queixa recebida pela PDHJ Avalia\u00e7\u00e3o preliminar O caso \u00e9 demitido, aberto \u00e0 uma investiga\u00e7\u00e3o completa ou adiado. Os casos abertos depois s\u00e3o processados, envolvendo a media\u00e7\u00e3o\/concilia\u00e7\u00e3o, investiga\u00e7\u00e3o e\/ou refer\u00eancia. A Media\u00e7\u00e3o\/Concilia\u00e7\u00e3o pode produzir um acordo por meio de negocia\u00e7\u00f5es e o seguimento desse acordo ou esta se falha e resulta-se em necessidade de uma investga\u00e7\u00e3o. As investiga\u00e7\u00f5es ser\u00e3o seguidas por um relat\u00f3rio e depois o seguimento das conclus\u00f5es Read more [...]","og_url":"https:\/\/www.pdhj.tl\/pt-pt\/tratamento-de-casos-e-investigacoes\/o-processo-de-queixas\/","og_site_name":"PDHJ","article_publisher":"https:\/\/www.facebook.com\/PDHJTimorLeste","article_modified_time":"2014-06-18T07:04:35+00:00","og_image":[{"url":"http:\/\/pdhj.tl\/wp-content\/uploads\/2013\/11\/Screen-Shot-2013-12-14-at-11.44.11-am.png","type":"","width":"","height":""}],"twitter_card":"summary_large_image","twitter_site":"@PDHJTimorLeste","twitter_misc":{"Tempo estimado de leitura":"1 minuto"},"schema":{"@context":"https:\/\/schema.org","@graph":[{"@type":"WebPage","@id":"https:\/\/www.pdhj.tl\/pt-pt\/tratamento-de-casos-e-investigacoes\/o-processo-de-queixas\/","url":"https:\/\/www.pdhj.tl\/pt-pt\/tratamento-de-casos-e-investigacoes\/o-processo-de-queixas\/","name":"O processo de queixas - PDHJ","isPartOf":{"@id":"https:\/\/www.pdhj.tl\/#website"},"primaryImageOfPage":{"@id":"https:\/\/www.pdhj.tl\/pt-pt\/tratamento-de-casos-e-investigacoes\/o-processo-de-queixas\/#primaryimage"},"image":{"@id":"https:\/\/www.pdhj.tl\/pt-pt\/tratamento-de-casos-e-investigacoes\/o-processo-de-queixas\/#primaryimage"},"thumbnailUrl":"http:\/\/pdhj.tl\/wp-content\/uploads\/2013\/11\/Screen-Shot-2013-12-14-at-11.44.11-am.png","datePublished":"2014-06-16T05:37:32+00:00","dateModified":"2014-06-18T07:04:35+00:00","breadcrumb":{"@id":"https:\/\/www.pdhj.tl\/pt-pt\/tratamento-de-casos-e-investigacoes\/o-processo-de-queixas\/#breadcrumb"},"inLanguage":"pt-PT","potentialAction":[{"@type":"ReadAction","target":["https:\/\/www.pdhj.tl\/pt-pt\/tratamento-de-casos-e-investigacoes\/o-processo-de-queixas\/"]}]},{"@type":"ImageObject","inLanguage":"pt-PT","@id":"https:\/\/www.pdhj.tl\/pt-pt\/tratamento-de-casos-e-investigacoes\/o-processo-de-queixas\/#primaryimage","url":"http:\/\/pdhj.tl\/wp-content\/uploads\/2013\/11\/Screen-Shot-2013-12-14-at-11.44.11-am.png","contentUrl":"http:\/\/pdhj.tl\/wp-content\/uploads\/2013\/11\/Screen-Shot-2013-12-14-at-11.44.11-am.png"},{"@type":"BreadcrumbList","@id":"https:\/\/www.pdhj.tl\/pt-pt\/tratamento-de-casos-e-investigacoes\/o-processo-de-queixas\/#breadcrumb","itemListElement":[{"@type":"ListItem","position":1,"name":"Home","item":"https:\/\/www.pdhj.tl\/pt-pt\/home\/"},{"@type":"ListItem","position":2,"name":"Tratamento de casos e investiga\u00e7\u00f5es","item":"https:\/\/www.pdhj.tl\/pt-pt\/tratamento-de-casos-e-investigacoes\/"},{"@type":"ListItem","position":3,"name":"O processo de queixas"}]},{"@type":"WebSite","@id":"https:\/\/www.pdhj.tl\/#website","url":"https:\/\/www.pdhj.tl\/","name":"PDHJ Timor-Leste","description":"Provedoria dos Direitos Humanos e Justi\u00e7a","publisher":{"@id":"https:\/\/www.pdhj.tl\/#organization"},"potentialAction":[{"@type":"SearchAction","target":{"@type":"EntryPoint","urlTemplate":"https:\/\/www.pdhj.tl\/?s={search_term_string}"},"query-input":{"@type":"PropertyValueSpecification","valueRequired":true,"valueName":"search_term_string"}}],"inLanguage":"pt-PT"},{"@type":"Organization","@id":"https:\/\/www.pdhj.tl\/#organization","name":"PDHJ Timor-Leste","url":"https:\/\/www.pdhj.tl\/","logo":{"@type":"ImageObject","inLanguage":"pt-PT","@id":"https:\/\/www.pdhj.tl\/#\/schema\/logo\/image\/","url":"https:\/\/www.pdhj.tl\/wp-content\/uploads\/2013\/11\/tplogo.png","contentUrl":"https:\/\/www.pdhj.tl\/wp-content\/uploads\/2013\/11\/tplogo.png","width":280,"height":280,"caption":"PDHJ Timor-Leste"},"image":{"@id":"https:\/\/www.pdhj.tl\/#\/schema\/logo\/image\/"},"sameAs":["https:\/\/www.facebook.com\/PDHJTimorLeste","https:\/\/x.com\/PDHJTimorLeste","https:\/\/www.tiktok.com\/pdhj.tl","https:\/\/www.instagram.com\/pdhj.tl\/","https:\/\/www.linkedin.com\/company\/pdhj-tls\/"]}]}},"_links":{"self":[{"href":"https:\/\/www.pdhj.tl\/pt-pt\/wp-json\/wp\/v2\/pages\/2882\/"}],"collection":[{"href":"https:\/\/www.pdhj.tl\/pt-pt\/wp-json\/wp\/v2\/pages\/"}],"about":[{"href":"https:\/\/www.pdhj.tl\/pt-pt\/wp-json\/wp\/v2\/types\/page\/"}],"author":[{"embeddable":true,"href":"https:\/\/www.pdhj.tl\/pt-pt\/wp-json\/wp\/v2\/users\/1\/"}],"replies":[{"embeddable":true,"href":"https:\/\/www.pdhj.tl\/pt-pt\/wp-json\/wp\/v2\/comments\/?post=2882"}],"version-history":[{"count":0,"href":"https:\/\/www.pdhj.tl\/pt-pt\/wp-json\/wp\/v2\/pages\/2882\/revisions\/"}],"up":[{"embeddable":true,"href":"https:\/\/www.pdhj.tl\/pt-pt\/wp-json\/wp\/v2\/pages\/2876\/"}],"wp:attachment":[{"href":"https:\/\/www.pdhj.tl\/pt-pt\/wp-json\/wp\/v2\/media\/?parent=2882"}],"curies":[{"name":"wp","href":"https:\/\/api.w.org\/{rel}","templated":true}]}}