{"id":2878,"date":"2014-06-16T05:34:14","date_gmt":"2014-06-16T05:34:14","guid":{"rendered":"http:\/\/pdhj.tl\/?page_id=2878"},"modified":"2014-06-18T05:50:12","modified_gmt":"2014-06-18T05:50:12","slug":"apresentacao-de-queixas","status":"publish","type":"page","link":"https:\/\/www.pdhj.tl\/pt-pt\/tratamento-de-casos-e-investigacoes\/apresentacao-de-queixas\/","title":{"rendered":"Apresenta\u00e7\u00e3o de queixas"},"content":{"rendered":"Qualquer pessoa pode apresentar a sua queixa ao Provedor de Direitos Humanos e Justi\u00e7a se acreditar que os seus direitos humanos s\u00e3o violados pela decis\u00e3o tomada ou ac\u00e7\u00e3o praticada por uma autoridade p\u00fablica ou pelos seus funcion\u00e1rios,\u00a0 ou se quiser apresentar alguma viola\u00e7\u00e3o de boa governa\u00e7\u00e3o.\r\n\r\nA apresenta\u00e7\u00e3o de queixas pode ser feita usando os seguintes m\u00e9todos:\r\n\r\n\r\n\r\n\t- Complete o\u00a0online\u00a0formato abaixo ou envie-nos um\u00a0email\/carta electr\u00f3nica por meio do nosso formato de contacto!\r\n\tContacte <a href=\"https:\/\/www.pdhj.tl\/pt-pt\/tratamento-de-casos-e-investigacoes\/apresentacao-de-queixas\/\" class=\"more-link\">Read more [...]<\/a>","protected":false},"excerpt":{"rendered":"<p>Qualquer pessoa pode apresentar a sua queixa ao Provedor de Direitos Humanos e Justi\u00e7a se acreditar que os seus direitos humanos s\u00e3o violados pela decis\u00e3o tomada ou ac\u00e7\u00e3o praticada por uma autoridade p\u00fablica ou pelos seus funcion\u00e1rios,\u00a0 ou se quiser apresentar alguma viola\u00e7\u00e3o de boa governa\u00e7\u00e3o. A apresenta\u00e7\u00e3o de queixas pode ser feita usando os seguintes m\u00e9todos: &#8211; Complete o\u00a0online\u00a0formato abaixo ou envie-nos um\u00a0email\/carta electr\u00f3nica por meio do nosso formato de contacto! Contacte Read more [&#8230;]<\/p>\n","protected":false},"author":1,"featured_media":0,"parent":2876,"menu_order":0,"comment_status":"open","ping_status":"open","template":"template-pagewithsidebar.php","meta":{"footnotes":""},"class_list":["post-2878","page","type-page","status-publish"],"yoast_head":"<!-- This site is optimized with the Yoast SEO plugin v26.9 - https:\/\/yoast.com\/product\/yoast-seo-wordpress\/ -->\n<title>Apresenta\u00e7\u00e3o de queixas - PDHJ<\/title>\n<meta name=\"robots\" content=\"index, follow, max-snippet:-1, max-image-preview:large, max-video-preview:-1\" \/>\n<link rel=\"canonical\" href=\"https:\/\/www.pdhj.tl\/pt-pt\/tratamento-de-casos-e-investigacoes\/apresentacao-de-queixas\/\" \/>\n<meta property=\"og:locale\" content=\"pt_PT\" \/>\n<meta property=\"og:type\" content=\"article\" \/>\n<meta property=\"og:title\" content=\"Apresenta\u00e7\u00e3o de queixas - PDHJ\" \/>\n<meta property=\"og:description\" content=\"Qualquer pessoa pode apresentar a sua queixa ao Provedor de Direitos Humanos e Justi\u00e7a se acreditar que os seus direitos humanos s\u00e3o violados pela decis\u00e3o tomada ou ac\u00e7\u00e3o praticada por uma autoridade p\u00fablica ou pelos seus funcion\u00e1rios,\u00a0 ou se quiser apresentar alguma viola\u00e7\u00e3o de boa governa\u00e7\u00e3o. A apresenta\u00e7\u00e3o de queixas pode ser feita usando os seguintes m\u00e9todos: - Complete o\u00a0online\u00a0formato abaixo ou envie-nos um\u00a0email\/carta electr\u00f3nica por meio do nosso formato de contacto! Contacte Read more [...]\" \/>\n<meta property=\"og:url\" content=\"https:\/\/www.pdhj.tl\/pt-pt\/tratamento-de-casos-e-investigacoes\/apresentacao-de-queixas\/\" \/>\n<meta property=\"og:site_name\" content=\"PDHJ\" \/>\n<meta property=\"article:publisher\" content=\"https:\/\/www.facebook.com\/PDHJTimorLeste\" \/>\n<meta property=\"article:modified_time\" content=\"2014-06-18T05:50:12+00:00\" \/>\n<meta property=\"og:image\" content=\"http:\/\/pdhj.tl\/wp-content\/uploads\/2013\/11\/Screen-Shot-2013-12-14-at-11.45.42-am.png\" \/>\n<meta name=\"twitter:card\" content=\"summary_large_image\" \/>\n<meta name=\"twitter:site\" content=\"@PDHJTimorLeste\" \/>\n<meta name=\"twitter:label1\" content=\"Tempo estimado de leitura\" \/>\n\t<meta name=\"twitter:data1\" content=\"1 minuto\" \/>\n<script type=\"application\/ld+json\" class=\"yoast-schema-graph\">{\"@context\":\"https:\/\/schema.org\",\"@graph\":[{\"@type\":\"WebPage\",\"@id\":\"https:\/\/www.pdhj.tl\/pt-pt\/tratamento-de-casos-e-investigacoes\/apresentacao-de-queixas\/\",\"url\":\"https:\/\/www.pdhj.tl\/pt-pt\/tratamento-de-casos-e-investigacoes\/apresentacao-de-queixas\/\",\"name\":\"Apresenta\u00e7\u00e3o de queixas - PDHJ\",\"isPartOf\":{\"@id\":\"https:\/\/www.pdhj.tl\/#website\"},\"primaryImageOfPage\":{\"@id\":\"https:\/\/www.pdhj.tl\/pt-pt\/tratamento-de-casos-e-investigacoes\/apresentacao-de-queixas\/#primaryimage\"},\"image\":{\"@id\":\"https:\/\/www.pdhj.tl\/pt-pt\/tratamento-de-casos-e-investigacoes\/apresentacao-de-queixas\/#primaryimage\"},\"thumbnailUrl\":\"http:\/\/pdhj.tl\/wp-content\/uploads\/2013\/11\/Screen-Shot-2013-12-14-at-11.45.42-am.png\",\"datePublished\":\"2014-06-16T05:34:14+00:00\",\"dateModified\":\"2014-06-18T05:50:12+00:00\",\"breadcrumb\":{\"@id\":\"https:\/\/www.pdhj.tl\/pt-pt\/tratamento-de-casos-e-investigacoes\/apresentacao-de-queixas\/#breadcrumb\"},\"inLanguage\":\"pt-PT\",\"potentialAction\":[{\"@type\":\"ReadAction\",\"target\":[\"https:\/\/www.pdhj.tl\/pt-pt\/tratamento-de-casos-e-investigacoes\/apresentacao-de-queixas\/\"]}]},{\"@type\":\"ImageObject\",\"inLanguage\":\"pt-PT\",\"@id\":\"https:\/\/www.pdhj.tl\/pt-pt\/tratamento-de-casos-e-investigacoes\/apresentacao-de-queixas\/#primaryimage\",\"url\":\"http:\/\/pdhj.tl\/wp-content\/uploads\/2013\/11\/Screen-Shot-2013-12-14-at-11.45.42-am.png\",\"contentUrl\":\"http:\/\/pdhj.tl\/wp-content\/uploads\/2013\/11\/Screen-Shot-2013-12-14-at-11.45.42-am.png\"},{\"@type\":\"BreadcrumbList\",\"@id\":\"https:\/\/www.pdhj.tl\/pt-pt\/tratamento-de-casos-e-investigacoes\/apresentacao-de-queixas\/#breadcrumb\",\"itemListElement\":[{\"@type\":\"ListItem\",\"position\":1,\"name\":\"Home\",\"item\":\"https:\/\/www.pdhj.tl\/pt-pt\/home\/\"},{\"@type\":\"ListItem\",\"position\":2,\"name\":\"Tratamento de casos e investiga\u00e7\u00f5es\",\"item\":\"https:\/\/www.pdhj.tl\/pt-pt\/tratamento-de-casos-e-investigacoes\/\"},{\"@type\":\"ListItem\",\"position\":3,\"name\":\"Apresenta\u00e7\u00e3o de queixas\"}]},{\"@type\":\"WebSite\",\"@id\":\"https:\/\/www.pdhj.tl\/#website\",\"url\":\"https:\/\/www.pdhj.tl\/\",\"name\":\"PDHJ Timor-Leste\",\"description\":\"Provedoria dos Direitos Humanos e Justi\u00e7a\",\"publisher\":{\"@id\":\"https:\/\/www.pdhj.tl\/#organization\"},\"potentialAction\":[{\"@type\":\"SearchAction\",\"target\":{\"@type\":\"EntryPoint\",\"urlTemplate\":\"https:\/\/www.pdhj.tl\/?s={search_term_string}\"},\"query-input\":{\"@type\":\"PropertyValueSpecification\",\"valueRequired\":true,\"valueName\":\"search_term_string\"}}],\"inLanguage\":\"pt-PT\"},{\"@type\":\"Organization\",\"@id\":\"https:\/\/www.pdhj.tl\/#organization\",\"name\":\"PDHJ Timor-Leste\",\"url\":\"https:\/\/www.pdhj.tl\/\",\"logo\":{\"@type\":\"ImageObject\",\"inLanguage\":\"pt-PT\",\"@id\":\"https:\/\/www.pdhj.tl\/#\/schema\/logo\/image\/\",\"url\":\"https:\/\/www.pdhj.tl\/wp-content\/uploads\/2013\/11\/tplogo.png\",\"contentUrl\":\"https:\/\/www.pdhj.tl\/wp-content\/uploads\/2013\/11\/tplogo.png\",\"width\":280,\"height\":280,\"caption\":\"PDHJ Timor-Leste\"},\"image\":{\"@id\":\"https:\/\/www.pdhj.tl\/#\/schema\/logo\/image\/\"},\"sameAs\":[\"https:\/\/www.facebook.com\/PDHJTimorLeste\",\"https:\/\/x.com\/PDHJTimorLeste\",\"https:\/\/www.tiktok.com\/pdhj.tl\",\"https:\/\/www.instagram.com\/pdhj.tl\/\",\"https:\/\/www.linkedin.com\/company\/pdhj-tls\/\"]}]}<\/script>\n<!-- \/ Yoast SEO plugin. -->","yoast_head_json":{"title":"Apresenta\u00e7\u00e3o de queixas - PDHJ","robots":{"index":"index","follow":"follow","max-snippet":"max-snippet:-1","max-image-preview":"max-image-preview:large","max-video-preview":"max-video-preview:-1"},"canonical":"https:\/\/www.pdhj.tl\/pt-pt\/tratamento-de-casos-e-investigacoes\/apresentacao-de-queixas\/","og_locale":"pt_PT","og_type":"article","og_title":"Apresenta\u00e7\u00e3o de queixas - PDHJ","og_description":"Qualquer pessoa pode apresentar a sua queixa ao Provedor de Direitos Humanos e Justi\u00e7a se acreditar que os seus direitos humanos s\u00e3o violados pela decis\u00e3o tomada ou ac\u00e7\u00e3o praticada por uma autoridade p\u00fablica ou pelos seus funcion\u00e1rios,\u00a0 ou se quiser apresentar alguma viola\u00e7\u00e3o de boa governa\u00e7\u00e3o. A apresenta\u00e7\u00e3o de queixas pode ser feita usando os seguintes m\u00e9todos: - Complete o\u00a0online\u00a0formato abaixo ou envie-nos um\u00a0email\/carta electr\u00f3nica por meio do nosso formato de contacto! Contacte Read more [...]","og_url":"https:\/\/www.pdhj.tl\/pt-pt\/tratamento-de-casos-e-investigacoes\/apresentacao-de-queixas\/","og_site_name":"PDHJ","article_publisher":"https:\/\/www.facebook.com\/PDHJTimorLeste","article_modified_time":"2014-06-18T05:50:12+00:00","og_image":[{"url":"http:\/\/pdhj.tl\/wp-content\/uploads\/2013\/11\/Screen-Shot-2013-12-14-at-11.45.42-am.png","type":"","width":"","height":""}],"twitter_card":"summary_large_image","twitter_site":"@PDHJTimorLeste","twitter_misc":{"Tempo estimado de leitura":"1 minuto"},"schema":{"@context":"https:\/\/schema.org","@graph":[{"@type":"WebPage","@id":"https:\/\/www.pdhj.tl\/pt-pt\/tratamento-de-casos-e-investigacoes\/apresentacao-de-queixas\/","url":"https:\/\/www.pdhj.tl\/pt-pt\/tratamento-de-casos-e-investigacoes\/apresentacao-de-queixas\/","name":"Apresenta\u00e7\u00e3o de queixas - PDHJ","isPartOf":{"@id":"https:\/\/www.pdhj.tl\/#website"},"primaryImageOfPage":{"@id":"https:\/\/www.pdhj.tl\/pt-pt\/tratamento-de-casos-e-investigacoes\/apresentacao-de-queixas\/#primaryimage"},"image":{"@id":"https:\/\/www.pdhj.tl\/pt-pt\/tratamento-de-casos-e-investigacoes\/apresentacao-de-queixas\/#primaryimage"},"thumbnailUrl":"http:\/\/pdhj.tl\/wp-content\/uploads\/2013\/11\/Screen-Shot-2013-12-14-at-11.45.42-am.png","datePublished":"2014-06-16T05:34:14+00:00","dateModified":"2014-06-18T05:50:12+00:00","breadcrumb":{"@id":"https:\/\/www.pdhj.tl\/pt-pt\/tratamento-de-casos-e-investigacoes\/apresentacao-de-queixas\/#breadcrumb"},"inLanguage":"pt-PT","potentialAction":[{"@type":"ReadAction","target":["https:\/\/www.pdhj.tl\/pt-pt\/tratamento-de-casos-e-investigacoes\/apresentacao-de-queixas\/"]}]},{"@type":"ImageObject","inLanguage":"pt-PT","@id":"https:\/\/www.pdhj.tl\/pt-pt\/tratamento-de-casos-e-investigacoes\/apresentacao-de-queixas\/#primaryimage","url":"http:\/\/pdhj.tl\/wp-content\/uploads\/2013\/11\/Screen-Shot-2013-12-14-at-11.45.42-am.png","contentUrl":"http:\/\/pdhj.tl\/wp-content\/uploads\/2013\/11\/Screen-Shot-2013-12-14-at-11.45.42-am.png"},{"@type":"BreadcrumbList","@id":"https:\/\/www.pdhj.tl\/pt-pt\/tratamento-de-casos-e-investigacoes\/apresentacao-de-queixas\/#breadcrumb","itemListElement":[{"@type":"ListItem","position":1,"name":"Home","item":"https:\/\/www.pdhj.tl\/pt-pt\/home\/"},{"@type":"ListItem","position":2,"name":"Tratamento de casos e investiga\u00e7\u00f5es","item":"https:\/\/www.pdhj.tl\/pt-pt\/tratamento-de-casos-e-investigacoes\/"},{"@type":"ListItem","position":3,"name":"Apresenta\u00e7\u00e3o de queixas"}]},{"@type":"WebSite","@id":"https:\/\/www.pdhj.tl\/#website","url":"https:\/\/www.pdhj.tl\/","name":"PDHJ Timor-Leste","description":"Provedoria dos Direitos Humanos e Justi\u00e7a","publisher":{"@id":"https:\/\/www.pdhj.tl\/#organization"},"potentialAction":[{"@type":"SearchAction","target":{"@type":"EntryPoint","urlTemplate":"https:\/\/www.pdhj.tl\/?s={search_term_string}"},"query-input":{"@type":"PropertyValueSpecification","valueRequired":true,"valueName":"search_term_string"}}],"inLanguage":"pt-PT"},{"@type":"Organization","@id":"https:\/\/www.pdhj.tl\/#organization","name":"PDHJ Timor-Leste","url":"https:\/\/www.pdhj.tl\/","logo":{"@type":"ImageObject","inLanguage":"pt-PT","@id":"https:\/\/www.pdhj.tl\/#\/schema\/logo\/image\/","url":"https:\/\/www.pdhj.tl\/wp-content\/uploads\/2013\/11\/tplogo.png","contentUrl":"https:\/\/www.pdhj.tl\/wp-content\/uploads\/2013\/11\/tplogo.png","width":280,"height":280,"caption":"PDHJ Timor-Leste"},"image":{"@id":"https:\/\/www.pdhj.tl\/#\/schema\/logo\/image\/"},"sameAs":["https:\/\/www.facebook.com\/PDHJTimorLeste","https:\/\/x.com\/PDHJTimorLeste","https:\/\/www.tiktok.com\/pdhj.tl","https:\/\/www.instagram.com\/pdhj.tl\/","https:\/\/www.linkedin.com\/company\/pdhj-tls\/"]}]}},"_links":{"self":[{"href":"https:\/\/www.pdhj.tl\/pt-pt\/wp-json\/wp\/v2\/pages\/2878\/"}],"collection":[{"href":"https:\/\/www.pdhj.tl\/pt-pt\/wp-json\/wp\/v2\/pages\/"}],"about":[{"href":"https:\/\/www.pdhj.tl\/pt-pt\/wp-json\/wp\/v2\/types\/page\/"}],"author":[{"embeddable":true,"href":"https:\/\/www.pdhj.tl\/pt-pt\/wp-json\/wp\/v2\/users\/1\/"}],"replies":[{"embeddable":true,"href":"https:\/\/www.pdhj.tl\/pt-pt\/wp-json\/wp\/v2\/comments\/?post=2878"}],"version-history":[{"count":0,"href":"https:\/\/www.pdhj.tl\/pt-pt\/wp-json\/wp\/v2\/pages\/2878\/revisions\/"}],"up":[{"embeddable":true,"href":"https:\/\/www.pdhj.tl\/pt-pt\/wp-json\/wp\/v2\/pages\/2876\/"}],"wp:attachment":[{"href":"https:\/\/www.pdhj.tl\/pt-pt\/wp-json\/wp\/v2\/media\/?parent=2878"}],"curies":[{"name":"wp","href":"https:\/\/api.w.org\/{rel}","templated":true}]}}