{"id":2876,"date":"2014-06-16T05:33:10","date_gmt":"2014-06-16T05:33:10","guid":{"rendered":"http:\/\/pdhj.tl\/?page_id=2876"},"modified":"2014-06-18T07:02:21","modified_gmt":"2014-06-18T07:02:21","slug":"tratamento-de-casos-e-investigacoes","status":"publish","type":"page","link":"https:\/\/www.pdhj.tl\/pt-pt\/tratamento-de-casos-e-investigacoes\/","title":{"rendered":"Tratamento de casos e investiga\u00e7\u00f5es"},"content":{"rendered":"Uma fun\u00e7\u00e3o importante da PDHJ \u00e9 de receber e de investigar as queixas contra os \u00f3rg\u00e3os do Estado em rela\u00e7\u00e3o \u00e0s viola\u00e7\u00f5es de direitos humanos e de boa governa\u00e7\u00e3o. Isso incluem os hospitais, as escolas, o governo local, as for\u00e7as policiais, as for\u00e7as militares e qualquer funcion\u00e1rio empregado pelo Governo ou pelas autoridades do Estado Timorense.\r\n\r\nDepois da rece\u00e7\u00e3o de queixa, O Provedor de Direitos Humanos e Justi\u00e7a vai dar respostas ao queixoso e abrir uma investiga\u00e7\u00e3o preliminar <a href=\"https:\/\/www.pdhj.tl\/pt-pt\/tratamento-de-casos-e-investigacoes\/\" class=\"more-link\">Read more [...]<\/a>","protected":false},"excerpt":{"rendered":"<p>Uma fun\u00e7\u00e3o importante da PDHJ \u00e9 de receber e de investigar as queixas contra os \u00f3rg\u00e3os do Estado em rela\u00e7\u00e3o \u00e0s viola\u00e7\u00f5es de direitos humanos e de boa governa\u00e7\u00e3o. Isso incluem os hospitais, as escolas, o governo local, as for\u00e7as policiais, as for\u00e7as militares e qualquer funcion\u00e1rio empregado pelo Governo ou pelas autoridades do Estado Timorense. Depois da rece\u00e7\u00e3o de queixa, O Provedor de Direitos Humanos e Justi\u00e7a vai dar respostas ao queixoso e abrir uma investiga\u00e7\u00e3o preliminar Read more [&#8230;]<\/p>\n","protected":false},"author":1,"featured_media":0,"parent":0,"menu_order":0,"comment_status":"open","ping_status":"open","template":"template-pagewithsidebar.php","meta":{"footnotes":""},"class_list":["post-2876","page","type-page","status-publish"],"yoast_head":"<!-- This site is optimized with the Yoast SEO plugin v26.9 - https:\/\/yoast.com\/product\/yoast-seo-wordpress\/ -->\n<title>Tratamento de casos e investiga\u00e7\u00f5es - PDHJ<\/title>\n<meta name=\"robots\" content=\"index, follow, max-snippet:-1, max-image-preview:large, max-video-preview:-1\" \/>\n<link rel=\"canonical\" href=\"https:\/\/www.pdhj.tl\/pt-pt\/tratamento-de-casos-e-investigacoes\/\" \/>\n<meta property=\"og:locale\" content=\"pt_PT\" \/>\n<meta property=\"og:type\" content=\"article\" \/>\n<meta property=\"og:title\" content=\"Tratamento de casos e investiga\u00e7\u00f5es - PDHJ\" \/>\n<meta property=\"og:description\" content=\"Uma fun\u00e7\u00e3o importante da PDHJ \u00e9 de receber e de investigar as queixas contra os \u00f3rg\u00e3os do Estado em rela\u00e7\u00e3o \u00e0s viola\u00e7\u00f5es de direitos humanos e de boa governa\u00e7\u00e3o. Isso incluem os hospitais, as escolas, o governo local, as for\u00e7as policiais, as for\u00e7as militares e qualquer funcion\u00e1rio empregado pelo Governo ou pelas autoridades do Estado Timorense. Depois da rece\u00e7\u00e3o de queixa, O Provedor de Direitos Humanos e Justi\u00e7a vai dar respostas ao queixoso e abrir uma investiga\u00e7\u00e3o preliminar Read more [...]\" \/>\n<meta property=\"og:url\" content=\"https:\/\/www.pdhj.tl\/pt-pt\/tratamento-de-casos-e-investigacoes\/\" \/>\n<meta property=\"og:site_name\" content=\"PDHJ\" \/>\n<meta property=\"article:publisher\" content=\"https:\/\/www.facebook.com\/PDHJTimorLeste\" \/>\n<meta property=\"article:modified_time\" content=\"2014-06-18T07:02:21+00:00\" \/>\n<meta name=\"twitter:card\" content=\"summary_large_image\" \/>\n<meta name=\"twitter:site\" content=\"@PDHJTimorLeste\" \/>\n<meta name=\"twitter:label1\" content=\"Tempo estimado de leitura\" \/>\n\t<meta name=\"twitter:data1\" content=\"2 minutos\" \/>\n<script type=\"application\/ld+json\" class=\"yoast-schema-graph\">{\"@context\":\"https:\/\/schema.org\",\"@graph\":[{\"@type\":\"WebPage\",\"@id\":\"https:\/\/www.pdhj.tl\/pt-pt\/tratamento-de-casos-e-investigacoes\/\",\"url\":\"https:\/\/www.pdhj.tl\/pt-pt\/tratamento-de-casos-e-investigacoes\/\",\"name\":\"Tratamento de casos e investiga\u00e7\u00f5es - PDHJ\",\"isPartOf\":{\"@id\":\"https:\/\/www.pdhj.tl\/#website\"},\"datePublished\":\"2014-06-16T05:33:10+00:00\",\"dateModified\":\"2014-06-18T07:02:21+00:00\",\"breadcrumb\":{\"@id\":\"https:\/\/www.pdhj.tl\/pt-pt\/tratamento-de-casos-e-investigacoes\/#breadcrumb\"},\"inLanguage\":\"pt-PT\",\"potentialAction\":[{\"@type\":\"ReadAction\",\"target\":[\"https:\/\/www.pdhj.tl\/pt-pt\/tratamento-de-casos-e-investigacoes\/\"]}]},{\"@type\":\"BreadcrumbList\",\"@id\":\"https:\/\/www.pdhj.tl\/pt-pt\/tratamento-de-casos-e-investigacoes\/#breadcrumb\",\"itemListElement\":[{\"@type\":\"ListItem\",\"position\":1,\"name\":\"Home\",\"item\":\"https:\/\/www.pdhj.tl\/pt-pt\/home\/\"},{\"@type\":\"ListItem\",\"position\":2,\"name\":\"Tratamento de casos e investiga\u00e7\u00f5es\"}]},{\"@type\":\"WebSite\",\"@id\":\"https:\/\/www.pdhj.tl\/#website\",\"url\":\"https:\/\/www.pdhj.tl\/\",\"name\":\"PDHJ Timor-Leste\",\"description\":\"Provedoria dos Direitos Humanos e Justi\u00e7a\",\"publisher\":{\"@id\":\"https:\/\/www.pdhj.tl\/#organization\"},\"potentialAction\":[{\"@type\":\"SearchAction\",\"target\":{\"@type\":\"EntryPoint\",\"urlTemplate\":\"https:\/\/www.pdhj.tl\/?s={search_term_string}\"},\"query-input\":{\"@type\":\"PropertyValueSpecification\",\"valueRequired\":true,\"valueName\":\"search_term_string\"}}],\"inLanguage\":\"pt-PT\"},{\"@type\":\"Organization\",\"@id\":\"https:\/\/www.pdhj.tl\/#organization\",\"name\":\"PDHJ Timor-Leste\",\"url\":\"https:\/\/www.pdhj.tl\/\",\"logo\":{\"@type\":\"ImageObject\",\"inLanguage\":\"pt-PT\",\"@id\":\"https:\/\/www.pdhj.tl\/#\/schema\/logo\/image\/\",\"url\":\"https:\/\/www.pdhj.tl\/wp-content\/uploads\/2013\/11\/tplogo.png\",\"contentUrl\":\"https:\/\/www.pdhj.tl\/wp-content\/uploads\/2013\/11\/tplogo.png\",\"width\":280,\"height\":280,\"caption\":\"PDHJ Timor-Leste\"},\"image\":{\"@id\":\"https:\/\/www.pdhj.tl\/#\/schema\/logo\/image\/\"},\"sameAs\":[\"https:\/\/www.facebook.com\/PDHJTimorLeste\",\"https:\/\/x.com\/PDHJTimorLeste\",\"https:\/\/www.tiktok.com\/pdhj.tl\",\"https:\/\/www.instagram.com\/pdhj.tl\/\",\"https:\/\/www.linkedin.com\/company\/pdhj-tls\/\"]}]}<\/script>\n<!-- \/ Yoast SEO plugin. -->","yoast_head_json":{"title":"Tratamento de casos e investiga\u00e7\u00f5es - PDHJ","robots":{"index":"index","follow":"follow","max-snippet":"max-snippet:-1","max-image-preview":"max-image-preview:large","max-video-preview":"max-video-preview:-1"},"canonical":"https:\/\/www.pdhj.tl\/pt-pt\/tratamento-de-casos-e-investigacoes\/","og_locale":"pt_PT","og_type":"article","og_title":"Tratamento de casos e investiga\u00e7\u00f5es - PDHJ","og_description":"Uma fun\u00e7\u00e3o importante da PDHJ \u00e9 de receber e de investigar as queixas contra os \u00f3rg\u00e3os do Estado em rela\u00e7\u00e3o \u00e0s viola\u00e7\u00f5es de direitos humanos e de boa governa\u00e7\u00e3o. Isso incluem os hospitais, as escolas, o governo local, as for\u00e7as policiais, as for\u00e7as militares e qualquer funcion\u00e1rio empregado pelo Governo ou pelas autoridades do Estado Timorense. Depois da rece\u00e7\u00e3o de queixa, O Provedor de Direitos Humanos e Justi\u00e7a vai dar respostas ao queixoso e abrir uma investiga\u00e7\u00e3o preliminar Read more [...]","og_url":"https:\/\/www.pdhj.tl\/pt-pt\/tratamento-de-casos-e-investigacoes\/","og_site_name":"PDHJ","article_publisher":"https:\/\/www.facebook.com\/PDHJTimorLeste","article_modified_time":"2014-06-18T07:02:21+00:00","twitter_card":"summary_large_image","twitter_site":"@PDHJTimorLeste","twitter_misc":{"Tempo estimado de leitura":"2 minutos"},"schema":{"@context":"https:\/\/schema.org","@graph":[{"@type":"WebPage","@id":"https:\/\/www.pdhj.tl\/pt-pt\/tratamento-de-casos-e-investigacoes\/","url":"https:\/\/www.pdhj.tl\/pt-pt\/tratamento-de-casos-e-investigacoes\/","name":"Tratamento de casos e investiga\u00e7\u00f5es - PDHJ","isPartOf":{"@id":"https:\/\/www.pdhj.tl\/#website"},"datePublished":"2014-06-16T05:33:10+00:00","dateModified":"2014-06-18T07:02:21+00:00","breadcrumb":{"@id":"https:\/\/www.pdhj.tl\/pt-pt\/tratamento-de-casos-e-investigacoes\/#breadcrumb"},"inLanguage":"pt-PT","potentialAction":[{"@type":"ReadAction","target":["https:\/\/www.pdhj.tl\/pt-pt\/tratamento-de-casos-e-investigacoes\/"]}]},{"@type":"BreadcrumbList","@id":"https:\/\/www.pdhj.tl\/pt-pt\/tratamento-de-casos-e-investigacoes\/#breadcrumb","itemListElement":[{"@type":"ListItem","position":1,"name":"Home","item":"https:\/\/www.pdhj.tl\/pt-pt\/home\/"},{"@type":"ListItem","position":2,"name":"Tratamento de casos e investiga\u00e7\u00f5es"}]},{"@type":"WebSite","@id":"https:\/\/www.pdhj.tl\/#website","url":"https:\/\/www.pdhj.tl\/","name":"PDHJ Timor-Leste","description":"Provedoria dos Direitos Humanos e Justi\u00e7a","publisher":{"@id":"https:\/\/www.pdhj.tl\/#organization"},"potentialAction":[{"@type":"SearchAction","target":{"@type":"EntryPoint","urlTemplate":"https:\/\/www.pdhj.tl\/?s={search_term_string}"},"query-input":{"@type":"PropertyValueSpecification","valueRequired":true,"valueName":"search_term_string"}}],"inLanguage":"pt-PT"},{"@type":"Organization","@id":"https:\/\/www.pdhj.tl\/#organization","name":"PDHJ Timor-Leste","url":"https:\/\/www.pdhj.tl\/","logo":{"@type":"ImageObject","inLanguage":"pt-PT","@id":"https:\/\/www.pdhj.tl\/#\/schema\/logo\/image\/","url":"https:\/\/www.pdhj.tl\/wp-content\/uploads\/2013\/11\/tplogo.png","contentUrl":"https:\/\/www.pdhj.tl\/wp-content\/uploads\/2013\/11\/tplogo.png","width":280,"height":280,"caption":"PDHJ Timor-Leste"},"image":{"@id":"https:\/\/www.pdhj.tl\/#\/schema\/logo\/image\/"},"sameAs":["https:\/\/www.facebook.com\/PDHJTimorLeste","https:\/\/x.com\/PDHJTimorLeste","https:\/\/www.tiktok.com\/pdhj.tl","https:\/\/www.instagram.com\/pdhj.tl\/","https:\/\/www.linkedin.com\/company\/pdhj-tls\/"]}]}},"_links":{"self":[{"href":"https:\/\/www.pdhj.tl\/pt-pt\/wp-json\/wp\/v2\/pages\/2876\/"}],"collection":[{"href":"https:\/\/www.pdhj.tl\/pt-pt\/wp-json\/wp\/v2\/pages\/"}],"about":[{"href":"https:\/\/www.pdhj.tl\/pt-pt\/wp-json\/wp\/v2\/types\/page\/"}],"author":[{"embeddable":true,"href":"https:\/\/www.pdhj.tl\/pt-pt\/wp-json\/wp\/v2\/users\/1\/"}],"replies":[{"embeddable":true,"href":"https:\/\/www.pdhj.tl\/pt-pt\/wp-json\/wp\/v2\/comments\/?post=2876"}],"version-history":[{"count":0,"href":"https:\/\/www.pdhj.tl\/pt-pt\/wp-json\/wp\/v2\/pages\/2876\/revisions\/"}],"wp:attachment":[{"href":"https:\/\/www.pdhj.tl\/pt-pt\/wp-json\/wp\/v2\/media\/?parent=2876"}],"curies":[{"name":"wp","href":"https:\/\/api.w.org\/{rel}","templated":true}]}}