{"id":2872,"date":"2014-06-16T05:31:17","date_gmt":"2014-06-16T05:31:17","guid":{"rendered":"http:\/\/pdhj.tl\/?page_id=2872"},"modified":"2014-06-18T06:55:06","modified_gmt":"2014-06-18T06:55:06","slug":"opinioes-legais-pareceres","status":"publish","type":"page","link":"https:\/\/www.pdhj.tl\/pt-pt\/legislacao\/opinioes-legais-pareceres\/","title":{"rendered":"Opini\u00f5es legais (pareceres)"},"content":{"rendered":"Cabe ao Provedor de Direitos Humanos e Justi\u00e7a em emitir opini\u00f5es legais (pareceres) em rela\u00e7\u00e3o aos esbo\u00e7os de leis, providenciando recomenda\u00e7\u00f5es sobre as maneiras de fortalecer os esbo\u00e7os de modo a garantir a sua complac\u00eancia com os padr\u00f5es de direitos humanos e com os princ\u00edpios de boa governa\u00e7\u00e3o.\r\n\r\nCabe ao Provedor de Direitos Humanos e Justi\u00e7a em recomendar a adop\u00e7\u00e3o de leis consideradas necess\u00e1rias aos direitos humanos e boa governa\u00e7\u00e3o posteriores.\r\n\r\nO Provedor de Direitos <a href=\"https:\/\/www.pdhj.tl\/pt-pt\/legislacao\/opinioes-legais-pareceres\/\" class=\"more-link\">Read more [...]<\/a>","protected":false},"excerpt":{"rendered":"<p>Cabe ao Provedor de Direitos Humanos e Justi\u00e7a em emitir opini\u00f5es legais (pareceres) em rela\u00e7\u00e3o aos esbo\u00e7os de leis, providenciando recomenda\u00e7\u00f5es sobre as maneiras de fortalecer os esbo\u00e7os de modo a garantir a sua complac\u00eancia com os padr\u00f5es de direitos humanos e com os princ\u00edpios de boa governa\u00e7\u00e3o. Cabe ao Provedor de Direitos Humanos e Justi\u00e7a em recomendar a adop\u00e7\u00e3o de leis consideradas necess\u00e1rias aos direitos humanos e boa governa\u00e7\u00e3o posteriores. O Provedor de Direitos Read more [&#8230;]<\/p>\n","protected":false},"author":1,"featured_media":0,"parent":2864,"menu_order":0,"comment_status":"open","ping_status":"open","template":"template-pagewithsidebar.php","meta":{"footnotes":""},"class_list":["post-2872","page","type-page","status-publish"],"yoast_head":"<!-- This site is optimized with the Yoast SEO plugin v26.9 - https:\/\/yoast.com\/product\/yoast-seo-wordpress\/ -->\n<title>Opini\u00f5es legais (pareceres) - PDHJ<\/title>\n<meta name=\"robots\" content=\"index, follow, max-snippet:-1, max-image-preview:large, max-video-preview:-1\" \/>\n<link rel=\"canonical\" href=\"https:\/\/www.pdhj.tl\/pt-pt\/legislacao\/opinioes-legais-pareceres\/\" \/>\n<meta property=\"og:locale\" content=\"pt_PT\" \/>\n<meta property=\"og:type\" content=\"article\" \/>\n<meta property=\"og:title\" content=\"Opini\u00f5es legais (pareceres) - PDHJ\" \/>\n<meta property=\"og:description\" content=\"Cabe ao Provedor de Direitos Humanos e Justi\u00e7a em emitir opini\u00f5es legais (pareceres) em rela\u00e7\u00e3o aos esbo\u00e7os de leis, providenciando recomenda\u00e7\u00f5es sobre as maneiras de fortalecer os esbo\u00e7os de modo a garantir a sua complac\u00eancia com os padr\u00f5es de direitos humanos e com os princ\u00edpios de boa governa\u00e7\u00e3o. Cabe ao Provedor de Direitos Humanos e Justi\u00e7a em recomendar a adop\u00e7\u00e3o de leis consideradas necess\u00e1rias aos direitos humanos e boa governa\u00e7\u00e3o posteriores. O Provedor de Direitos Read more [...]\" \/>\n<meta property=\"og:url\" content=\"https:\/\/www.pdhj.tl\/pt-pt\/legislacao\/opinioes-legais-pareceres\/\" \/>\n<meta property=\"og:site_name\" content=\"PDHJ\" \/>\n<meta property=\"article:publisher\" content=\"https:\/\/www.facebook.com\/PDHJTimorLeste\" \/>\n<meta property=\"article:modified_time\" content=\"2014-06-18T06:55:06+00:00\" \/>\n<meta name=\"twitter:card\" content=\"summary_large_image\" \/>\n<meta name=\"twitter:site\" content=\"@PDHJTimorLeste\" \/>\n<meta name=\"twitter:label1\" content=\"Tempo estimado de leitura\" \/>\n\t<meta name=\"twitter:data1\" content=\"1 minuto\" \/>\n<script type=\"application\/ld+json\" class=\"yoast-schema-graph\">{\"@context\":\"https:\/\/schema.org\",\"@graph\":[{\"@type\":\"WebPage\",\"@id\":\"https:\/\/www.pdhj.tl\/pt-pt\/legislacao\/opinioes-legais-pareceres\/\",\"url\":\"https:\/\/www.pdhj.tl\/pt-pt\/legislacao\/opinioes-legais-pareceres\/\",\"name\":\"Opini\u00f5es legais (pareceres) - PDHJ\",\"isPartOf\":{\"@id\":\"https:\/\/www.pdhj.tl\/#website\"},\"datePublished\":\"2014-06-16T05:31:17+00:00\",\"dateModified\":\"2014-06-18T06:55:06+00:00\",\"breadcrumb\":{\"@id\":\"https:\/\/www.pdhj.tl\/pt-pt\/legislacao\/opinioes-legais-pareceres\/#breadcrumb\"},\"inLanguage\":\"pt-PT\",\"potentialAction\":[{\"@type\":\"ReadAction\",\"target\":[\"https:\/\/www.pdhj.tl\/pt-pt\/legislacao\/opinioes-legais-pareceres\/\"]}]},{\"@type\":\"BreadcrumbList\",\"@id\":\"https:\/\/www.pdhj.tl\/pt-pt\/legislacao\/opinioes-legais-pareceres\/#breadcrumb\",\"itemListElement\":[{\"@type\":\"ListItem\",\"position\":1,\"name\":\"Home\",\"item\":\"https:\/\/www.pdhj.tl\/pt-pt\/home\/\"},{\"@type\":\"ListItem\",\"position\":2,\"name\":\"Legisla\u00e7\u00e3o\",\"item\":\"https:\/\/www.pdhj.tl\/pt-pt\/legislacao\/\"},{\"@type\":\"ListItem\",\"position\":3,\"name\":\"Opini\u00f5es legais (pareceres)\"}]},{\"@type\":\"WebSite\",\"@id\":\"https:\/\/www.pdhj.tl\/#website\",\"url\":\"https:\/\/www.pdhj.tl\/\",\"name\":\"PDHJ Timor-Leste\",\"description\":\"Provedoria dos Direitos Humanos e Justi\u00e7a\",\"publisher\":{\"@id\":\"https:\/\/www.pdhj.tl\/#organization\"},\"potentialAction\":[{\"@type\":\"SearchAction\",\"target\":{\"@type\":\"EntryPoint\",\"urlTemplate\":\"https:\/\/www.pdhj.tl\/?s={search_term_string}\"},\"query-input\":{\"@type\":\"PropertyValueSpecification\",\"valueRequired\":true,\"valueName\":\"search_term_string\"}}],\"inLanguage\":\"pt-PT\"},{\"@type\":\"Organization\",\"@id\":\"https:\/\/www.pdhj.tl\/#organization\",\"name\":\"PDHJ Timor-Leste\",\"url\":\"https:\/\/www.pdhj.tl\/\",\"logo\":{\"@type\":\"ImageObject\",\"inLanguage\":\"pt-PT\",\"@id\":\"https:\/\/www.pdhj.tl\/#\/schema\/logo\/image\/\",\"url\":\"https:\/\/www.pdhj.tl\/wp-content\/uploads\/2013\/11\/tplogo.png\",\"contentUrl\":\"https:\/\/www.pdhj.tl\/wp-content\/uploads\/2013\/11\/tplogo.png\",\"width\":280,\"height\":280,\"caption\":\"PDHJ Timor-Leste\"},\"image\":{\"@id\":\"https:\/\/www.pdhj.tl\/#\/schema\/logo\/image\/\"},\"sameAs\":[\"https:\/\/www.facebook.com\/PDHJTimorLeste\",\"https:\/\/x.com\/PDHJTimorLeste\",\"https:\/\/www.tiktok.com\/pdhj.tl\",\"https:\/\/www.instagram.com\/pdhj.tl\/\",\"https:\/\/www.linkedin.com\/company\/pdhj-tls\/\"]}]}<\/script>\n<!-- \/ Yoast SEO plugin. -->","yoast_head_json":{"title":"Opini\u00f5es legais (pareceres) - PDHJ","robots":{"index":"index","follow":"follow","max-snippet":"max-snippet:-1","max-image-preview":"max-image-preview:large","max-video-preview":"max-video-preview:-1"},"canonical":"https:\/\/www.pdhj.tl\/pt-pt\/legislacao\/opinioes-legais-pareceres\/","og_locale":"pt_PT","og_type":"article","og_title":"Opini\u00f5es legais (pareceres) - PDHJ","og_description":"Cabe ao Provedor de Direitos Humanos e Justi\u00e7a em emitir opini\u00f5es legais (pareceres) em rela\u00e7\u00e3o aos esbo\u00e7os de leis, providenciando recomenda\u00e7\u00f5es sobre as maneiras de fortalecer os esbo\u00e7os de modo a garantir a sua complac\u00eancia com os padr\u00f5es de direitos humanos e com os princ\u00edpios de boa governa\u00e7\u00e3o. Cabe ao Provedor de Direitos Humanos e Justi\u00e7a em recomendar a adop\u00e7\u00e3o de leis consideradas necess\u00e1rias aos direitos humanos e boa governa\u00e7\u00e3o posteriores. O Provedor de Direitos Read more [...]","og_url":"https:\/\/www.pdhj.tl\/pt-pt\/legislacao\/opinioes-legais-pareceres\/","og_site_name":"PDHJ","article_publisher":"https:\/\/www.facebook.com\/PDHJTimorLeste","article_modified_time":"2014-06-18T06:55:06+00:00","twitter_card":"summary_large_image","twitter_site":"@PDHJTimorLeste","twitter_misc":{"Tempo estimado de leitura":"1 minuto"},"schema":{"@context":"https:\/\/schema.org","@graph":[{"@type":"WebPage","@id":"https:\/\/www.pdhj.tl\/pt-pt\/legislacao\/opinioes-legais-pareceres\/","url":"https:\/\/www.pdhj.tl\/pt-pt\/legislacao\/opinioes-legais-pareceres\/","name":"Opini\u00f5es legais (pareceres) - PDHJ","isPartOf":{"@id":"https:\/\/www.pdhj.tl\/#website"},"datePublished":"2014-06-16T05:31:17+00:00","dateModified":"2014-06-18T06:55:06+00:00","breadcrumb":{"@id":"https:\/\/www.pdhj.tl\/pt-pt\/legislacao\/opinioes-legais-pareceres\/#breadcrumb"},"inLanguage":"pt-PT","potentialAction":[{"@type":"ReadAction","target":["https:\/\/www.pdhj.tl\/pt-pt\/legislacao\/opinioes-legais-pareceres\/"]}]},{"@type":"BreadcrumbList","@id":"https:\/\/www.pdhj.tl\/pt-pt\/legislacao\/opinioes-legais-pareceres\/#breadcrumb","itemListElement":[{"@type":"ListItem","position":1,"name":"Home","item":"https:\/\/www.pdhj.tl\/pt-pt\/home\/"},{"@type":"ListItem","position":2,"name":"Legisla\u00e7\u00e3o","item":"https:\/\/www.pdhj.tl\/pt-pt\/legislacao\/"},{"@type":"ListItem","position":3,"name":"Opini\u00f5es legais (pareceres)"}]},{"@type":"WebSite","@id":"https:\/\/www.pdhj.tl\/#website","url":"https:\/\/www.pdhj.tl\/","name":"PDHJ Timor-Leste","description":"Provedoria dos Direitos Humanos e Justi\u00e7a","publisher":{"@id":"https:\/\/www.pdhj.tl\/#organization"},"potentialAction":[{"@type":"SearchAction","target":{"@type":"EntryPoint","urlTemplate":"https:\/\/www.pdhj.tl\/?s={search_term_string}"},"query-input":{"@type":"PropertyValueSpecification","valueRequired":true,"valueName":"search_term_string"}}],"inLanguage":"pt-PT"},{"@type":"Organization","@id":"https:\/\/www.pdhj.tl\/#organization","name":"PDHJ Timor-Leste","url":"https:\/\/www.pdhj.tl\/","logo":{"@type":"ImageObject","inLanguage":"pt-PT","@id":"https:\/\/www.pdhj.tl\/#\/schema\/logo\/image\/","url":"https:\/\/www.pdhj.tl\/wp-content\/uploads\/2013\/11\/tplogo.png","contentUrl":"https:\/\/www.pdhj.tl\/wp-content\/uploads\/2013\/11\/tplogo.png","width":280,"height":280,"caption":"PDHJ Timor-Leste"},"image":{"@id":"https:\/\/www.pdhj.tl\/#\/schema\/logo\/image\/"},"sameAs":["https:\/\/www.facebook.com\/PDHJTimorLeste","https:\/\/x.com\/PDHJTimorLeste","https:\/\/www.tiktok.com\/pdhj.tl","https:\/\/www.instagram.com\/pdhj.tl\/","https:\/\/www.linkedin.com\/company\/pdhj-tls\/"]}]}},"_links":{"self":[{"href":"https:\/\/www.pdhj.tl\/pt-pt\/wp-json\/wp\/v2\/pages\/2872\/"}],"collection":[{"href":"https:\/\/www.pdhj.tl\/pt-pt\/wp-json\/wp\/v2\/pages\/"}],"about":[{"href":"https:\/\/www.pdhj.tl\/pt-pt\/wp-json\/wp\/v2\/types\/page\/"}],"author":[{"embeddable":true,"href":"https:\/\/www.pdhj.tl\/pt-pt\/wp-json\/wp\/v2\/users\/1\/"}],"replies":[{"embeddable":true,"href":"https:\/\/www.pdhj.tl\/pt-pt\/wp-json\/wp\/v2\/comments\/?post=2872"}],"version-history":[{"count":0,"href":"https:\/\/www.pdhj.tl\/pt-pt\/wp-json\/wp\/v2\/pages\/2872\/revisions\/"}],"up":[{"embeddable":true,"href":"https:\/\/www.pdhj.tl\/pt-pt\/wp-json\/wp\/v2\/pages\/2864\/"}],"wp:attachment":[{"href":"https:\/\/www.pdhj.tl\/pt-pt\/wp-json\/wp\/v2\/media\/?parent=2872"}],"curies":[{"name":"wp","href":"https:\/\/api.w.org\/{rel}","templated":true}]}}