{"id":2870,"date":"2014-06-16T05:30:18","date_gmt":"2014-06-16T05:30:18","guid":{"rendered":"http:\/\/pdhj.tl\/?page_id=2870"},"modified":"2014-06-18T06:54:55","modified_gmt":"2014-06-18T06:54:55","slug":"legislacao-de-direitos-humanos-e-de-boa-governacao-relevante","status":"publish","type":"page","link":"https:\/\/www.pdhj.tl\/pt-pt\/legislacao\/legislacao-de-direitos-humanos-e-de-boa-governacao-relevante\/","title":{"rendered":"Legisla\u00e7\u00e3o de direitos humanos e de boa governa\u00e7\u00e3o relevante"},"content":{"rendered":"O enquadramento jur\u00eddico de Timor-Leste ainda est\u00e1 em desenvolvimento, e mesmo que tantas leis j\u00e1 tinham sido promulgadas, as quais se relacionam diretamente ao gozo de padr\u00f5es de direitos humanos e \u00e0 garantia de boa governa\u00e7\u00e3o, o enquadramento jur\u00eddico ainda se encontra com v\u00e1rias lacunas que necessita de ser desenvolvido gradualmente.\r\n\r\nAlgumas das legisla\u00e7\u00f5es relativas aos padr\u00f5es de direitos humanos e dos princ\u00edpios de boa governa\u00e7\u00e3o s\u00e3o as segiuntes:\r\n\r\n\tA Lei da Liberdade de <a href=\"https:\/\/www.pdhj.tl\/pt-pt\/legislacao\/legislacao-de-direitos-humanos-e-de-boa-governacao-relevante\/\" class=\"more-link\">Read more [...]<\/a>","protected":false},"excerpt":{"rendered":"<p>O enquadramento jur\u00eddico de Timor-Leste ainda est\u00e1 em desenvolvimento, e mesmo que tantas leis j\u00e1 tinham sido promulgadas, as quais se relacionam diretamente ao gozo de padr\u00f5es de direitos humanos e \u00e0 garantia de boa governa\u00e7\u00e3o, o enquadramento jur\u00eddico ainda se encontra com v\u00e1rias lacunas que necessita de ser desenvolvido gradualmente. Algumas das legisla\u00e7\u00f5es relativas aos padr\u00f5es de direitos humanos e dos princ\u00edpios de boa governa\u00e7\u00e3o s\u00e3o as segiuntes: A Lei da Liberdade de Read more [&#8230;]<\/p>\n","protected":false},"author":1,"featured_media":0,"parent":2864,"menu_order":0,"comment_status":"open","ping_status":"open","template":"template-pagewithsidebar.php","meta":{"footnotes":""},"class_list":["post-2870","page","type-page","status-publish"],"yoast_head":"<!-- This site is optimized with the Yoast SEO plugin v26.9 - https:\/\/yoast.com\/product\/yoast-seo-wordpress\/ -->\n<title>Legisla\u00e7\u00e3o de direitos humanos e de boa governa\u00e7\u00e3o relevante - PDHJ<\/title>\n<meta name=\"robots\" content=\"index, follow, max-snippet:-1, max-image-preview:large, max-video-preview:-1\" \/>\n<link rel=\"canonical\" href=\"https:\/\/www.pdhj.tl\/pt-pt\/legislacao\/legislacao-de-direitos-humanos-e-de-boa-governacao-relevante\/\" \/>\n<meta property=\"og:locale\" content=\"pt_PT\" \/>\n<meta property=\"og:type\" content=\"article\" \/>\n<meta property=\"og:title\" content=\"Legisla\u00e7\u00e3o de direitos humanos e de boa governa\u00e7\u00e3o relevante - PDHJ\" \/>\n<meta property=\"og:description\" content=\"O enquadramento jur\u00eddico de Timor-Leste ainda est\u00e1 em desenvolvimento, e mesmo que tantas leis j\u00e1 tinham sido promulgadas, as quais se relacionam diretamente ao gozo de padr\u00f5es de direitos humanos e \u00e0 garantia de boa governa\u00e7\u00e3o, o enquadramento jur\u00eddico ainda se encontra com v\u00e1rias lacunas que necessita de ser desenvolvido gradualmente. Algumas das legisla\u00e7\u00f5es relativas aos padr\u00f5es de direitos humanos e dos princ\u00edpios de boa governa\u00e7\u00e3o s\u00e3o as segiuntes: A Lei da Liberdade de Read more [...]\" \/>\n<meta property=\"og:url\" content=\"https:\/\/www.pdhj.tl\/pt-pt\/legislacao\/legislacao-de-direitos-humanos-e-de-boa-governacao-relevante\/\" \/>\n<meta property=\"og:site_name\" content=\"PDHJ\" \/>\n<meta property=\"article:publisher\" content=\"https:\/\/www.facebook.com\/PDHJTimorLeste\" \/>\n<meta property=\"article:modified_time\" content=\"2014-06-18T06:54:55+00:00\" \/>\n<meta name=\"twitter:card\" content=\"summary_large_image\" \/>\n<meta name=\"twitter:site\" content=\"@PDHJTimorLeste\" \/>\n<meta name=\"twitter:label1\" content=\"Tempo estimado de leitura\" \/>\n\t<meta name=\"twitter:data1\" content=\"1 minuto\" \/>\n<script type=\"application\/ld+json\" class=\"yoast-schema-graph\">{\"@context\":\"https:\/\/schema.org\",\"@graph\":[{\"@type\":\"WebPage\",\"@id\":\"https:\/\/www.pdhj.tl\/pt-pt\/legislacao\/legislacao-de-direitos-humanos-e-de-boa-governacao-relevante\/\",\"url\":\"https:\/\/www.pdhj.tl\/pt-pt\/legislacao\/legislacao-de-direitos-humanos-e-de-boa-governacao-relevante\/\",\"name\":\"Legisla\u00e7\u00e3o de direitos humanos e de boa governa\u00e7\u00e3o relevante - PDHJ\",\"isPartOf\":{\"@id\":\"https:\/\/www.pdhj.tl\/#website\"},\"datePublished\":\"2014-06-16T05:30:18+00:00\",\"dateModified\":\"2014-06-18T06:54:55+00:00\",\"breadcrumb\":{\"@id\":\"https:\/\/www.pdhj.tl\/pt-pt\/legislacao\/legislacao-de-direitos-humanos-e-de-boa-governacao-relevante\/#breadcrumb\"},\"inLanguage\":\"pt-PT\",\"potentialAction\":[{\"@type\":\"ReadAction\",\"target\":[\"https:\/\/www.pdhj.tl\/pt-pt\/legislacao\/legislacao-de-direitos-humanos-e-de-boa-governacao-relevante\/\"]}]},{\"@type\":\"BreadcrumbList\",\"@id\":\"https:\/\/www.pdhj.tl\/pt-pt\/legislacao\/legislacao-de-direitos-humanos-e-de-boa-governacao-relevante\/#breadcrumb\",\"itemListElement\":[{\"@type\":\"ListItem\",\"position\":1,\"name\":\"Home\",\"item\":\"https:\/\/www.pdhj.tl\/pt-pt\/home\/\"},{\"@type\":\"ListItem\",\"position\":2,\"name\":\"Legisla\u00e7\u00e3o\",\"item\":\"https:\/\/www.pdhj.tl\/pt-pt\/legislacao\/\"},{\"@type\":\"ListItem\",\"position\":3,\"name\":\"Legisla\u00e7\u00e3o de direitos humanos e de boa governa\u00e7\u00e3o relevante\"}]},{\"@type\":\"WebSite\",\"@id\":\"https:\/\/www.pdhj.tl\/#website\",\"url\":\"https:\/\/www.pdhj.tl\/\",\"name\":\"PDHJ Timor-Leste\",\"description\":\"Provedoria dos Direitos Humanos e Justi\u00e7a\",\"publisher\":{\"@id\":\"https:\/\/www.pdhj.tl\/#organization\"},\"potentialAction\":[{\"@type\":\"SearchAction\",\"target\":{\"@type\":\"EntryPoint\",\"urlTemplate\":\"https:\/\/www.pdhj.tl\/?s={search_term_string}\"},\"query-input\":{\"@type\":\"PropertyValueSpecification\",\"valueRequired\":true,\"valueName\":\"search_term_string\"}}],\"inLanguage\":\"pt-PT\"},{\"@type\":\"Organization\",\"@id\":\"https:\/\/www.pdhj.tl\/#organization\",\"name\":\"PDHJ Timor-Leste\",\"url\":\"https:\/\/www.pdhj.tl\/\",\"logo\":{\"@type\":\"ImageObject\",\"inLanguage\":\"pt-PT\",\"@id\":\"https:\/\/www.pdhj.tl\/#\/schema\/logo\/image\/\",\"url\":\"https:\/\/www.pdhj.tl\/wp-content\/uploads\/2013\/11\/tplogo.png\",\"contentUrl\":\"https:\/\/www.pdhj.tl\/wp-content\/uploads\/2013\/11\/tplogo.png\",\"width\":280,\"height\":280,\"caption\":\"PDHJ Timor-Leste\"},\"image\":{\"@id\":\"https:\/\/www.pdhj.tl\/#\/schema\/logo\/image\/\"},\"sameAs\":[\"https:\/\/www.facebook.com\/PDHJTimorLeste\",\"https:\/\/x.com\/PDHJTimorLeste\",\"https:\/\/www.tiktok.com\/pdhj.tl\",\"https:\/\/www.instagram.com\/pdhj.tl\/\",\"https:\/\/www.linkedin.com\/company\/pdhj-tls\/\"]}]}<\/script>\n<!-- \/ Yoast SEO plugin. -->","yoast_head_json":{"title":"Legisla\u00e7\u00e3o de direitos humanos e de boa governa\u00e7\u00e3o relevante - PDHJ","robots":{"index":"index","follow":"follow","max-snippet":"max-snippet:-1","max-image-preview":"max-image-preview:large","max-video-preview":"max-video-preview:-1"},"canonical":"https:\/\/www.pdhj.tl\/pt-pt\/legislacao\/legislacao-de-direitos-humanos-e-de-boa-governacao-relevante\/","og_locale":"pt_PT","og_type":"article","og_title":"Legisla\u00e7\u00e3o de direitos humanos e de boa governa\u00e7\u00e3o relevante - PDHJ","og_description":"O enquadramento jur\u00eddico de Timor-Leste ainda est\u00e1 em desenvolvimento, e mesmo que tantas leis j\u00e1 tinham sido promulgadas, as quais se relacionam diretamente ao gozo de padr\u00f5es de direitos humanos e \u00e0 garantia de boa governa\u00e7\u00e3o, o enquadramento jur\u00eddico ainda se encontra com v\u00e1rias lacunas que necessita de ser desenvolvido gradualmente. Algumas das legisla\u00e7\u00f5es relativas aos padr\u00f5es de direitos humanos e dos princ\u00edpios de boa governa\u00e7\u00e3o s\u00e3o as segiuntes: A Lei da Liberdade de Read more [...]","og_url":"https:\/\/www.pdhj.tl\/pt-pt\/legislacao\/legislacao-de-direitos-humanos-e-de-boa-governacao-relevante\/","og_site_name":"PDHJ","article_publisher":"https:\/\/www.facebook.com\/PDHJTimorLeste","article_modified_time":"2014-06-18T06:54:55+00:00","twitter_card":"summary_large_image","twitter_site":"@PDHJTimorLeste","twitter_misc":{"Tempo estimado de leitura":"1 minuto"},"schema":{"@context":"https:\/\/schema.org","@graph":[{"@type":"WebPage","@id":"https:\/\/www.pdhj.tl\/pt-pt\/legislacao\/legislacao-de-direitos-humanos-e-de-boa-governacao-relevante\/","url":"https:\/\/www.pdhj.tl\/pt-pt\/legislacao\/legislacao-de-direitos-humanos-e-de-boa-governacao-relevante\/","name":"Legisla\u00e7\u00e3o de direitos humanos e de boa governa\u00e7\u00e3o relevante - PDHJ","isPartOf":{"@id":"https:\/\/www.pdhj.tl\/#website"},"datePublished":"2014-06-16T05:30:18+00:00","dateModified":"2014-06-18T06:54:55+00:00","breadcrumb":{"@id":"https:\/\/www.pdhj.tl\/pt-pt\/legislacao\/legislacao-de-direitos-humanos-e-de-boa-governacao-relevante\/#breadcrumb"},"inLanguage":"pt-PT","potentialAction":[{"@type":"ReadAction","target":["https:\/\/www.pdhj.tl\/pt-pt\/legislacao\/legislacao-de-direitos-humanos-e-de-boa-governacao-relevante\/"]}]},{"@type":"BreadcrumbList","@id":"https:\/\/www.pdhj.tl\/pt-pt\/legislacao\/legislacao-de-direitos-humanos-e-de-boa-governacao-relevante\/#breadcrumb","itemListElement":[{"@type":"ListItem","position":1,"name":"Home","item":"https:\/\/www.pdhj.tl\/pt-pt\/home\/"},{"@type":"ListItem","position":2,"name":"Legisla\u00e7\u00e3o","item":"https:\/\/www.pdhj.tl\/pt-pt\/legislacao\/"},{"@type":"ListItem","position":3,"name":"Legisla\u00e7\u00e3o de direitos humanos e de boa governa\u00e7\u00e3o relevante"}]},{"@type":"WebSite","@id":"https:\/\/www.pdhj.tl\/#website","url":"https:\/\/www.pdhj.tl\/","name":"PDHJ Timor-Leste","description":"Provedoria dos Direitos Humanos e Justi\u00e7a","publisher":{"@id":"https:\/\/www.pdhj.tl\/#organization"},"potentialAction":[{"@type":"SearchAction","target":{"@type":"EntryPoint","urlTemplate":"https:\/\/www.pdhj.tl\/?s={search_term_string}"},"query-input":{"@type":"PropertyValueSpecification","valueRequired":true,"valueName":"search_term_string"}}],"inLanguage":"pt-PT"},{"@type":"Organization","@id":"https:\/\/www.pdhj.tl\/#organization","name":"PDHJ Timor-Leste","url":"https:\/\/www.pdhj.tl\/","logo":{"@type":"ImageObject","inLanguage":"pt-PT","@id":"https:\/\/www.pdhj.tl\/#\/schema\/logo\/image\/","url":"https:\/\/www.pdhj.tl\/wp-content\/uploads\/2013\/11\/tplogo.png","contentUrl":"https:\/\/www.pdhj.tl\/wp-content\/uploads\/2013\/11\/tplogo.png","width":280,"height":280,"caption":"PDHJ Timor-Leste"},"image":{"@id":"https:\/\/www.pdhj.tl\/#\/schema\/logo\/image\/"},"sameAs":["https:\/\/www.facebook.com\/PDHJTimorLeste","https:\/\/x.com\/PDHJTimorLeste","https:\/\/www.tiktok.com\/pdhj.tl","https:\/\/www.instagram.com\/pdhj.tl\/","https:\/\/www.linkedin.com\/company\/pdhj-tls\/"]}]}},"_links":{"self":[{"href":"https:\/\/www.pdhj.tl\/pt-pt\/wp-json\/wp\/v2\/pages\/2870\/"}],"collection":[{"href":"https:\/\/www.pdhj.tl\/pt-pt\/wp-json\/wp\/v2\/pages\/"}],"about":[{"href":"https:\/\/www.pdhj.tl\/pt-pt\/wp-json\/wp\/v2\/types\/page\/"}],"author":[{"embeddable":true,"href":"https:\/\/www.pdhj.tl\/pt-pt\/wp-json\/wp\/v2\/users\/1\/"}],"replies":[{"embeddable":true,"href":"https:\/\/www.pdhj.tl\/pt-pt\/wp-json\/wp\/v2\/comments\/?post=2870"}],"version-history":[{"count":0,"href":"https:\/\/www.pdhj.tl\/pt-pt\/wp-json\/wp\/v2\/pages\/2870\/revisions\/"}],"up":[{"embeddable":true,"href":"https:\/\/www.pdhj.tl\/pt-pt\/wp-json\/wp\/v2\/pages\/2864\/"}],"wp:attachment":[{"href":"https:\/\/www.pdhj.tl\/pt-pt\/wp-json\/wp\/v2\/media\/?parent=2870"}],"curies":[{"name":"wp","href":"https:\/\/api.w.org\/{rel}","templated":true}]}}