{"id":2868,"date":"2014-06-16T05:29:10","date_gmt":"2014-06-16T05:29:10","guid":{"rendered":"http:\/\/pdhj.tl\/?page_id=2868"},"modified":"2014-06-16T05:29:10","modified_gmt":"2014-06-16T05:29:10","slug":"violacoes-de-direitos-humanos-e-de-boa-governacao","status":"publish","type":"page","link":"https:\/\/www.pdhj.tl\/pt-pt\/legislacao\/violacoes-de-direitos-humanos-e-de-boa-governacao\/","title":{"rendered":"Viola\u00e7\u00f5es de direitos humanos e de boa governa\u00e7\u00e3o"},"content":{"rendered":"O trabalho do Provedor \u00e9 orientado com a identifica\u00e7\u00e3o e an\u00e1lise das viola\u00e7\u00f5es de direitos humanos e de boa governa\u00e7\u00e3o.\r\n\r\nNa implementa\u00e7\u00e3o do seu trabalho, o Provedor tinha usado os tratados internacionais de direitos humanos ratificados por Timor-Leste como as principais legisla\u00e7\u00f5es que, al\u00e9m da Constitui\u00e7\u00e3o, \u00a0estabelecem os direitos dos indiv\u00edduos e das fun\u00e7\u00f5es do Estado.\r\n\r\nAs Viola\u00e7\u00f5es de Direitos Humanos s\u00e3o enquadradas na Constitui\u00e7\u00e3o da RDTL e nos tratados internacionais <a href=\"https:\/\/www.pdhj.tl\/pt-pt\/legislacao\/violacoes-de-direitos-humanos-e-de-boa-governacao\/\" class=\"more-link\">Read more [...]<\/a>","protected":false},"excerpt":{"rendered":"<p>O trabalho do Provedor \u00e9 orientado com a identifica\u00e7\u00e3o e an\u00e1lise das viola\u00e7\u00f5es de direitos humanos e de boa governa\u00e7\u00e3o. Na implementa\u00e7\u00e3o do seu trabalho, o Provedor tinha usado os tratados internacionais de direitos humanos ratificados por Timor-Leste como as principais legisla\u00e7\u00f5es que, al\u00e9m da Constitui\u00e7\u00e3o, \u00a0estabelecem os direitos dos indiv\u00edduos e das fun\u00e7\u00f5es do Estado. As Viola\u00e7\u00f5es de Direitos Humanos s\u00e3o enquadradas na Constitui\u00e7\u00e3o da RDTL e nos tratados internacionais Read more [&#8230;]<\/p>\n","protected":false},"author":1,"featured_media":0,"parent":2864,"menu_order":0,"comment_status":"closed","ping_status":"closed","template":"template-pagewithsidebar.php","meta":{"footnotes":""},"class_list":["post-2868","page","type-page","status-publish"],"yoast_head":"<!-- This site is optimized with the Yoast SEO plugin v26.9 - https:\/\/yoast.com\/product\/yoast-seo-wordpress\/ -->\n<title>Viola\u00e7\u00f5es de direitos humanos e de boa governa\u00e7\u00e3o - PDHJ<\/title>\n<meta name=\"robots\" content=\"index, follow, max-snippet:-1, max-image-preview:large, max-video-preview:-1\" \/>\n<link rel=\"canonical\" href=\"https:\/\/www.pdhj.tl\/pt-pt\/legislacao\/violacoes-de-direitos-humanos-e-de-boa-governacao\/\" \/>\n<meta property=\"og:locale\" content=\"pt_PT\" \/>\n<meta property=\"og:type\" content=\"article\" \/>\n<meta property=\"og:title\" content=\"Viola\u00e7\u00f5es de direitos humanos e de boa governa\u00e7\u00e3o - PDHJ\" \/>\n<meta property=\"og:description\" content=\"O trabalho do Provedor \u00e9 orientado com a identifica\u00e7\u00e3o e an\u00e1lise das viola\u00e7\u00f5es de direitos humanos e de boa governa\u00e7\u00e3o. Na implementa\u00e7\u00e3o do seu trabalho, o Provedor tinha usado os tratados internacionais de direitos humanos ratificados por Timor-Leste como as principais legisla\u00e7\u00f5es que, al\u00e9m da Constitui\u00e7\u00e3o, \u00a0estabelecem os direitos dos indiv\u00edduos e das fun\u00e7\u00f5es do Estado. As Viola\u00e7\u00f5es de Direitos Humanos s\u00e3o enquadradas na Constitui\u00e7\u00e3o da RDTL e nos tratados internacionais Read more [...]\" \/>\n<meta property=\"og:url\" content=\"https:\/\/www.pdhj.tl\/pt-pt\/legislacao\/violacoes-de-direitos-humanos-e-de-boa-governacao\/\" \/>\n<meta property=\"og:site_name\" content=\"PDHJ\" \/>\n<meta property=\"article:publisher\" content=\"https:\/\/www.facebook.com\/PDHJTimorLeste\" \/>\n<meta name=\"twitter:card\" content=\"summary_large_image\" \/>\n<meta name=\"twitter:site\" content=\"@PDHJTimorLeste\" \/>\n<meta name=\"twitter:label1\" content=\"Tempo estimado de leitura\" \/>\n\t<meta name=\"twitter:data1\" content=\"1 minuto\" \/>\n<script type=\"application\/ld+json\" class=\"yoast-schema-graph\">{\"@context\":\"https:\/\/schema.org\",\"@graph\":[{\"@type\":\"WebPage\",\"@id\":\"https:\/\/www.pdhj.tl\/pt-pt\/legislacao\/violacoes-de-direitos-humanos-e-de-boa-governacao\/\",\"url\":\"https:\/\/www.pdhj.tl\/pt-pt\/legislacao\/violacoes-de-direitos-humanos-e-de-boa-governacao\/\",\"name\":\"Viola\u00e7\u00f5es de direitos humanos e de boa governa\u00e7\u00e3o - PDHJ\",\"isPartOf\":{\"@id\":\"https:\/\/www.pdhj.tl\/#website\"},\"datePublished\":\"2014-06-16T05:29:10+00:00\",\"breadcrumb\":{\"@id\":\"https:\/\/www.pdhj.tl\/pt-pt\/legislacao\/violacoes-de-direitos-humanos-e-de-boa-governacao\/#breadcrumb\"},\"inLanguage\":\"pt-PT\",\"potentialAction\":[{\"@type\":\"ReadAction\",\"target\":[\"https:\/\/www.pdhj.tl\/pt-pt\/legislacao\/violacoes-de-direitos-humanos-e-de-boa-governacao\/\"]}]},{\"@type\":\"BreadcrumbList\",\"@id\":\"https:\/\/www.pdhj.tl\/pt-pt\/legislacao\/violacoes-de-direitos-humanos-e-de-boa-governacao\/#breadcrumb\",\"itemListElement\":[{\"@type\":\"ListItem\",\"position\":1,\"name\":\"Home\",\"item\":\"https:\/\/www.pdhj.tl\/pt-pt\/home\/\"},{\"@type\":\"ListItem\",\"position\":2,\"name\":\"Legisla\u00e7\u00e3o\",\"item\":\"https:\/\/www.pdhj.tl\/pt-pt\/legislacao\/\"},{\"@type\":\"ListItem\",\"position\":3,\"name\":\"Viola\u00e7\u00f5es de direitos humanos e de boa governa\u00e7\u00e3o\"}]},{\"@type\":\"WebSite\",\"@id\":\"https:\/\/www.pdhj.tl\/#website\",\"url\":\"https:\/\/www.pdhj.tl\/\",\"name\":\"PDHJ Timor-Leste\",\"description\":\"Provedoria dos Direitos Humanos e Justi\u00e7a\",\"publisher\":{\"@id\":\"https:\/\/www.pdhj.tl\/#organization\"},\"potentialAction\":[{\"@type\":\"SearchAction\",\"target\":{\"@type\":\"EntryPoint\",\"urlTemplate\":\"https:\/\/www.pdhj.tl\/?s={search_term_string}\"},\"query-input\":{\"@type\":\"PropertyValueSpecification\",\"valueRequired\":true,\"valueName\":\"search_term_string\"}}],\"inLanguage\":\"pt-PT\"},{\"@type\":\"Organization\",\"@id\":\"https:\/\/www.pdhj.tl\/#organization\",\"name\":\"PDHJ Timor-Leste\",\"url\":\"https:\/\/www.pdhj.tl\/\",\"logo\":{\"@type\":\"ImageObject\",\"inLanguage\":\"pt-PT\",\"@id\":\"https:\/\/www.pdhj.tl\/#\/schema\/logo\/image\/\",\"url\":\"https:\/\/www.pdhj.tl\/wp-content\/uploads\/2013\/11\/tplogo.png\",\"contentUrl\":\"https:\/\/www.pdhj.tl\/wp-content\/uploads\/2013\/11\/tplogo.png\",\"width\":280,\"height\":280,\"caption\":\"PDHJ Timor-Leste\"},\"image\":{\"@id\":\"https:\/\/www.pdhj.tl\/#\/schema\/logo\/image\/\"},\"sameAs\":[\"https:\/\/www.facebook.com\/PDHJTimorLeste\",\"https:\/\/x.com\/PDHJTimorLeste\",\"https:\/\/www.tiktok.com\/pdhj.tl\",\"https:\/\/www.instagram.com\/pdhj.tl\/\",\"https:\/\/www.linkedin.com\/company\/pdhj-tls\/\"]}]}<\/script>\n<!-- \/ Yoast SEO plugin. -->","yoast_head_json":{"title":"Viola\u00e7\u00f5es de direitos humanos e de boa governa\u00e7\u00e3o - PDHJ","robots":{"index":"index","follow":"follow","max-snippet":"max-snippet:-1","max-image-preview":"max-image-preview:large","max-video-preview":"max-video-preview:-1"},"canonical":"https:\/\/www.pdhj.tl\/pt-pt\/legislacao\/violacoes-de-direitos-humanos-e-de-boa-governacao\/","og_locale":"pt_PT","og_type":"article","og_title":"Viola\u00e7\u00f5es de direitos humanos e de boa governa\u00e7\u00e3o - PDHJ","og_description":"O trabalho do Provedor \u00e9 orientado com a identifica\u00e7\u00e3o e an\u00e1lise das viola\u00e7\u00f5es de direitos humanos e de boa governa\u00e7\u00e3o. Na implementa\u00e7\u00e3o do seu trabalho, o Provedor tinha usado os tratados internacionais de direitos humanos ratificados por Timor-Leste como as principais legisla\u00e7\u00f5es que, al\u00e9m da Constitui\u00e7\u00e3o, \u00a0estabelecem os direitos dos indiv\u00edduos e das fun\u00e7\u00f5es do Estado. As Viola\u00e7\u00f5es de Direitos Humanos s\u00e3o enquadradas na Constitui\u00e7\u00e3o da RDTL e nos tratados internacionais Read more [...]","og_url":"https:\/\/www.pdhj.tl\/pt-pt\/legislacao\/violacoes-de-direitos-humanos-e-de-boa-governacao\/","og_site_name":"PDHJ","article_publisher":"https:\/\/www.facebook.com\/PDHJTimorLeste","twitter_card":"summary_large_image","twitter_site":"@PDHJTimorLeste","twitter_misc":{"Tempo estimado de leitura":"1 minuto"},"schema":{"@context":"https:\/\/schema.org","@graph":[{"@type":"WebPage","@id":"https:\/\/www.pdhj.tl\/pt-pt\/legislacao\/violacoes-de-direitos-humanos-e-de-boa-governacao\/","url":"https:\/\/www.pdhj.tl\/pt-pt\/legislacao\/violacoes-de-direitos-humanos-e-de-boa-governacao\/","name":"Viola\u00e7\u00f5es de direitos humanos e de boa governa\u00e7\u00e3o - PDHJ","isPartOf":{"@id":"https:\/\/www.pdhj.tl\/#website"},"datePublished":"2014-06-16T05:29:10+00:00","breadcrumb":{"@id":"https:\/\/www.pdhj.tl\/pt-pt\/legislacao\/violacoes-de-direitos-humanos-e-de-boa-governacao\/#breadcrumb"},"inLanguage":"pt-PT","potentialAction":[{"@type":"ReadAction","target":["https:\/\/www.pdhj.tl\/pt-pt\/legislacao\/violacoes-de-direitos-humanos-e-de-boa-governacao\/"]}]},{"@type":"BreadcrumbList","@id":"https:\/\/www.pdhj.tl\/pt-pt\/legislacao\/violacoes-de-direitos-humanos-e-de-boa-governacao\/#breadcrumb","itemListElement":[{"@type":"ListItem","position":1,"name":"Home","item":"https:\/\/www.pdhj.tl\/pt-pt\/home\/"},{"@type":"ListItem","position":2,"name":"Legisla\u00e7\u00e3o","item":"https:\/\/www.pdhj.tl\/pt-pt\/legislacao\/"},{"@type":"ListItem","position":3,"name":"Viola\u00e7\u00f5es de direitos humanos e de boa governa\u00e7\u00e3o"}]},{"@type":"WebSite","@id":"https:\/\/www.pdhj.tl\/#website","url":"https:\/\/www.pdhj.tl\/","name":"PDHJ Timor-Leste","description":"Provedoria dos Direitos Humanos e Justi\u00e7a","publisher":{"@id":"https:\/\/www.pdhj.tl\/#organization"},"potentialAction":[{"@type":"SearchAction","target":{"@type":"EntryPoint","urlTemplate":"https:\/\/www.pdhj.tl\/?s={search_term_string}"},"query-input":{"@type":"PropertyValueSpecification","valueRequired":true,"valueName":"search_term_string"}}],"inLanguage":"pt-PT"},{"@type":"Organization","@id":"https:\/\/www.pdhj.tl\/#organization","name":"PDHJ Timor-Leste","url":"https:\/\/www.pdhj.tl\/","logo":{"@type":"ImageObject","inLanguage":"pt-PT","@id":"https:\/\/www.pdhj.tl\/#\/schema\/logo\/image\/","url":"https:\/\/www.pdhj.tl\/wp-content\/uploads\/2013\/11\/tplogo.png","contentUrl":"https:\/\/www.pdhj.tl\/wp-content\/uploads\/2013\/11\/tplogo.png","width":280,"height":280,"caption":"PDHJ Timor-Leste"},"image":{"@id":"https:\/\/www.pdhj.tl\/#\/schema\/logo\/image\/"},"sameAs":["https:\/\/www.facebook.com\/PDHJTimorLeste","https:\/\/x.com\/PDHJTimorLeste","https:\/\/www.tiktok.com\/pdhj.tl","https:\/\/www.instagram.com\/pdhj.tl\/","https:\/\/www.linkedin.com\/company\/pdhj-tls\/"]}]}},"_links":{"self":[{"href":"https:\/\/www.pdhj.tl\/pt-pt\/wp-json\/wp\/v2\/pages\/2868\/"}],"collection":[{"href":"https:\/\/www.pdhj.tl\/pt-pt\/wp-json\/wp\/v2\/pages\/"}],"about":[{"href":"https:\/\/www.pdhj.tl\/pt-pt\/wp-json\/wp\/v2\/types\/page\/"}],"author":[{"embeddable":true,"href":"https:\/\/www.pdhj.tl\/pt-pt\/wp-json\/wp\/v2\/users\/1\/"}],"replies":[{"embeddable":true,"href":"https:\/\/www.pdhj.tl\/pt-pt\/wp-json\/wp\/v2\/comments\/?post=2868"}],"version-history":[{"count":0,"href":"https:\/\/www.pdhj.tl\/pt-pt\/wp-json\/wp\/v2\/pages\/2868\/revisions\/"}],"up":[{"embeddable":true,"href":"https:\/\/www.pdhj.tl\/pt-pt\/wp-json\/wp\/v2\/pages\/2864\/"}],"wp:attachment":[{"href":"https:\/\/www.pdhj.tl\/pt-pt\/wp-json\/wp\/v2\/media\/?parent=2868"}],"curies":[{"name":"wp","href":"https:\/\/api.w.org\/{rel}","templated":true}]}}