{"id":2866,"date":"2014-06-16T05:28:14","date_gmt":"2014-06-16T05:28:14","guid":{"rendered":"http:\/\/pdhj.tl\/?page_id=2866"},"modified":"2014-06-16T05:28:14","modified_gmt":"2014-06-16T05:28:14","slug":"independencia-e-imparcialidade","status":"publish","type":"page","link":"https:\/\/www.pdhj.tl\/pt-pt\/legislacao\/independencia-e-imparcialidade\/","title":{"rendered":"Independ\u00eancia e imparcialidade"},"content":{"rendered":"O Artigo 27o(1) da Constitui\u00e7\u00e3o da RDTL afirma que o Provedor de Direitos Humanos e Justi\u00e7a \u00e9 um \u00f3rg\u00e3o independente, n\u00e3o estando sujeito \u00e0 qualquer \u00f3rg\u00e3o. Por isso, o Provedor de Direitos Humanos e Justi\u00e7a n\u00e3o recebe instru\u00e7\u00f5es do Presidente da Rep\u00fablica, do Parlamento Nacional, do Primeiro Ministro ou do Governo relativas \u00e0s suas ac\u00e7\u00f5es e actividades.\r\n\r\nPara garantir essa independ\u00eancia e para evitar conflitos de interesses, todas as posi\u00e7\u00f5es dos funcion\u00e1rios da PDHJ s\u00e3o incompativeis <a href=\"https:\/\/www.pdhj.tl\/pt-pt\/legislacao\/independencia-e-imparcialidade\/\" class=\"more-link\">Read more [...]<\/a>","protected":false},"excerpt":{"rendered":"<p>O Artigo 27o(1) da Constitui\u00e7\u00e3o da RDTL afirma que o Provedor de Direitos Humanos e Justi\u00e7a \u00e9 um \u00f3rg\u00e3o independente, n\u00e3o estando sujeito \u00e0 qualquer \u00f3rg\u00e3o. Por isso, o Provedor de Direitos Humanos e Justi\u00e7a n\u00e3o recebe instru\u00e7\u00f5es do Presidente da Rep\u00fablica, do Parlamento Nacional, do Primeiro Ministro ou do Governo relativas \u00e0s suas ac\u00e7\u00f5es e actividades. Para garantir essa independ\u00eancia e para evitar conflitos de interesses, todas as posi\u00e7\u00f5es dos funcion\u00e1rios da PDHJ s\u00e3o incompativeis Read more [&#8230;]<\/p>\n","protected":false},"author":1,"featured_media":0,"parent":2864,"menu_order":0,"comment_status":"open","ping_status":"open","template":"template-pagewithsidebar.php","meta":{"footnotes":""},"class_list":["post-2866","page","type-page","status-publish"],"yoast_head":"<!-- This site is optimized with the Yoast SEO plugin v26.9 - https:\/\/yoast.com\/product\/yoast-seo-wordpress\/ -->\n<title>Independ\u00eancia e imparcialidade - PDHJ<\/title>\n<meta name=\"robots\" content=\"index, follow, max-snippet:-1, max-image-preview:large, max-video-preview:-1\" \/>\n<link rel=\"canonical\" href=\"https:\/\/www.pdhj.tl\/pt-pt\/legislacao\/independencia-e-imparcialidade\/\" \/>\n<meta property=\"og:locale\" content=\"pt_PT\" \/>\n<meta property=\"og:type\" content=\"article\" \/>\n<meta property=\"og:title\" content=\"Independ\u00eancia e imparcialidade - PDHJ\" \/>\n<meta property=\"og:description\" content=\"O Artigo 27o(1) da Constitui\u00e7\u00e3o da RDTL afirma que o Provedor de Direitos Humanos e Justi\u00e7a \u00e9 um \u00f3rg\u00e3o independente, n\u00e3o estando sujeito \u00e0 qualquer \u00f3rg\u00e3o. Por isso, o Provedor de Direitos Humanos e Justi\u00e7a n\u00e3o recebe instru\u00e7\u00f5es do Presidente da Rep\u00fablica, do Parlamento Nacional, do Primeiro Ministro ou do Governo relativas \u00e0s suas ac\u00e7\u00f5es e actividades. Para garantir essa independ\u00eancia e para evitar conflitos de interesses, todas as posi\u00e7\u00f5es dos funcion\u00e1rios da PDHJ s\u00e3o incompativeis Read more [...]\" \/>\n<meta property=\"og:url\" content=\"https:\/\/www.pdhj.tl\/pt-pt\/legislacao\/independencia-e-imparcialidade\/\" \/>\n<meta property=\"og:site_name\" content=\"PDHJ\" \/>\n<meta property=\"article:publisher\" content=\"https:\/\/www.facebook.com\/PDHJTimorLeste\" \/>\n<meta name=\"twitter:card\" content=\"summary_large_image\" \/>\n<meta name=\"twitter:site\" content=\"@PDHJTimorLeste\" \/>\n<meta name=\"twitter:label1\" content=\"Tempo estimado de leitura\" \/>\n\t<meta name=\"twitter:data1\" content=\"1 minuto\" \/>\n<script type=\"application\/ld+json\" class=\"yoast-schema-graph\">{\"@context\":\"https:\/\/schema.org\",\"@graph\":[{\"@type\":\"WebPage\",\"@id\":\"https:\/\/www.pdhj.tl\/pt-pt\/legislacao\/independencia-e-imparcialidade\/\",\"url\":\"https:\/\/www.pdhj.tl\/pt-pt\/legislacao\/independencia-e-imparcialidade\/\",\"name\":\"Independ\u00eancia e imparcialidade - PDHJ\",\"isPartOf\":{\"@id\":\"https:\/\/www.pdhj.tl\/#website\"},\"datePublished\":\"2014-06-16T05:28:14+00:00\",\"breadcrumb\":{\"@id\":\"https:\/\/www.pdhj.tl\/pt-pt\/legislacao\/independencia-e-imparcialidade\/#breadcrumb\"},\"inLanguage\":\"pt-PT\",\"potentialAction\":[{\"@type\":\"ReadAction\",\"target\":[\"https:\/\/www.pdhj.tl\/pt-pt\/legislacao\/independencia-e-imparcialidade\/\"]}]},{\"@type\":\"BreadcrumbList\",\"@id\":\"https:\/\/www.pdhj.tl\/pt-pt\/legislacao\/independencia-e-imparcialidade\/#breadcrumb\",\"itemListElement\":[{\"@type\":\"ListItem\",\"position\":1,\"name\":\"Home\",\"item\":\"https:\/\/www.pdhj.tl\/pt-pt\/home\/\"},{\"@type\":\"ListItem\",\"position\":2,\"name\":\"Legisla\u00e7\u00e3o\",\"item\":\"https:\/\/www.pdhj.tl\/pt-pt\/legislacao\/\"},{\"@type\":\"ListItem\",\"position\":3,\"name\":\"Independ\u00eancia e imparcialidade\"}]},{\"@type\":\"WebSite\",\"@id\":\"https:\/\/www.pdhj.tl\/#website\",\"url\":\"https:\/\/www.pdhj.tl\/\",\"name\":\"PDHJ Timor-Leste\",\"description\":\"Provedoria dos Direitos Humanos e Justi\u00e7a\",\"publisher\":{\"@id\":\"https:\/\/www.pdhj.tl\/#organization\"},\"potentialAction\":[{\"@type\":\"SearchAction\",\"target\":{\"@type\":\"EntryPoint\",\"urlTemplate\":\"https:\/\/www.pdhj.tl\/?s={search_term_string}\"},\"query-input\":{\"@type\":\"PropertyValueSpecification\",\"valueRequired\":true,\"valueName\":\"search_term_string\"}}],\"inLanguage\":\"pt-PT\"},{\"@type\":\"Organization\",\"@id\":\"https:\/\/www.pdhj.tl\/#organization\",\"name\":\"PDHJ Timor-Leste\",\"url\":\"https:\/\/www.pdhj.tl\/\",\"logo\":{\"@type\":\"ImageObject\",\"inLanguage\":\"pt-PT\",\"@id\":\"https:\/\/www.pdhj.tl\/#\/schema\/logo\/image\/\",\"url\":\"https:\/\/www.pdhj.tl\/wp-content\/uploads\/2013\/11\/tplogo.png\",\"contentUrl\":\"https:\/\/www.pdhj.tl\/wp-content\/uploads\/2013\/11\/tplogo.png\",\"width\":280,\"height\":280,\"caption\":\"PDHJ Timor-Leste\"},\"image\":{\"@id\":\"https:\/\/www.pdhj.tl\/#\/schema\/logo\/image\/\"},\"sameAs\":[\"https:\/\/www.facebook.com\/PDHJTimorLeste\",\"https:\/\/x.com\/PDHJTimorLeste\",\"https:\/\/www.tiktok.com\/pdhj.tl\",\"https:\/\/www.instagram.com\/pdhj.tl\/\",\"https:\/\/www.linkedin.com\/company\/pdhj-tls\/\"]}]}<\/script>\n<!-- \/ Yoast SEO plugin. -->","yoast_head_json":{"title":"Independ\u00eancia e imparcialidade - PDHJ","robots":{"index":"index","follow":"follow","max-snippet":"max-snippet:-1","max-image-preview":"max-image-preview:large","max-video-preview":"max-video-preview:-1"},"canonical":"https:\/\/www.pdhj.tl\/pt-pt\/legislacao\/independencia-e-imparcialidade\/","og_locale":"pt_PT","og_type":"article","og_title":"Independ\u00eancia e imparcialidade - PDHJ","og_description":"O Artigo 27o(1) da Constitui\u00e7\u00e3o da RDTL afirma que o Provedor de Direitos Humanos e Justi\u00e7a \u00e9 um \u00f3rg\u00e3o independente, n\u00e3o estando sujeito \u00e0 qualquer \u00f3rg\u00e3o. Por isso, o Provedor de Direitos Humanos e Justi\u00e7a n\u00e3o recebe instru\u00e7\u00f5es do Presidente da Rep\u00fablica, do Parlamento Nacional, do Primeiro Ministro ou do Governo relativas \u00e0s suas ac\u00e7\u00f5es e actividades. Para garantir essa independ\u00eancia e para evitar conflitos de interesses, todas as posi\u00e7\u00f5es dos funcion\u00e1rios da PDHJ s\u00e3o incompativeis Read more [...]","og_url":"https:\/\/www.pdhj.tl\/pt-pt\/legislacao\/independencia-e-imparcialidade\/","og_site_name":"PDHJ","article_publisher":"https:\/\/www.facebook.com\/PDHJTimorLeste","twitter_card":"summary_large_image","twitter_site":"@PDHJTimorLeste","twitter_misc":{"Tempo estimado de leitura":"1 minuto"},"schema":{"@context":"https:\/\/schema.org","@graph":[{"@type":"WebPage","@id":"https:\/\/www.pdhj.tl\/pt-pt\/legislacao\/independencia-e-imparcialidade\/","url":"https:\/\/www.pdhj.tl\/pt-pt\/legislacao\/independencia-e-imparcialidade\/","name":"Independ\u00eancia e imparcialidade - PDHJ","isPartOf":{"@id":"https:\/\/www.pdhj.tl\/#website"},"datePublished":"2014-06-16T05:28:14+00:00","breadcrumb":{"@id":"https:\/\/www.pdhj.tl\/pt-pt\/legislacao\/independencia-e-imparcialidade\/#breadcrumb"},"inLanguage":"pt-PT","potentialAction":[{"@type":"ReadAction","target":["https:\/\/www.pdhj.tl\/pt-pt\/legislacao\/independencia-e-imparcialidade\/"]}]},{"@type":"BreadcrumbList","@id":"https:\/\/www.pdhj.tl\/pt-pt\/legislacao\/independencia-e-imparcialidade\/#breadcrumb","itemListElement":[{"@type":"ListItem","position":1,"name":"Home","item":"https:\/\/www.pdhj.tl\/pt-pt\/home\/"},{"@type":"ListItem","position":2,"name":"Legisla\u00e7\u00e3o","item":"https:\/\/www.pdhj.tl\/pt-pt\/legislacao\/"},{"@type":"ListItem","position":3,"name":"Independ\u00eancia e imparcialidade"}]},{"@type":"WebSite","@id":"https:\/\/www.pdhj.tl\/#website","url":"https:\/\/www.pdhj.tl\/","name":"PDHJ Timor-Leste","description":"Provedoria dos Direitos Humanos e Justi\u00e7a","publisher":{"@id":"https:\/\/www.pdhj.tl\/#organization"},"potentialAction":[{"@type":"SearchAction","target":{"@type":"EntryPoint","urlTemplate":"https:\/\/www.pdhj.tl\/?s={search_term_string}"},"query-input":{"@type":"PropertyValueSpecification","valueRequired":true,"valueName":"search_term_string"}}],"inLanguage":"pt-PT"},{"@type":"Organization","@id":"https:\/\/www.pdhj.tl\/#organization","name":"PDHJ Timor-Leste","url":"https:\/\/www.pdhj.tl\/","logo":{"@type":"ImageObject","inLanguage":"pt-PT","@id":"https:\/\/www.pdhj.tl\/#\/schema\/logo\/image\/","url":"https:\/\/www.pdhj.tl\/wp-content\/uploads\/2013\/11\/tplogo.png","contentUrl":"https:\/\/www.pdhj.tl\/wp-content\/uploads\/2013\/11\/tplogo.png","width":280,"height":280,"caption":"PDHJ Timor-Leste"},"image":{"@id":"https:\/\/www.pdhj.tl\/#\/schema\/logo\/image\/"},"sameAs":["https:\/\/www.facebook.com\/PDHJTimorLeste","https:\/\/x.com\/PDHJTimorLeste","https:\/\/www.tiktok.com\/pdhj.tl","https:\/\/www.instagram.com\/pdhj.tl\/","https:\/\/www.linkedin.com\/company\/pdhj-tls\/"]}]}},"_links":{"self":[{"href":"https:\/\/www.pdhj.tl\/pt-pt\/wp-json\/wp\/v2\/pages\/2866\/"}],"collection":[{"href":"https:\/\/www.pdhj.tl\/pt-pt\/wp-json\/wp\/v2\/pages\/"}],"about":[{"href":"https:\/\/www.pdhj.tl\/pt-pt\/wp-json\/wp\/v2\/types\/page\/"}],"author":[{"embeddable":true,"href":"https:\/\/www.pdhj.tl\/pt-pt\/wp-json\/wp\/v2\/users\/1\/"}],"replies":[{"embeddable":true,"href":"https:\/\/www.pdhj.tl\/pt-pt\/wp-json\/wp\/v2\/comments\/?post=2866"}],"version-history":[{"count":0,"href":"https:\/\/www.pdhj.tl\/pt-pt\/wp-json\/wp\/v2\/pages\/2866\/revisions\/"}],"up":[{"embeddable":true,"href":"https:\/\/www.pdhj.tl\/pt-pt\/wp-json\/wp\/v2\/pages\/2864\/"}],"wp:attachment":[{"href":"https:\/\/www.pdhj.tl\/pt-pt\/wp-json\/wp\/v2\/media\/?parent=2866"}],"curies":[{"name":"wp","href":"https:\/\/api.w.org\/{rel}","templated":true}]}}