{"id":2864,"date":"2014-06-16T05:27:23","date_gmt":"2014-06-16T05:27:23","guid":{"rendered":"http:\/\/pdhj.tl\/?page_id=2864"},"modified":"2014-06-16T05:27:23","modified_gmt":"2014-06-16T05:27:23","slug":"legislacao","status":"publish","type":"page","link":"https:\/\/www.pdhj.tl\/pt-pt\/legislacao\/","title":{"rendered":"Legisla\u00e7\u00e3o"},"content":{"rendered":"A Provedoria de Direitos Humanos e Justi\u00e7a foi estabelecida pela Constitui\u00e7\u00e3o da Rep\u00fablica Democr\u00e1tica de Timor-Leste conforme previsto no Artigo 27o.\r\n\r\nO Artigo 27o(1) da Constitui\u00e7\u00e3o da RDTL afirma que o Provedor de Direitos Humanos e Justi\u00e7a \u201c\u00e9 um \u00f3rg\u00e3o independente que tem por fun\u00e7\u00e3o apreciar e procurar satisfazer as queixas dos cidad\u00e3os contra os poderes p\u00fablicos, podendo verificar a conformidade dos actos com a lei, bem como prevenir e iniciar todo o processo para a repara\u00e7\u00e3o <a href=\"https:\/\/www.pdhj.tl\/pt-pt\/legislacao\/\" class=\"more-link\">Read more [...]<\/a>","protected":false},"excerpt":{"rendered":"<p>A Provedoria de Direitos Humanos e Justi\u00e7a foi estabelecida pela Constitui\u00e7\u00e3o da Rep\u00fablica Democr\u00e1tica de Timor-Leste conforme previsto no Artigo 27o. O Artigo 27o(1) da Constitui\u00e7\u00e3o da RDTL afirma que o Provedor de Direitos Humanos e Justi\u00e7a \u201c\u00e9 um \u00f3rg\u00e3o independente que tem por fun\u00e7\u00e3o apreciar e procurar satisfazer as queixas dos cidad\u00e3os contra os poderes p\u00fablicos, podendo verificar a conformidade dos actos com a lei, bem como prevenir e iniciar todo o processo para a repara\u00e7\u00e3o Read more [&#8230;]<\/p>\n","protected":false},"author":1,"featured_media":0,"parent":0,"menu_order":0,"comment_status":"open","ping_status":"open","template":"template-pagewithsidebar.php","meta":{"footnotes":""},"class_list":["post-2864","page","type-page","status-publish"],"yoast_head":"<!-- This site is optimized with the Yoast SEO plugin v26.9 - https:\/\/yoast.com\/product\/yoast-seo-wordpress\/ -->\n<title>Legisla\u00e7\u00e3o - PDHJ<\/title>\n<meta name=\"robots\" content=\"index, follow, max-snippet:-1, max-image-preview:large, max-video-preview:-1\" \/>\n<link rel=\"canonical\" href=\"https:\/\/www.pdhj.tl\/pt-pt\/legislacao\/\" \/>\n<meta property=\"og:locale\" content=\"pt_PT\" \/>\n<meta property=\"og:type\" content=\"article\" \/>\n<meta property=\"og:title\" content=\"Legisla\u00e7\u00e3o - PDHJ\" \/>\n<meta property=\"og:description\" content=\"A Provedoria de Direitos Humanos e Justi\u00e7a foi estabelecida pela Constitui\u00e7\u00e3o da Rep\u00fablica Democr\u00e1tica de Timor-Leste conforme previsto no Artigo 27o. O Artigo 27o(1) da Constitui\u00e7\u00e3o da RDTL afirma que o Provedor de Direitos Humanos e Justi\u00e7a \u201c\u00e9 um \u00f3rg\u00e3o independente que tem por fun\u00e7\u00e3o apreciar e procurar satisfazer as queixas dos cidad\u00e3os contra os poderes p\u00fablicos, podendo verificar a conformidade dos actos com a lei, bem como prevenir e iniciar todo o processo para a repara\u00e7\u00e3o Read more [...]\" \/>\n<meta property=\"og:url\" content=\"https:\/\/www.pdhj.tl\/pt-pt\/legislacao\/\" \/>\n<meta property=\"og:site_name\" content=\"PDHJ\" \/>\n<meta property=\"article:publisher\" content=\"https:\/\/www.facebook.com\/PDHJTimorLeste\" \/>\n<meta name=\"twitter:card\" content=\"summary_large_image\" \/>\n<meta name=\"twitter:site\" content=\"@PDHJTimorLeste\" \/>\n<meta name=\"twitter:label1\" content=\"Tempo estimado de leitura\" \/>\n\t<meta name=\"twitter:data1\" content=\"2 minutos\" \/>\n<script type=\"application\/ld+json\" class=\"yoast-schema-graph\">{\"@context\":\"https:\/\/schema.org\",\"@graph\":[{\"@type\":\"WebPage\",\"@id\":\"https:\/\/www.pdhj.tl\/pt-pt\/legislacao\/\",\"url\":\"https:\/\/www.pdhj.tl\/pt-pt\/legislacao\/\",\"name\":\"Legisla\u00e7\u00e3o - PDHJ\",\"isPartOf\":{\"@id\":\"https:\/\/www.pdhj.tl\/#website\"},\"datePublished\":\"2014-06-16T05:27:23+00:00\",\"breadcrumb\":{\"@id\":\"https:\/\/www.pdhj.tl\/pt-pt\/legislacao\/#breadcrumb\"},\"inLanguage\":\"pt-PT\",\"potentialAction\":[{\"@type\":\"ReadAction\",\"target\":[\"https:\/\/www.pdhj.tl\/pt-pt\/legislacao\/\"]}]},{\"@type\":\"BreadcrumbList\",\"@id\":\"https:\/\/www.pdhj.tl\/pt-pt\/legislacao\/#breadcrumb\",\"itemListElement\":[{\"@type\":\"ListItem\",\"position\":1,\"name\":\"Home\",\"item\":\"https:\/\/www.pdhj.tl\/pt-pt\/home\/\"},{\"@type\":\"ListItem\",\"position\":2,\"name\":\"Legisla\u00e7\u00e3o\"}]},{\"@type\":\"WebSite\",\"@id\":\"https:\/\/www.pdhj.tl\/#website\",\"url\":\"https:\/\/www.pdhj.tl\/\",\"name\":\"PDHJ Timor-Leste\",\"description\":\"Provedoria dos Direitos Humanos e Justi\u00e7a\",\"publisher\":{\"@id\":\"https:\/\/www.pdhj.tl\/#organization\"},\"potentialAction\":[{\"@type\":\"SearchAction\",\"target\":{\"@type\":\"EntryPoint\",\"urlTemplate\":\"https:\/\/www.pdhj.tl\/?s={search_term_string}\"},\"query-input\":{\"@type\":\"PropertyValueSpecification\",\"valueRequired\":true,\"valueName\":\"search_term_string\"}}],\"inLanguage\":\"pt-PT\"},{\"@type\":\"Organization\",\"@id\":\"https:\/\/www.pdhj.tl\/#organization\",\"name\":\"PDHJ Timor-Leste\",\"url\":\"https:\/\/www.pdhj.tl\/\",\"logo\":{\"@type\":\"ImageObject\",\"inLanguage\":\"pt-PT\",\"@id\":\"https:\/\/www.pdhj.tl\/#\/schema\/logo\/image\/\",\"url\":\"https:\/\/www.pdhj.tl\/wp-content\/uploads\/2013\/11\/tplogo.png\",\"contentUrl\":\"https:\/\/www.pdhj.tl\/wp-content\/uploads\/2013\/11\/tplogo.png\",\"width\":280,\"height\":280,\"caption\":\"PDHJ Timor-Leste\"},\"image\":{\"@id\":\"https:\/\/www.pdhj.tl\/#\/schema\/logo\/image\/\"},\"sameAs\":[\"https:\/\/www.facebook.com\/PDHJTimorLeste\",\"https:\/\/x.com\/PDHJTimorLeste\",\"https:\/\/www.tiktok.com\/pdhj.tl\",\"https:\/\/www.instagram.com\/pdhj.tl\/\",\"https:\/\/www.linkedin.com\/company\/pdhj-tls\/\"]}]}<\/script>\n<!-- \/ Yoast SEO plugin. -->","yoast_head_json":{"title":"Legisla\u00e7\u00e3o - PDHJ","robots":{"index":"index","follow":"follow","max-snippet":"max-snippet:-1","max-image-preview":"max-image-preview:large","max-video-preview":"max-video-preview:-1"},"canonical":"https:\/\/www.pdhj.tl\/pt-pt\/legislacao\/","og_locale":"pt_PT","og_type":"article","og_title":"Legisla\u00e7\u00e3o - PDHJ","og_description":"A Provedoria de Direitos Humanos e Justi\u00e7a foi estabelecida pela Constitui\u00e7\u00e3o da Rep\u00fablica Democr\u00e1tica de Timor-Leste conforme previsto no Artigo 27o. O Artigo 27o(1) da Constitui\u00e7\u00e3o da RDTL afirma que o Provedor de Direitos Humanos e Justi\u00e7a \u201c\u00e9 um \u00f3rg\u00e3o independente que tem por fun\u00e7\u00e3o apreciar e procurar satisfazer as queixas dos cidad\u00e3os contra os poderes p\u00fablicos, podendo verificar a conformidade dos actos com a lei, bem como prevenir e iniciar todo o processo para a repara\u00e7\u00e3o Read more [...]","og_url":"https:\/\/www.pdhj.tl\/pt-pt\/legislacao\/","og_site_name":"PDHJ","article_publisher":"https:\/\/www.facebook.com\/PDHJTimorLeste","twitter_card":"summary_large_image","twitter_site":"@PDHJTimorLeste","twitter_misc":{"Tempo estimado de leitura":"2 minutos"},"schema":{"@context":"https:\/\/schema.org","@graph":[{"@type":"WebPage","@id":"https:\/\/www.pdhj.tl\/pt-pt\/legislacao\/","url":"https:\/\/www.pdhj.tl\/pt-pt\/legislacao\/","name":"Legisla\u00e7\u00e3o - PDHJ","isPartOf":{"@id":"https:\/\/www.pdhj.tl\/#website"},"datePublished":"2014-06-16T05:27:23+00:00","breadcrumb":{"@id":"https:\/\/www.pdhj.tl\/pt-pt\/legislacao\/#breadcrumb"},"inLanguage":"pt-PT","potentialAction":[{"@type":"ReadAction","target":["https:\/\/www.pdhj.tl\/pt-pt\/legislacao\/"]}]},{"@type":"BreadcrumbList","@id":"https:\/\/www.pdhj.tl\/pt-pt\/legislacao\/#breadcrumb","itemListElement":[{"@type":"ListItem","position":1,"name":"Home","item":"https:\/\/www.pdhj.tl\/pt-pt\/home\/"},{"@type":"ListItem","position":2,"name":"Legisla\u00e7\u00e3o"}]},{"@type":"WebSite","@id":"https:\/\/www.pdhj.tl\/#website","url":"https:\/\/www.pdhj.tl\/","name":"PDHJ Timor-Leste","description":"Provedoria dos Direitos Humanos e Justi\u00e7a","publisher":{"@id":"https:\/\/www.pdhj.tl\/#organization"},"potentialAction":[{"@type":"SearchAction","target":{"@type":"EntryPoint","urlTemplate":"https:\/\/www.pdhj.tl\/?s={search_term_string}"},"query-input":{"@type":"PropertyValueSpecification","valueRequired":true,"valueName":"search_term_string"}}],"inLanguage":"pt-PT"},{"@type":"Organization","@id":"https:\/\/www.pdhj.tl\/#organization","name":"PDHJ Timor-Leste","url":"https:\/\/www.pdhj.tl\/","logo":{"@type":"ImageObject","inLanguage":"pt-PT","@id":"https:\/\/www.pdhj.tl\/#\/schema\/logo\/image\/","url":"https:\/\/www.pdhj.tl\/wp-content\/uploads\/2013\/11\/tplogo.png","contentUrl":"https:\/\/www.pdhj.tl\/wp-content\/uploads\/2013\/11\/tplogo.png","width":280,"height":280,"caption":"PDHJ Timor-Leste"},"image":{"@id":"https:\/\/www.pdhj.tl\/#\/schema\/logo\/image\/"},"sameAs":["https:\/\/www.facebook.com\/PDHJTimorLeste","https:\/\/x.com\/PDHJTimorLeste","https:\/\/www.tiktok.com\/pdhj.tl","https:\/\/www.instagram.com\/pdhj.tl\/","https:\/\/www.linkedin.com\/company\/pdhj-tls\/"]}]}},"_links":{"self":[{"href":"https:\/\/www.pdhj.tl\/pt-pt\/wp-json\/wp\/v2\/pages\/2864\/"}],"collection":[{"href":"https:\/\/www.pdhj.tl\/pt-pt\/wp-json\/wp\/v2\/pages\/"}],"about":[{"href":"https:\/\/www.pdhj.tl\/pt-pt\/wp-json\/wp\/v2\/types\/page\/"}],"author":[{"embeddable":true,"href":"https:\/\/www.pdhj.tl\/pt-pt\/wp-json\/wp\/v2\/users\/1\/"}],"replies":[{"embeddable":true,"href":"https:\/\/www.pdhj.tl\/pt-pt\/wp-json\/wp\/v2\/comments\/?post=2864"}],"version-history":[{"count":0,"href":"https:\/\/www.pdhj.tl\/pt-pt\/wp-json\/wp\/v2\/pages\/2864\/revisions\/"}],"wp:attachment":[{"href":"https:\/\/www.pdhj.tl\/pt-pt\/wp-json\/wp\/v2\/media\/?parent=2864"}],"curies":[{"name":"wp","href":"https:\/\/api.w.org\/{rel}","templated":true}]}}