{"id":2852,"date":"2014-06-16T03:20:22","date_gmt":"2014-06-16T03:20:22","guid":{"rendered":"http:\/\/pdhj.tl\/?page_id=2852"},"modified":"2019-04-04T00:04:21","modified_gmt":"2019-04-04T00:04:21","slug":"vagas","status":"publish","type":"page","link":"https:\/\/www.pdhj.tl\/pt-pt\/sobre-o-provedor-de-direitos-humanos-e-justica\/vagas\/","title":{"rendered":"Vagas"},"content":{"rendered":"Avizu Vaga Asesor Juridiku PDHJ\u00a0(Portuges)\r\n\r\nToR Asesor Juridiku\u00a0(Portuges)\r\n\r\nA PDHJ regularmente recruta pessoas entusi\u00e1sticas e qualificadas para trabalhar na sua equipa.\r\n\r\nOs funcion\u00e1rios da PDHJ s\u00e3o empregados em conformidade com o perf\u00edl e as condi\u00e7\u00f5es da fun\u00e7\u00e3o p\u00fablica. Os regulamentos dos seus desempenhos s\u00e3o adaptados de modo a asegurar as suas independ\u00eancias. A informa\u00e7\u00e3o sobre o desempenho relacionado aos servi\u00e7os da fun\u00e7\u00e3o p\u00fablica de Timor-Leste pode ser obtida na <a href=\"https:\/\/www.pdhj.tl\/pt-pt\/sobre-o-provedor-de-direitos-humanos-e-justica\/vagas\/\" class=\"more-link\">Read more [...]<\/a>","protected":false},"excerpt":{"rendered":"<p>Avizu Vaga Asesor Juridiku PDHJ\u00a0(Portuges) ToR Asesor Juridiku\u00a0(Portuges) A PDHJ regularmente recruta pessoas entusi\u00e1sticas e qualificadas para trabalhar na sua equipa. Os funcion\u00e1rios da PDHJ s\u00e3o empregados em conformidade com o perf\u00edl e as condi\u00e7\u00f5es da fun\u00e7\u00e3o p\u00fablica. Os regulamentos dos seus desempenhos s\u00e3o adaptados de modo a asegurar as suas independ\u00eancias. A informa\u00e7\u00e3o sobre o desempenho relacionado aos servi\u00e7os da fun\u00e7\u00e3o p\u00fablica de Timor-Leste pode ser obtida na Read more [&#8230;]<\/p>\n","protected":false},"author":1,"featured_media":0,"parent":2837,"menu_order":0,"comment_status":"closed","ping_status":"closed","template":"template-pagewithsidebar.php","meta":{"footnotes":""},"class_list":["post-2852","page","type-page","status-publish"],"yoast_head":"<!-- This site is optimized with the Yoast SEO plugin v26.9 - https:\/\/yoast.com\/product\/yoast-seo-wordpress\/ -->\n<title>Vagas - PDHJ<\/title>\n<meta name=\"robots\" content=\"index, follow, max-snippet:-1, max-image-preview:large, max-video-preview:-1\" \/>\n<link rel=\"canonical\" href=\"https:\/\/www.pdhj.tl\/pt-pt\/kona-ba-pdhj\/vacancies\/\" \/>\n<meta property=\"og:locale\" content=\"pt_PT\" \/>\n<meta property=\"og:type\" content=\"article\" \/>\n<meta property=\"og:title\" content=\"Vagas - PDHJ\" \/>\n<meta property=\"og:description\" content=\"Avizu Vaga Asesor Juridiku PDHJ\u00a0(Portuges) ToR Asesor Juridiku\u00a0(Portuges) A PDHJ regularmente recruta pessoas entusi\u00e1sticas e qualificadas para trabalhar na sua equipa. Os funcion\u00e1rios da PDHJ s\u00e3o empregados em conformidade com o perf\u00edl e as condi\u00e7\u00f5es da fun\u00e7\u00e3o p\u00fablica. Os regulamentos dos seus desempenhos s\u00e3o adaptados de modo a asegurar as suas independ\u00eancias. A informa\u00e7\u00e3o sobre o desempenho relacionado aos servi\u00e7os da fun\u00e7\u00e3o p\u00fablica de Timor-Leste pode ser obtida na Read more [...]\" \/>\n<meta property=\"og:url\" content=\"https:\/\/www.pdhj.tl\/kona-ba-pdhj\/vacancies\/\" \/>\n<meta property=\"og:site_name\" content=\"PDHJ\" \/>\n<meta property=\"article:publisher\" content=\"https:\/\/www.facebook.com\/PDHJTimorLeste\" \/>\n<meta property=\"article:modified_time\" content=\"2019-04-04T00:04:21+00:00\" \/>\n<meta name=\"twitter:card\" content=\"summary_large_image\" \/>\n<meta name=\"twitter:site\" content=\"@PDHJTimorLeste\" \/>\n<meta name=\"twitter:label1\" content=\"Tempo estimado de leitura\" \/>\n\t<meta name=\"twitter:data1\" content=\"1 minuto\" \/>\n<script type=\"application\/ld+json\" class=\"yoast-schema-graph\">{\"@context\":\"https:\/\/schema.org\",\"@graph\":[{\"@type\":\"WebPage\",\"@id\":\"https:\/\/www.pdhj.tl\/kona-ba-pdhj\/vacancies\/\",\"url\":\"https:\/\/www.pdhj.tl\/kona-ba-pdhj\/vacancies\/\",\"name\":\"Vagas - PDHJ\",\"isPartOf\":{\"@id\":\"https:\/\/www.pdhj.tl\/#website\"},\"datePublished\":\"2014-06-16T03:20:22+00:00\",\"dateModified\":\"2019-04-04T00:04:21+00:00\",\"breadcrumb\":{\"@id\":\"https:\/\/www.pdhj.tl\/kona-ba-pdhj\/vacancies\/#breadcrumb\"},\"inLanguage\":\"pt-PT\",\"potentialAction\":[{\"@type\":\"ReadAction\",\"target\":[\"https:\/\/www.pdhj.tl\/kona-ba-pdhj\/vacancies\/\"]}]},{\"@type\":\"BreadcrumbList\",\"@id\":\"https:\/\/www.pdhj.tl\/kona-ba-pdhj\/vacancies\/#breadcrumb\",\"itemListElement\":[{\"@type\":\"ListItem\",\"position\":1,\"name\":\"Home\",\"item\":\"https:\/\/www.pdhj.tl\/pt-pt\/home\/\"},{\"@type\":\"ListItem\",\"position\":2,\"name\":\"Sobre o Provedor de Direitos Humanos e Justi\u00e7a\",\"item\":\"https:\/\/www.pdhj.tl\/pt-pt\/sobre-o-provedor-de-direitos-humanos-e-justica\/\"},{\"@type\":\"ListItem\",\"position\":3,\"name\":\"Vagas\"}]},{\"@type\":\"WebSite\",\"@id\":\"https:\/\/www.pdhj.tl\/#website\",\"url\":\"https:\/\/www.pdhj.tl\/\",\"name\":\"PDHJ Timor-Leste\",\"description\":\"Provedoria dos Direitos Humanos e Justi\u00e7a\",\"publisher\":{\"@id\":\"https:\/\/www.pdhj.tl\/#organization\"},\"potentialAction\":[{\"@type\":\"SearchAction\",\"target\":{\"@type\":\"EntryPoint\",\"urlTemplate\":\"https:\/\/www.pdhj.tl\/?s={search_term_string}\"},\"query-input\":{\"@type\":\"PropertyValueSpecification\",\"valueRequired\":true,\"valueName\":\"search_term_string\"}}],\"inLanguage\":\"pt-PT\"},{\"@type\":\"Organization\",\"@id\":\"https:\/\/www.pdhj.tl\/#organization\",\"name\":\"PDHJ Timor-Leste\",\"url\":\"https:\/\/www.pdhj.tl\/\",\"logo\":{\"@type\":\"ImageObject\",\"inLanguage\":\"pt-PT\",\"@id\":\"https:\/\/www.pdhj.tl\/#\/schema\/logo\/image\/\",\"url\":\"https:\/\/www.pdhj.tl\/wp-content\/uploads\/2013\/11\/tplogo.png\",\"contentUrl\":\"https:\/\/www.pdhj.tl\/wp-content\/uploads\/2013\/11\/tplogo.png\",\"width\":280,\"height\":280,\"caption\":\"PDHJ Timor-Leste\"},\"image\":{\"@id\":\"https:\/\/www.pdhj.tl\/#\/schema\/logo\/image\/\"},\"sameAs\":[\"https:\/\/www.facebook.com\/PDHJTimorLeste\",\"https:\/\/x.com\/PDHJTimorLeste\",\"https:\/\/www.tiktok.com\/pdhj.tl\",\"https:\/\/www.instagram.com\/pdhj.tl\/\",\"https:\/\/www.linkedin.com\/company\/pdhj-tls\/\"]}]}<\/script>\n<!-- \/ Yoast SEO plugin. -->","yoast_head_json":{"title":"Vagas - PDHJ","robots":{"index":"index","follow":"follow","max-snippet":"max-snippet:-1","max-image-preview":"max-image-preview:large","max-video-preview":"max-video-preview:-1"},"canonical":"https:\/\/www.pdhj.tl\/pt-pt\/kona-ba-pdhj\/vacancies\/","og_locale":"pt_PT","og_type":"article","og_title":"Vagas - PDHJ","og_description":"Avizu Vaga Asesor Juridiku PDHJ\u00a0(Portuges) ToR Asesor Juridiku\u00a0(Portuges) A PDHJ regularmente recruta pessoas entusi\u00e1sticas e qualificadas para trabalhar na sua equipa. Os funcion\u00e1rios da PDHJ s\u00e3o empregados em conformidade com o perf\u00edl e as condi\u00e7\u00f5es da fun\u00e7\u00e3o p\u00fablica. Os regulamentos dos seus desempenhos s\u00e3o adaptados de modo a asegurar as suas independ\u00eancias. A informa\u00e7\u00e3o sobre o desempenho relacionado aos servi\u00e7os da fun\u00e7\u00e3o p\u00fablica de Timor-Leste pode ser obtida na Read more [...]","og_url":"https:\/\/www.pdhj.tl\/kona-ba-pdhj\/vacancies\/","og_site_name":"PDHJ","article_publisher":"https:\/\/www.facebook.com\/PDHJTimorLeste","article_modified_time":"2019-04-04T00:04:21+00:00","twitter_card":"summary_large_image","twitter_site":"@PDHJTimorLeste","twitter_misc":{"Tempo estimado de leitura":"1 minuto"},"schema":{"@context":"https:\/\/schema.org","@graph":[{"@type":"WebPage","@id":"https:\/\/www.pdhj.tl\/kona-ba-pdhj\/vacancies\/","url":"https:\/\/www.pdhj.tl\/kona-ba-pdhj\/vacancies\/","name":"Vagas - PDHJ","isPartOf":{"@id":"https:\/\/www.pdhj.tl\/#website"},"datePublished":"2014-06-16T03:20:22+00:00","dateModified":"2019-04-04T00:04:21+00:00","breadcrumb":{"@id":"https:\/\/www.pdhj.tl\/kona-ba-pdhj\/vacancies\/#breadcrumb"},"inLanguage":"pt-PT","potentialAction":[{"@type":"ReadAction","target":["https:\/\/www.pdhj.tl\/kona-ba-pdhj\/vacancies\/"]}]},{"@type":"BreadcrumbList","@id":"https:\/\/www.pdhj.tl\/kona-ba-pdhj\/vacancies\/#breadcrumb","itemListElement":[{"@type":"ListItem","position":1,"name":"Home","item":"https:\/\/www.pdhj.tl\/pt-pt\/home\/"},{"@type":"ListItem","position":2,"name":"Sobre o Provedor de Direitos Humanos e Justi\u00e7a","item":"https:\/\/www.pdhj.tl\/pt-pt\/sobre-o-provedor-de-direitos-humanos-e-justica\/"},{"@type":"ListItem","position":3,"name":"Vagas"}]},{"@type":"WebSite","@id":"https:\/\/www.pdhj.tl\/#website","url":"https:\/\/www.pdhj.tl\/","name":"PDHJ Timor-Leste","description":"Provedoria dos Direitos Humanos e Justi\u00e7a","publisher":{"@id":"https:\/\/www.pdhj.tl\/#organization"},"potentialAction":[{"@type":"SearchAction","target":{"@type":"EntryPoint","urlTemplate":"https:\/\/www.pdhj.tl\/?s={search_term_string}"},"query-input":{"@type":"PropertyValueSpecification","valueRequired":true,"valueName":"search_term_string"}}],"inLanguage":"pt-PT"},{"@type":"Organization","@id":"https:\/\/www.pdhj.tl\/#organization","name":"PDHJ Timor-Leste","url":"https:\/\/www.pdhj.tl\/","logo":{"@type":"ImageObject","inLanguage":"pt-PT","@id":"https:\/\/www.pdhj.tl\/#\/schema\/logo\/image\/","url":"https:\/\/www.pdhj.tl\/wp-content\/uploads\/2013\/11\/tplogo.png","contentUrl":"https:\/\/www.pdhj.tl\/wp-content\/uploads\/2013\/11\/tplogo.png","width":280,"height":280,"caption":"PDHJ Timor-Leste"},"image":{"@id":"https:\/\/www.pdhj.tl\/#\/schema\/logo\/image\/"},"sameAs":["https:\/\/www.facebook.com\/PDHJTimorLeste","https:\/\/x.com\/PDHJTimorLeste","https:\/\/www.tiktok.com\/pdhj.tl","https:\/\/www.instagram.com\/pdhj.tl\/","https:\/\/www.linkedin.com\/company\/pdhj-tls\/"]}]}},"_links":{"self":[{"href":"https:\/\/www.pdhj.tl\/pt-pt\/wp-json\/wp\/v2\/pages\/2852\/"}],"collection":[{"href":"https:\/\/www.pdhj.tl\/pt-pt\/wp-json\/wp\/v2\/pages\/"}],"about":[{"href":"https:\/\/www.pdhj.tl\/pt-pt\/wp-json\/wp\/v2\/types\/page\/"}],"author":[{"embeddable":true,"href":"https:\/\/www.pdhj.tl\/pt-pt\/wp-json\/wp\/v2\/users\/1\/"}],"replies":[{"embeddable":true,"href":"https:\/\/www.pdhj.tl\/pt-pt\/wp-json\/wp\/v2\/comments\/?post=2852"}],"version-history":[{"count":2,"href":"https:\/\/www.pdhj.tl\/pt-pt\/wp-json\/wp\/v2\/pages\/2852\/revisions\/"}],"predecessor-version":[{"id":4703,"href":"https:\/\/www.pdhj.tl\/pt-pt\/wp-json\/wp\/v2\/pages\/2852\/revisions\/4703\/"}],"up":[{"embeddable":true,"href":"https:\/\/www.pdhj.tl\/pt-pt\/wp-json\/wp\/v2\/pages\/2837\/"}],"wp:attachment":[{"href":"https:\/\/www.pdhj.tl\/pt-pt\/wp-json\/wp\/v2\/media\/?parent=2852"}],"curies":[{"name":"wp","href":"https:\/\/api.w.org\/{rel}","templated":true}]}}