{"id":2848,"date":"2014-06-16T03:16:40","date_gmt":"2014-06-16T03:16:40","guid":{"rendered":"http:\/\/pdhj.tl\/?page_id=2848"},"modified":"2014-06-18T06:49:39","modified_gmt":"2014-06-18T06:49:39","slug":"estrutura-organizacional","status":"publish","type":"page","link":"https:\/\/www.pdhj.tl\/pt-pt\/sobre-o-provedor-de-direitos-humanos-e-justica\/estrutura-organizacional\/","title":{"rendered":"Estrutura Organizacional"},"content":{"rendered":"A Estrutura Organizacional da Provedoria \u00e9 providenciada em conformidade com a Org\u00e1nica da Provedoria.\r\n\r\nLiderada pelo Provedor e os seus Adjuntos, a PDHJ tem um Gerente S\u00e9nior que \u00e9 o Diretor-Geral, que supervisiona as quatro dire\u00e7\u00f5es nacionais, como as seguintes:\r\n\r\nA Dire\u00e7\u00e3o de Assist\u00eancia P\u00fablica: O principal ponto de contacto com o p\u00fablico, recebe e processa queixas.\r\n\r\nA Dire\u00e7\u00e3o de Direitos Humanos: Implementar o tratamento de casos, monitoria, promo\u00e7\u00e3o e educa\u00e7\u00e3o em rela\u00e7\u00e3o <a href=\"https:\/\/www.pdhj.tl\/pt-pt\/sobre-o-provedor-de-direitos-humanos-e-justica\/estrutura-organizacional\/\" class=\"more-link\">Read more [...]<\/a>","protected":false},"excerpt":{"rendered":"<p>A Estrutura Organizacional da Provedoria \u00e9 providenciada em conformidade com a Org\u00e1nica da Provedoria. Liderada pelo Provedor e os seus Adjuntos, a PDHJ tem um Gerente S\u00e9nior que \u00e9 o Diretor-Geral, que supervisiona as quatro dire\u00e7\u00f5es nacionais, como as seguintes: A Dire\u00e7\u00e3o de Assist\u00eancia P\u00fablica: O principal ponto de contacto com o p\u00fablico, recebe e processa queixas. A Dire\u00e7\u00e3o de Direitos Humanos: Implementar o tratamento de casos, monitoria, promo\u00e7\u00e3o e educa\u00e7\u00e3o em rela\u00e7\u00e3o Read more [&#8230;]<\/p>\n","protected":false},"author":1,"featured_media":0,"parent":2837,"menu_order":0,"comment_status":"closed","ping_status":"closed","template":"template-pagewithsidebar.php","meta":{"footnotes":""},"class_list":["post-2848","page","type-page","status-publish"],"yoast_head":"<!-- This site is optimized with the Yoast SEO plugin v26.9 - https:\/\/yoast.com\/product\/yoast-seo-wordpress\/ -->\n<title>Estrutura Organizacional - PDHJ<\/title>\n<meta name=\"robots\" content=\"index, follow, max-snippet:-1, max-image-preview:large, max-video-preview:-1\" \/>\n<link rel=\"canonical\" href=\"https:\/\/www.pdhj.tl\/pt-pt\/sobre-o-provedor-de-direitos-humanos-e-justica\/estrutura-organizacional\/\" \/>\n<meta property=\"og:locale\" content=\"pt_PT\" \/>\n<meta property=\"og:type\" content=\"article\" \/>\n<meta property=\"og:title\" content=\"Estrutura Organizacional - PDHJ\" \/>\n<meta property=\"og:description\" content=\"A Estrutura Organizacional da Provedoria \u00e9 providenciada em conformidade com a Org\u00e1nica da Provedoria. Liderada pelo Provedor e os seus Adjuntos, a PDHJ tem um Gerente S\u00e9nior que \u00e9 o Diretor-Geral, que supervisiona as quatro dire\u00e7\u00f5es nacionais, como as seguintes: A Dire\u00e7\u00e3o de Assist\u00eancia P\u00fablica: O principal ponto de contacto com o p\u00fablico, recebe e processa queixas. A Dire\u00e7\u00e3o de Direitos Humanos: Implementar o tratamento de casos, monitoria, promo\u00e7\u00e3o e educa\u00e7\u00e3o em rela\u00e7\u00e3o Read more [...]\" \/>\n<meta property=\"og:url\" content=\"https:\/\/www.pdhj.tl\/pt-pt\/sobre-o-provedor-de-direitos-humanos-e-justica\/estrutura-organizacional\/\" \/>\n<meta property=\"og:site_name\" content=\"PDHJ\" \/>\n<meta property=\"article:publisher\" content=\"https:\/\/www.facebook.com\/PDHJTimorLeste\" \/>\n<meta property=\"article:modified_time\" content=\"2014-06-18T06:49:39+00:00\" \/>\n<meta property=\"og:image\" content=\"http:\/\/pdhj.tl\/wp-content\/uploads\/2013\/11\/Organigram-current.png\" \/>\n<meta name=\"twitter:card\" content=\"summary_large_image\" \/>\n<meta name=\"twitter:site\" content=\"@PDHJTimorLeste\" \/>\n<meta name=\"twitter:label1\" content=\"Tempo estimado de leitura\" \/>\n\t<meta name=\"twitter:data1\" content=\"1 minuto\" \/>\n<script type=\"application\/ld+json\" class=\"yoast-schema-graph\">{\"@context\":\"https:\/\/schema.org\",\"@graph\":[{\"@type\":\"WebPage\",\"@id\":\"https:\/\/www.pdhj.tl\/pt-pt\/sobre-o-provedor-de-direitos-humanos-e-justica\/estrutura-organizacional\/\",\"url\":\"https:\/\/www.pdhj.tl\/pt-pt\/sobre-o-provedor-de-direitos-humanos-e-justica\/estrutura-organizacional\/\",\"name\":\"Estrutura Organizacional - PDHJ\",\"isPartOf\":{\"@id\":\"https:\/\/www.pdhj.tl\/#website\"},\"primaryImageOfPage\":{\"@id\":\"https:\/\/www.pdhj.tl\/pt-pt\/sobre-o-provedor-de-direitos-humanos-e-justica\/estrutura-organizacional\/#primaryimage\"},\"image\":{\"@id\":\"https:\/\/www.pdhj.tl\/pt-pt\/sobre-o-provedor-de-direitos-humanos-e-justica\/estrutura-organizacional\/#primaryimage\"},\"thumbnailUrl\":\"http:\/\/pdhj.tl\/wp-content\/uploads\/2013\/11\/Organigram-current.png\",\"datePublished\":\"2014-06-16T03:16:40+00:00\",\"dateModified\":\"2014-06-18T06:49:39+00:00\",\"breadcrumb\":{\"@id\":\"https:\/\/www.pdhj.tl\/pt-pt\/sobre-o-provedor-de-direitos-humanos-e-justica\/estrutura-organizacional\/#breadcrumb\"},\"inLanguage\":\"pt-PT\",\"potentialAction\":[{\"@type\":\"ReadAction\",\"target\":[\"https:\/\/www.pdhj.tl\/pt-pt\/sobre-o-provedor-de-direitos-humanos-e-justica\/estrutura-organizacional\/\"]}]},{\"@type\":\"ImageObject\",\"inLanguage\":\"pt-PT\",\"@id\":\"https:\/\/www.pdhj.tl\/pt-pt\/sobre-o-provedor-de-direitos-humanos-e-justica\/estrutura-organizacional\/#primaryimage\",\"url\":\"http:\/\/pdhj.tl\/wp-content\/uploads\/2013\/11\/Organigram-current.png\",\"contentUrl\":\"http:\/\/pdhj.tl\/wp-content\/uploads\/2013\/11\/Organigram-current.png\"},{\"@type\":\"BreadcrumbList\",\"@id\":\"https:\/\/www.pdhj.tl\/pt-pt\/sobre-o-provedor-de-direitos-humanos-e-justica\/estrutura-organizacional\/#breadcrumb\",\"itemListElement\":[{\"@type\":\"ListItem\",\"position\":1,\"name\":\"Home\",\"item\":\"https:\/\/www.pdhj.tl\/pt-pt\/home\/\"},{\"@type\":\"ListItem\",\"position\":2,\"name\":\"Sobre o Provedor de Direitos Humanos e Justi\u00e7a\",\"item\":\"https:\/\/www.pdhj.tl\/pt-pt\/sobre-o-provedor-de-direitos-humanos-e-justica\/\"},{\"@type\":\"ListItem\",\"position\":3,\"name\":\"Estrutura Organizacional\"}]},{\"@type\":\"WebSite\",\"@id\":\"https:\/\/www.pdhj.tl\/#website\",\"url\":\"https:\/\/www.pdhj.tl\/\",\"name\":\"PDHJ Timor-Leste\",\"description\":\"Provedoria dos Direitos Humanos e Justi\u00e7a\",\"publisher\":{\"@id\":\"https:\/\/www.pdhj.tl\/#organization\"},\"potentialAction\":[{\"@type\":\"SearchAction\",\"target\":{\"@type\":\"EntryPoint\",\"urlTemplate\":\"https:\/\/www.pdhj.tl\/?s={search_term_string}\"},\"query-input\":{\"@type\":\"PropertyValueSpecification\",\"valueRequired\":true,\"valueName\":\"search_term_string\"}}],\"inLanguage\":\"pt-PT\"},{\"@type\":\"Organization\",\"@id\":\"https:\/\/www.pdhj.tl\/#organization\",\"name\":\"PDHJ Timor-Leste\",\"url\":\"https:\/\/www.pdhj.tl\/\",\"logo\":{\"@type\":\"ImageObject\",\"inLanguage\":\"pt-PT\",\"@id\":\"https:\/\/www.pdhj.tl\/#\/schema\/logo\/image\/\",\"url\":\"https:\/\/www.pdhj.tl\/wp-content\/uploads\/2013\/11\/tplogo.png\",\"contentUrl\":\"https:\/\/www.pdhj.tl\/wp-content\/uploads\/2013\/11\/tplogo.png\",\"width\":280,\"height\":280,\"caption\":\"PDHJ Timor-Leste\"},\"image\":{\"@id\":\"https:\/\/www.pdhj.tl\/#\/schema\/logo\/image\/\"},\"sameAs\":[\"https:\/\/www.facebook.com\/PDHJTimorLeste\",\"https:\/\/x.com\/PDHJTimorLeste\",\"https:\/\/www.tiktok.com\/pdhj.tl\",\"https:\/\/www.instagram.com\/pdhj.tl\/\",\"https:\/\/www.linkedin.com\/company\/pdhj-tls\/\"]}]}<\/script>\n<!-- \/ Yoast SEO plugin. -->","yoast_head_json":{"title":"Estrutura Organizacional - PDHJ","robots":{"index":"index","follow":"follow","max-snippet":"max-snippet:-1","max-image-preview":"max-image-preview:large","max-video-preview":"max-video-preview:-1"},"canonical":"https:\/\/www.pdhj.tl\/pt-pt\/sobre-o-provedor-de-direitos-humanos-e-justica\/estrutura-organizacional\/","og_locale":"pt_PT","og_type":"article","og_title":"Estrutura Organizacional - PDHJ","og_description":"A Estrutura Organizacional da Provedoria \u00e9 providenciada em conformidade com a Org\u00e1nica da Provedoria. Liderada pelo Provedor e os seus Adjuntos, a PDHJ tem um Gerente S\u00e9nior que \u00e9 o Diretor-Geral, que supervisiona as quatro dire\u00e7\u00f5es nacionais, como as seguintes: A Dire\u00e7\u00e3o de Assist\u00eancia P\u00fablica: O principal ponto de contacto com o p\u00fablico, recebe e processa queixas. A Dire\u00e7\u00e3o de Direitos Humanos: Implementar o tratamento de casos, monitoria, promo\u00e7\u00e3o e educa\u00e7\u00e3o em rela\u00e7\u00e3o Read more [...]","og_url":"https:\/\/www.pdhj.tl\/pt-pt\/sobre-o-provedor-de-direitos-humanos-e-justica\/estrutura-organizacional\/","og_site_name":"PDHJ","article_publisher":"https:\/\/www.facebook.com\/PDHJTimorLeste","article_modified_time":"2014-06-18T06:49:39+00:00","og_image":[{"url":"http:\/\/pdhj.tl\/wp-content\/uploads\/2013\/11\/Organigram-current.png","type":"","width":"","height":""}],"twitter_card":"summary_large_image","twitter_site":"@PDHJTimorLeste","twitter_misc":{"Tempo estimado de leitura":"1 minuto"},"schema":{"@context":"https:\/\/schema.org","@graph":[{"@type":"WebPage","@id":"https:\/\/www.pdhj.tl\/pt-pt\/sobre-o-provedor-de-direitos-humanos-e-justica\/estrutura-organizacional\/","url":"https:\/\/www.pdhj.tl\/pt-pt\/sobre-o-provedor-de-direitos-humanos-e-justica\/estrutura-organizacional\/","name":"Estrutura Organizacional - PDHJ","isPartOf":{"@id":"https:\/\/www.pdhj.tl\/#website"},"primaryImageOfPage":{"@id":"https:\/\/www.pdhj.tl\/pt-pt\/sobre-o-provedor-de-direitos-humanos-e-justica\/estrutura-organizacional\/#primaryimage"},"image":{"@id":"https:\/\/www.pdhj.tl\/pt-pt\/sobre-o-provedor-de-direitos-humanos-e-justica\/estrutura-organizacional\/#primaryimage"},"thumbnailUrl":"http:\/\/pdhj.tl\/wp-content\/uploads\/2013\/11\/Organigram-current.png","datePublished":"2014-06-16T03:16:40+00:00","dateModified":"2014-06-18T06:49:39+00:00","breadcrumb":{"@id":"https:\/\/www.pdhj.tl\/pt-pt\/sobre-o-provedor-de-direitos-humanos-e-justica\/estrutura-organizacional\/#breadcrumb"},"inLanguage":"pt-PT","potentialAction":[{"@type":"ReadAction","target":["https:\/\/www.pdhj.tl\/pt-pt\/sobre-o-provedor-de-direitos-humanos-e-justica\/estrutura-organizacional\/"]}]},{"@type":"ImageObject","inLanguage":"pt-PT","@id":"https:\/\/www.pdhj.tl\/pt-pt\/sobre-o-provedor-de-direitos-humanos-e-justica\/estrutura-organizacional\/#primaryimage","url":"http:\/\/pdhj.tl\/wp-content\/uploads\/2013\/11\/Organigram-current.png","contentUrl":"http:\/\/pdhj.tl\/wp-content\/uploads\/2013\/11\/Organigram-current.png"},{"@type":"BreadcrumbList","@id":"https:\/\/www.pdhj.tl\/pt-pt\/sobre-o-provedor-de-direitos-humanos-e-justica\/estrutura-organizacional\/#breadcrumb","itemListElement":[{"@type":"ListItem","position":1,"name":"Home","item":"https:\/\/www.pdhj.tl\/pt-pt\/home\/"},{"@type":"ListItem","position":2,"name":"Sobre o Provedor de Direitos Humanos e Justi\u00e7a","item":"https:\/\/www.pdhj.tl\/pt-pt\/sobre-o-provedor-de-direitos-humanos-e-justica\/"},{"@type":"ListItem","position":3,"name":"Estrutura Organizacional"}]},{"@type":"WebSite","@id":"https:\/\/www.pdhj.tl\/#website","url":"https:\/\/www.pdhj.tl\/","name":"PDHJ Timor-Leste","description":"Provedoria dos Direitos Humanos e Justi\u00e7a","publisher":{"@id":"https:\/\/www.pdhj.tl\/#organization"},"potentialAction":[{"@type":"SearchAction","target":{"@type":"EntryPoint","urlTemplate":"https:\/\/www.pdhj.tl\/?s={search_term_string}"},"query-input":{"@type":"PropertyValueSpecification","valueRequired":true,"valueName":"search_term_string"}}],"inLanguage":"pt-PT"},{"@type":"Organization","@id":"https:\/\/www.pdhj.tl\/#organization","name":"PDHJ Timor-Leste","url":"https:\/\/www.pdhj.tl\/","logo":{"@type":"ImageObject","inLanguage":"pt-PT","@id":"https:\/\/www.pdhj.tl\/#\/schema\/logo\/image\/","url":"https:\/\/www.pdhj.tl\/wp-content\/uploads\/2013\/11\/tplogo.png","contentUrl":"https:\/\/www.pdhj.tl\/wp-content\/uploads\/2013\/11\/tplogo.png","width":280,"height":280,"caption":"PDHJ Timor-Leste"},"image":{"@id":"https:\/\/www.pdhj.tl\/#\/schema\/logo\/image\/"},"sameAs":["https:\/\/www.facebook.com\/PDHJTimorLeste","https:\/\/x.com\/PDHJTimorLeste","https:\/\/www.tiktok.com\/pdhj.tl","https:\/\/www.instagram.com\/pdhj.tl\/","https:\/\/www.linkedin.com\/company\/pdhj-tls\/"]}]}},"_links":{"self":[{"href":"https:\/\/www.pdhj.tl\/pt-pt\/wp-json\/wp\/v2\/pages\/2848\/"}],"collection":[{"href":"https:\/\/www.pdhj.tl\/pt-pt\/wp-json\/wp\/v2\/pages\/"}],"about":[{"href":"https:\/\/www.pdhj.tl\/pt-pt\/wp-json\/wp\/v2\/types\/page\/"}],"author":[{"embeddable":true,"href":"https:\/\/www.pdhj.tl\/pt-pt\/wp-json\/wp\/v2\/users\/1\/"}],"replies":[{"embeddable":true,"href":"https:\/\/www.pdhj.tl\/pt-pt\/wp-json\/wp\/v2\/comments\/?post=2848"}],"version-history":[{"count":0,"href":"https:\/\/www.pdhj.tl\/pt-pt\/wp-json\/wp\/v2\/pages\/2848\/revisions\/"}],"up":[{"embeddable":true,"href":"https:\/\/www.pdhj.tl\/pt-pt\/wp-json\/wp\/v2\/pages\/2837\/"}],"wp:attachment":[{"href":"https:\/\/www.pdhj.tl\/pt-pt\/wp-json\/wp\/v2\/media\/?parent=2848"}],"curies":[{"name":"wp","href":"https:\/\/api.w.org\/{rel}","templated":true}]}}