{"id":2841,"date":"2014-06-16T03:10:21","date_gmt":"2014-06-16T03:10:21","guid":{"rendered":"http:\/\/pdhj.tl\/?page_id=2841"},"modified":"2014-06-16T03:10:21","modified_gmt":"2014-06-16T03:10:21","slug":"objetivos-estratejicos","status":"publish","type":"page","link":"https:\/\/www.pdhj.tl\/pt-pt\/sobre-o-provedor-de-direitos-humanos-e-justica\/objetivos-estratejicos\/","title":{"rendered":"Objetivos Estrat\u00e9jicos"},"content":{"rendered":"Os objetivos estrat\u00e9jicos da Provedoria s\u00e3o, para que:\r\n\r\n-\u00a0\u00a0\u00a0\u00a0\u00a0 A Provedoria posua uma capacidade intensificada e independ\u00eancia para garantir uma boa implementa\u00e7\u00e3o do seu mandato.\r\n\r\n-\u00a0\u00a0\u00a0\u00a0\u00a0 As autoridades p\u00fablicas possuam bom conhecimento relativo aos direitos humanos e boa governa\u00e7\u00e3o.\r\n\r\n-\u00a0\u00a0\u00a0\u00a0\u00a0 As pessoas vulneraveis sejam protegidas contra os abusos de direitos humanos e possuam bom acesso aos servi\u00e7os p\u00fablicos.\r\n\r\n-\u00a0\u00a0\u00a0\u00a0\u00a0 As autoridades p\u00fablicas prevene e remedia <a href=\"https:\/\/www.pdhj.tl\/pt-pt\/sobre-o-provedor-de-direitos-humanos-e-justica\/objetivos-estratejicos\/\" class=\"more-link\">Read more [...]<\/a>","protected":false},"excerpt":{"rendered":"<p>Os objetivos estrat\u00e9jicos da Provedoria s\u00e3o, para que: &#8211;\u00a0\u00a0\u00a0\u00a0\u00a0 A Provedoria posua uma capacidade intensificada e independ\u00eancia para garantir uma boa implementa\u00e7\u00e3o do seu mandato. &#8211;\u00a0\u00a0\u00a0\u00a0\u00a0 As autoridades p\u00fablicas possuam bom conhecimento relativo aos direitos humanos e boa governa\u00e7\u00e3o. &#8211;\u00a0\u00a0\u00a0\u00a0\u00a0 As pessoas vulneraveis sejam protegidas contra os abusos de direitos humanos e possuam bom acesso aos servi\u00e7os p\u00fablicos. &#8211;\u00a0\u00a0\u00a0\u00a0\u00a0 As autoridades p\u00fablicas prevene e remedia Read more [&#8230;]<\/p>\n","protected":false},"author":1,"featured_media":0,"parent":2837,"menu_order":0,"comment_status":"closed","ping_status":"closed","template":"template-pagewithsidebar.php","meta":{"footnotes":""},"class_list":["post-2841","page","type-page","status-publish"],"yoast_head":"<!-- This site is optimized with the Yoast SEO plugin v26.9 - https:\/\/yoast.com\/product\/yoast-seo-wordpress\/ -->\n<title>Objetivos Estrat\u00e9jicos - PDHJ<\/title>\n<meta name=\"robots\" content=\"index, follow, max-snippet:-1, max-image-preview:large, max-video-preview:-1\" \/>\n<link rel=\"canonical\" href=\"https:\/\/www.pdhj.tl\/pt-pt\/sobre-o-provedor-de-direitos-humanos-e-justica\/objetivos-estratejicos\/\" \/>\n<meta property=\"og:locale\" content=\"pt_PT\" \/>\n<meta property=\"og:type\" content=\"article\" \/>\n<meta property=\"og:title\" content=\"Objetivos Estrat\u00e9jicos - PDHJ\" \/>\n<meta property=\"og:description\" content=\"Os objetivos estrat\u00e9jicos da Provedoria s\u00e3o, para que: -\u00a0\u00a0\u00a0\u00a0\u00a0 A Provedoria posua uma capacidade intensificada e independ\u00eancia para garantir uma boa implementa\u00e7\u00e3o do seu mandato. -\u00a0\u00a0\u00a0\u00a0\u00a0 As autoridades p\u00fablicas possuam bom conhecimento relativo aos direitos humanos e boa governa\u00e7\u00e3o. -\u00a0\u00a0\u00a0\u00a0\u00a0 As pessoas vulneraveis sejam protegidas contra os abusos de direitos humanos e possuam bom acesso aos servi\u00e7os p\u00fablicos. -\u00a0\u00a0\u00a0\u00a0\u00a0 As autoridades p\u00fablicas prevene e remedia Read more [...]\" \/>\n<meta property=\"og:url\" content=\"https:\/\/www.pdhj.tl\/pt-pt\/sobre-o-provedor-de-direitos-humanos-e-justica\/objetivos-estratejicos\/\" \/>\n<meta property=\"og:site_name\" content=\"PDHJ\" \/>\n<meta property=\"article:publisher\" content=\"https:\/\/www.facebook.com\/PDHJTimorLeste\" \/>\n<meta name=\"twitter:card\" content=\"summary_large_image\" \/>\n<meta name=\"twitter:site\" content=\"@PDHJTimorLeste\" \/>\n<script type=\"application\/ld+json\" class=\"yoast-schema-graph\">{\"@context\":\"https:\/\/schema.org\",\"@graph\":[{\"@type\":\"WebPage\",\"@id\":\"https:\/\/www.pdhj.tl\/pt-pt\/sobre-o-provedor-de-direitos-humanos-e-justica\/objetivos-estratejicos\/\",\"url\":\"https:\/\/www.pdhj.tl\/pt-pt\/sobre-o-provedor-de-direitos-humanos-e-justica\/objetivos-estratejicos\/\",\"name\":\"Objetivos Estrat\u00e9jicos - PDHJ\",\"isPartOf\":{\"@id\":\"https:\/\/www.pdhj.tl\/#website\"},\"datePublished\":\"2014-06-16T03:10:21+00:00\",\"breadcrumb\":{\"@id\":\"https:\/\/www.pdhj.tl\/pt-pt\/sobre-o-provedor-de-direitos-humanos-e-justica\/objetivos-estratejicos\/#breadcrumb\"},\"inLanguage\":\"pt-PT\",\"potentialAction\":[{\"@type\":\"ReadAction\",\"target\":[\"https:\/\/www.pdhj.tl\/pt-pt\/sobre-o-provedor-de-direitos-humanos-e-justica\/objetivos-estratejicos\/\"]}]},{\"@type\":\"BreadcrumbList\",\"@id\":\"https:\/\/www.pdhj.tl\/pt-pt\/sobre-o-provedor-de-direitos-humanos-e-justica\/objetivos-estratejicos\/#breadcrumb\",\"itemListElement\":[{\"@type\":\"ListItem\",\"position\":1,\"name\":\"Home\",\"item\":\"https:\/\/www.pdhj.tl\/pt-pt\/home\/\"},{\"@type\":\"ListItem\",\"position\":2,\"name\":\"Sobre o Provedor de Direitos Humanos e Justi\u00e7a\",\"item\":\"https:\/\/www.pdhj.tl\/pt-pt\/sobre-o-provedor-de-direitos-humanos-e-justica\/\"},{\"@type\":\"ListItem\",\"position\":3,\"name\":\"Objetivos Estrat\u00e9jicos\"}]},{\"@type\":\"WebSite\",\"@id\":\"https:\/\/www.pdhj.tl\/#website\",\"url\":\"https:\/\/www.pdhj.tl\/\",\"name\":\"PDHJ Timor-Leste\",\"description\":\"Provedoria dos Direitos Humanos e Justi\u00e7a\",\"publisher\":{\"@id\":\"https:\/\/www.pdhj.tl\/#organization\"},\"potentialAction\":[{\"@type\":\"SearchAction\",\"target\":{\"@type\":\"EntryPoint\",\"urlTemplate\":\"https:\/\/www.pdhj.tl\/?s={search_term_string}\"},\"query-input\":{\"@type\":\"PropertyValueSpecification\",\"valueRequired\":true,\"valueName\":\"search_term_string\"}}],\"inLanguage\":\"pt-PT\"},{\"@type\":\"Organization\",\"@id\":\"https:\/\/www.pdhj.tl\/#organization\",\"name\":\"PDHJ Timor-Leste\",\"url\":\"https:\/\/www.pdhj.tl\/\",\"logo\":{\"@type\":\"ImageObject\",\"inLanguage\":\"pt-PT\",\"@id\":\"https:\/\/www.pdhj.tl\/#\/schema\/logo\/image\/\",\"url\":\"https:\/\/www.pdhj.tl\/wp-content\/uploads\/2013\/11\/tplogo.png\",\"contentUrl\":\"https:\/\/www.pdhj.tl\/wp-content\/uploads\/2013\/11\/tplogo.png\",\"width\":280,\"height\":280,\"caption\":\"PDHJ Timor-Leste\"},\"image\":{\"@id\":\"https:\/\/www.pdhj.tl\/#\/schema\/logo\/image\/\"},\"sameAs\":[\"https:\/\/www.facebook.com\/PDHJTimorLeste\",\"https:\/\/x.com\/PDHJTimorLeste\",\"https:\/\/www.tiktok.com\/pdhj.tl\",\"https:\/\/www.instagram.com\/pdhj.tl\/\",\"https:\/\/www.linkedin.com\/company\/pdhj-tls\/\"]}]}<\/script>\n<!-- \/ Yoast SEO plugin. -->","yoast_head_json":{"title":"Objetivos Estrat\u00e9jicos - PDHJ","robots":{"index":"index","follow":"follow","max-snippet":"max-snippet:-1","max-image-preview":"max-image-preview:large","max-video-preview":"max-video-preview:-1"},"canonical":"https:\/\/www.pdhj.tl\/pt-pt\/sobre-o-provedor-de-direitos-humanos-e-justica\/objetivos-estratejicos\/","og_locale":"pt_PT","og_type":"article","og_title":"Objetivos Estrat\u00e9jicos - PDHJ","og_description":"Os objetivos estrat\u00e9jicos da Provedoria s\u00e3o, para que: -\u00a0\u00a0\u00a0\u00a0\u00a0 A Provedoria posua uma capacidade intensificada e independ\u00eancia para garantir uma boa implementa\u00e7\u00e3o do seu mandato. -\u00a0\u00a0\u00a0\u00a0\u00a0 As autoridades p\u00fablicas possuam bom conhecimento relativo aos direitos humanos e boa governa\u00e7\u00e3o. -\u00a0\u00a0\u00a0\u00a0\u00a0 As pessoas vulneraveis sejam protegidas contra os abusos de direitos humanos e possuam bom acesso aos servi\u00e7os p\u00fablicos. -\u00a0\u00a0\u00a0\u00a0\u00a0 As autoridades p\u00fablicas prevene e remedia Read more [...]","og_url":"https:\/\/www.pdhj.tl\/pt-pt\/sobre-o-provedor-de-direitos-humanos-e-justica\/objetivos-estratejicos\/","og_site_name":"PDHJ","article_publisher":"https:\/\/www.facebook.com\/PDHJTimorLeste","twitter_card":"summary_large_image","twitter_site":"@PDHJTimorLeste","schema":{"@context":"https:\/\/schema.org","@graph":[{"@type":"WebPage","@id":"https:\/\/www.pdhj.tl\/pt-pt\/sobre-o-provedor-de-direitos-humanos-e-justica\/objetivos-estratejicos\/","url":"https:\/\/www.pdhj.tl\/pt-pt\/sobre-o-provedor-de-direitos-humanos-e-justica\/objetivos-estratejicos\/","name":"Objetivos Estrat\u00e9jicos - PDHJ","isPartOf":{"@id":"https:\/\/www.pdhj.tl\/#website"},"datePublished":"2014-06-16T03:10:21+00:00","breadcrumb":{"@id":"https:\/\/www.pdhj.tl\/pt-pt\/sobre-o-provedor-de-direitos-humanos-e-justica\/objetivos-estratejicos\/#breadcrumb"},"inLanguage":"pt-PT","potentialAction":[{"@type":"ReadAction","target":["https:\/\/www.pdhj.tl\/pt-pt\/sobre-o-provedor-de-direitos-humanos-e-justica\/objetivos-estratejicos\/"]}]},{"@type":"BreadcrumbList","@id":"https:\/\/www.pdhj.tl\/pt-pt\/sobre-o-provedor-de-direitos-humanos-e-justica\/objetivos-estratejicos\/#breadcrumb","itemListElement":[{"@type":"ListItem","position":1,"name":"Home","item":"https:\/\/www.pdhj.tl\/pt-pt\/home\/"},{"@type":"ListItem","position":2,"name":"Sobre o Provedor de Direitos Humanos e Justi\u00e7a","item":"https:\/\/www.pdhj.tl\/pt-pt\/sobre-o-provedor-de-direitos-humanos-e-justica\/"},{"@type":"ListItem","position":3,"name":"Objetivos Estrat\u00e9jicos"}]},{"@type":"WebSite","@id":"https:\/\/www.pdhj.tl\/#website","url":"https:\/\/www.pdhj.tl\/","name":"PDHJ Timor-Leste","description":"Provedoria dos Direitos Humanos e Justi\u00e7a","publisher":{"@id":"https:\/\/www.pdhj.tl\/#organization"},"potentialAction":[{"@type":"SearchAction","target":{"@type":"EntryPoint","urlTemplate":"https:\/\/www.pdhj.tl\/?s={search_term_string}"},"query-input":{"@type":"PropertyValueSpecification","valueRequired":true,"valueName":"search_term_string"}}],"inLanguage":"pt-PT"},{"@type":"Organization","@id":"https:\/\/www.pdhj.tl\/#organization","name":"PDHJ Timor-Leste","url":"https:\/\/www.pdhj.tl\/","logo":{"@type":"ImageObject","inLanguage":"pt-PT","@id":"https:\/\/www.pdhj.tl\/#\/schema\/logo\/image\/","url":"https:\/\/www.pdhj.tl\/wp-content\/uploads\/2013\/11\/tplogo.png","contentUrl":"https:\/\/www.pdhj.tl\/wp-content\/uploads\/2013\/11\/tplogo.png","width":280,"height":280,"caption":"PDHJ Timor-Leste"},"image":{"@id":"https:\/\/www.pdhj.tl\/#\/schema\/logo\/image\/"},"sameAs":["https:\/\/www.facebook.com\/PDHJTimorLeste","https:\/\/x.com\/PDHJTimorLeste","https:\/\/www.tiktok.com\/pdhj.tl","https:\/\/www.instagram.com\/pdhj.tl\/","https:\/\/www.linkedin.com\/company\/pdhj-tls\/"]}]}},"_links":{"self":[{"href":"https:\/\/www.pdhj.tl\/pt-pt\/wp-json\/wp\/v2\/pages\/2841\/"}],"collection":[{"href":"https:\/\/www.pdhj.tl\/pt-pt\/wp-json\/wp\/v2\/pages\/"}],"about":[{"href":"https:\/\/www.pdhj.tl\/pt-pt\/wp-json\/wp\/v2\/types\/page\/"}],"author":[{"embeddable":true,"href":"https:\/\/www.pdhj.tl\/pt-pt\/wp-json\/wp\/v2\/users\/1\/"}],"replies":[{"embeddable":true,"href":"https:\/\/www.pdhj.tl\/pt-pt\/wp-json\/wp\/v2\/comments\/?post=2841"}],"version-history":[{"count":0,"href":"https:\/\/www.pdhj.tl\/pt-pt\/wp-json\/wp\/v2\/pages\/2841\/revisions\/"}],"up":[{"embeddable":true,"href":"https:\/\/www.pdhj.tl\/pt-pt\/wp-json\/wp\/v2\/pages\/2837\/"}],"wp:attachment":[{"href":"https:\/\/www.pdhj.tl\/pt-pt\/wp-json\/wp\/v2\/media\/?parent=2841"}],"curies":[{"name":"wp","href":"https:\/\/api.w.org\/{rel}","templated":true}]}}