{"id":2839,"date":"2014-06-16T03:08:56","date_gmt":"2014-06-16T03:08:56","guid":{"rendered":"http:\/\/pdhj.tl\/?page_id=2839"},"modified":"2014-06-16T03:08:56","modified_gmt":"2014-06-16T03:08:56","slug":"visao-missao-e-valores","status":"publish","type":"page","link":"https:\/\/www.pdhj.tl\/pt-pt\/sobre-o-provedor-de-direitos-humanos-e-justica\/visao-missao-e-valores\/","title":{"rendered":"Vis\u00e3o, miss\u00e3o e valores"},"content":{"rendered":"A vis\u00e3o da Provedoria \u00e9 proteger os direitos humanos.\r\n\r\nA miss\u00e3o da Provedoria \u00e9:\r\n\r\nEduca\u00e7\u00e3o: A cria\u00e7\u00e3o da consci\u00eancia p\u00fablica por meio de promo\u00e7\u00e3o cultural que respeite os princ\u00edpios dos direitos humanos e de boa-governa\u00e7\u00e3o.\r\n\r\nPromo\u00e7\u00e3o de coopera\u00e7\u00e3o: providenciar motiva\u00e7\u00e3o e assist\u00eancia \u00e0s entidades e ag\u00eancias p\u00fablicas para o estabelecimento de pol\u00edticas, procedimentos, forma\u00e7\u00f5es internas e mecanismos de queixas que promovem os direitos humanos e boa governa\u00e7\u00e3o.\r\n\r\nResolu\u00e7\u00e3o: <a href=\"https:\/\/www.pdhj.tl\/pt-pt\/sobre-o-provedor-de-direitos-humanos-e-justica\/visao-missao-e-valores\/\" class=\"more-link\">Read more [...]<\/a>","protected":false},"excerpt":{"rendered":"<p>A vis\u00e3o da Provedoria \u00e9 proteger os direitos humanos. A miss\u00e3o da Provedoria \u00e9: Educa\u00e7\u00e3o: A cria\u00e7\u00e3o da consci\u00eancia p\u00fablica por meio de promo\u00e7\u00e3o cultural que respeite os princ\u00edpios dos direitos humanos e de boa-governa\u00e7\u00e3o. Promo\u00e7\u00e3o de coopera\u00e7\u00e3o: providenciar motiva\u00e7\u00e3o e assist\u00eancia \u00e0s entidades e ag\u00eancias p\u00fablicas para o estabelecimento de pol\u00edticas, procedimentos, forma\u00e7\u00f5es internas e mecanismos de queixas que promovem os direitos humanos e boa governa\u00e7\u00e3o. Resolu\u00e7\u00e3o: Read more [&#8230;]<\/p>\n","protected":false},"author":1,"featured_media":0,"parent":2837,"menu_order":0,"comment_status":"closed","ping_status":"closed","template":"template-pagewithsidebar.php","meta":{"footnotes":""},"class_list":["post-2839","page","type-page","status-publish"],"yoast_head":"<!-- This site is optimized with the Yoast SEO plugin v26.9 - https:\/\/yoast.com\/product\/yoast-seo-wordpress\/ -->\n<title>Vis\u00e3o, miss\u00e3o e valores - PDHJ<\/title>\n<meta name=\"robots\" content=\"index, follow, max-snippet:-1, max-image-preview:large, max-video-preview:-1\" \/>\n<link rel=\"canonical\" href=\"https:\/\/www.pdhj.tl\/pt-pt\/sobre-o-provedor-de-direitos-humanos-e-justica\/visao-missao-e-valores\/\" \/>\n<meta property=\"og:locale\" content=\"pt_PT\" \/>\n<meta property=\"og:type\" content=\"article\" \/>\n<meta property=\"og:title\" content=\"Vis\u00e3o, miss\u00e3o e valores - PDHJ\" \/>\n<meta property=\"og:description\" content=\"A vis\u00e3o da Provedoria \u00e9 proteger os direitos humanos. A miss\u00e3o da Provedoria \u00e9: Educa\u00e7\u00e3o: A cria\u00e7\u00e3o da consci\u00eancia p\u00fablica por meio de promo\u00e7\u00e3o cultural que respeite os princ\u00edpios dos direitos humanos e de boa-governa\u00e7\u00e3o. Promo\u00e7\u00e3o de coopera\u00e7\u00e3o: providenciar motiva\u00e7\u00e3o e assist\u00eancia \u00e0s entidades e ag\u00eancias p\u00fablicas para o estabelecimento de pol\u00edticas, procedimentos, forma\u00e7\u00f5es internas e mecanismos de queixas que promovem os direitos humanos e boa governa\u00e7\u00e3o. Resolu\u00e7\u00e3o: Read more [...]\" \/>\n<meta property=\"og:url\" content=\"https:\/\/www.pdhj.tl\/pt-pt\/sobre-o-provedor-de-direitos-humanos-e-justica\/visao-missao-e-valores\/\" \/>\n<meta property=\"og:site_name\" content=\"PDHJ\" \/>\n<meta property=\"article:publisher\" content=\"https:\/\/www.facebook.com\/PDHJTimorLeste\" \/>\n<meta name=\"twitter:card\" content=\"summary_large_image\" \/>\n<meta name=\"twitter:site\" content=\"@PDHJTimorLeste\" \/>\n<meta name=\"twitter:label1\" content=\"Tempo estimado de leitura\" \/>\n\t<meta name=\"twitter:data1\" content=\"1 minuto\" \/>\n<script type=\"application\/ld+json\" class=\"yoast-schema-graph\">{\"@context\":\"https:\/\/schema.org\",\"@graph\":[{\"@type\":\"WebPage\",\"@id\":\"https:\/\/www.pdhj.tl\/pt-pt\/sobre-o-provedor-de-direitos-humanos-e-justica\/visao-missao-e-valores\/\",\"url\":\"https:\/\/www.pdhj.tl\/pt-pt\/sobre-o-provedor-de-direitos-humanos-e-justica\/visao-missao-e-valores\/\",\"name\":\"Vis\u00e3o, miss\u00e3o e valores - PDHJ\",\"isPartOf\":{\"@id\":\"https:\/\/www.pdhj.tl\/#website\"},\"datePublished\":\"2014-06-16T03:08:56+00:00\",\"breadcrumb\":{\"@id\":\"https:\/\/www.pdhj.tl\/pt-pt\/sobre-o-provedor-de-direitos-humanos-e-justica\/visao-missao-e-valores\/#breadcrumb\"},\"inLanguage\":\"pt-PT\",\"potentialAction\":[{\"@type\":\"ReadAction\",\"target\":[\"https:\/\/www.pdhj.tl\/pt-pt\/sobre-o-provedor-de-direitos-humanos-e-justica\/visao-missao-e-valores\/\"]}]},{\"@type\":\"BreadcrumbList\",\"@id\":\"https:\/\/www.pdhj.tl\/pt-pt\/sobre-o-provedor-de-direitos-humanos-e-justica\/visao-missao-e-valores\/#breadcrumb\",\"itemListElement\":[{\"@type\":\"ListItem\",\"position\":1,\"name\":\"Home\",\"item\":\"https:\/\/www.pdhj.tl\/pt-pt\/home\/\"},{\"@type\":\"ListItem\",\"position\":2,\"name\":\"Sobre o Provedor de Direitos Humanos e Justi\u00e7a\",\"item\":\"https:\/\/www.pdhj.tl\/pt-pt\/sobre-o-provedor-de-direitos-humanos-e-justica\/\"},{\"@type\":\"ListItem\",\"position\":3,\"name\":\"Vis\u00e3o, miss\u00e3o e valores\"}]},{\"@type\":\"WebSite\",\"@id\":\"https:\/\/www.pdhj.tl\/#website\",\"url\":\"https:\/\/www.pdhj.tl\/\",\"name\":\"PDHJ Timor-Leste\",\"description\":\"Provedoria dos Direitos Humanos e Justi\u00e7a\",\"publisher\":{\"@id\":\"https:\/\/www.pdhj.tl\/#organization\"},\"potentialAction\":[{\"@type\":\"SearchAction\",\"target\":{\"@type\":\"EntryPoint\",\"urlTemplate\":\"https:\/\/www.pdhj.tl\/?s={search_term_string}\"},\"query-input\":{\"@type\":\"PropertyValueSpecification\",\"valueRequired\":true,\"valueName\":\"search_term_string\"}}],\"inLanguage\":\"pt-PT\"},{\"@type\":\"Organization\",\"@id\":\"https:\/\/www.pdhj.tl\/#organization\",\"name\":\"PDHJ Timor-Leste\",\"url\":\"https:\/\/www.pdhj.tl\/\",\"logo\":{\"@type\":\"ImageObject\",\"inLanguage\":\"pt-PT\",\"@id\":\"https:\/\/www.pdhj.tl\/#\/schema\/logo\/image\/\",\"url\":\"https:\/\/www.pdhj.tl\/wp-content\/uploads\/2013\/11\/tplogo.png\",\"contentUrl\":\"https:\/\/www.pdhj.tl\/wp-content\/uploads\/2013\/11\/tplogo.png\",\"width\":280,\"height\":280,\"caption\":\"PDHJ Timor-Leste\"},\"image\":{\"@id\":\"https:\/\/www.pdhj.tl\/#\/schema\/logo\/image\/\"},\"sameAs\":[\"https:\/\/www.facebook.com\/PDHJTimorLeste\",\"https:\/\/x.com\/PDHJTimorLeste\",\"https:\/\/www.tiktok.com\/pdhj.tl\",\"https:\/\/www.instagram.com\/pdhj.tl\/\",\"https:\/\/www.linkedin.com\/company\/pdhj-tls\/\"]}]}<\/script>\n<!-- \/ Yoast SEO plugin. -->","yoast_head_json":{"title":"Vis\u00e3o, miss\u00e3o e valores - PDHJ","robots":{"index":"index","follow":"follow","max-snippet":"max-snippet:-1","max-image-preview":"max-image-preview:large","max-video-preview":"max-video-preview:-1"},"canonical":"https:\/\/www.pdhj.tl\/pt-pt\/sobre-o-provedor-de-direitos-humanos-e-justica\/visao-missao-e-valores\/","og_locale":"pt_PT","og_type":"article","og_title":"Vis\u00e3o, miss\u00e3o e valores - PDHJ","og_description":"A vis\u00e3o da Provedoria \u00e9 proteger os direitos humanos. A miss\u00e3o da Provedoria \u00e9: Educa\u00e7\u00e3o: A cria\u00e7\u00e3o da consci\u00eancia p\u00fablica por meio de promo\u00e7\u00e3o cultural que respeite os princ\u00edpios dos direitos humanos e de boa-governa\u00e7\u00e3o. Promo\u00e7\u00e3o de coopera\u00e7\u00e3o: providenciar motiva\u00e7\u00e3o e assist\u00eancia \u00e0s entidades e ag\u00eancias p\u00fablicas para o estabelecimento de pol\u00edticas, procedimentos, forma\u00e7\u00f5es internas e mecanismos de queixas que promovem os direitos humanos e boa governa\u00e7\u00e3o. Resolu\u00e7\u00e3o: Read more [...]","og_url":"https:\/\/www.pdhj.tl\/pt-pt\/sobre-o-provedor-de-direitos-humanos-e-justica\/visao-missao-e-valores\/","og_site_name":"PDHJ","article_publisher":"https:\/\/www.facebook.com\/PDHJTimorLeste","twitter_card":"summary_large_image","twitter_site":"@PDHJTimorLeste","twitter_misc":{"Tempo estimado de leitura":"1 minuto"},"schema":{"@context":"https:\/\/schema.org","@graph":[{"@type":"WebPage","@id":"https:\/\/www.pdhj.tl\/pt-pt\/sobre-o-provedor-de-direitos-humanos-e-justica\/visao-missao-e-valores\/","url":"https:\/\/www.pdhj.tl\/pt-pt\/sobre-o-provedor-de-direitos-humanos-e-justica\/visao-missao-e-valores\/","name":"Vis\u00e3o, miss\u00e3o e valores - PDHJ","isPartOf":{"@id":"https:\/\/www.pdhj.tl\/#website"},"datePublished":"2014-06-16T03:08:56+00:00","breadcrumb":{"@id":"https:\/\/www.pdhj.tl\/pt-pt\/sobre-o-provedor-de-direitos-humanos-e-justica\/visao-missao-e-valores\/#breadcrumb"},"inLanguage":"pt-PT","potentialAction":[{"@type":"ReadAction","target":["https:\/\/www.pdhj.tl\/pt-pt\/sobre-o-provedor-de-direitos-humanos-e-justica\/visao-missao-e-valores\/"]}]},{"@type":"BreadcrumbList","@id":"https:\/\/www.pdhj.tl\/pt-pt\/sobre-o-provedor-de-direitos-humanos-e-justica\/visao-missao-e-valores\/#breadcrumb","itemListElement":[{"@type":"ListItem","position":1,"name":"Home","item":"https:\/\/www.pdhj.tl\/pt-pt\/home\/"},{"@type":"ListItem","position":2,"name":"Sobre o Provedor de Direitos Humanos e Justi\u00e7a","item":"https:\/\/www.pdhj.tl\/pt-pt\/sobre-o-provedor-de-direitos-humanos-e-justica\/"},{"@type":"ListItem","position":3,"name":"Vis\u00e3o, miss\u00e3o e valores"}]},{"@type":"WebSite","@id":"https:\/\/www.pdhj.tl\/#website","url":"https:\/\/www.pdhj.tl\/","name":"PDHJ Timor-Leste","description":"Provedoria dos Direitos Humanos e Justi\u00e7a","publisher":{"@id":"https:\/\/www.pdhj.tl\/#organization"},"potentialAction":[{"@type":"SearchAction","target":{"@type":"EntryPoint","urlTemplate":"https:\/\/www.pdhj.tl\/?s={search_term_string}"},"query-input":{"@type":"PropertyValueSpecification","valueRequired":true,"valueName":"search_term_string"}}],"inLanguage":"pt-PT"},{"@type":"Organization","@id":"https:\/\/www.pdhj.tl\/#organization","name":"PDHJ Timor-Leste","url":"https:\/\/www.pdhj.tl\/","logo":{"@type":"ImageObject","inLanguage":"pt-PT","@id":"https:\/\/www.pdhj.tl\/#\/schema\/logo\/image\/","url":"https:\/\/www.pdhj.tl\/wp-content\/uploads\/2013\/11\/tplogo.png","contentUrl":"https:\/\/www.pdhj.tl\/wp-content\/uploads\/2013\/11\/tplogo.png","width":280,"height":280,"caption":"PDHJ Timor-Leste"},"image":{"@id":"https:\/\/www.pdhj.tl\/#\/schema\/logo\/image\/"},"sameAs":["https:\/\/www.facebook.com\/PDHJTimorLeste","https:\/\/x.com\/PDHJTimorLeste","https:\/\/www.tiktok.com\/pdhj.tl","https:\/\/www.instagram.com\/pdhj.tl\/","https:\/\/www.linkedin.com\/company\/pdhj-tls\/"]}]}},"_links":{"self":[{"href":"https:\/\/www.pdhj.tl\/pt-pt\/wp-json\/wp\/v2\/pages\/2839\/"}],"collection":[{"href":"https:\/\/www.pdhj.tl\/pt-pt\/wp-json\/wp\/v2\/pages\/"}],"about":[{"href":"https:\/\/www.pdhj.tl\/pt-pt\/wp-json\/wp\/v2\/types\/page\/"}],"author":[{"embeddable":true,"href":"https:\/\/www.pdhj.tl\/pt-pt\/wp-json\/wp\/v2\/users\/1\/"}],"replies":[{"embeddable":true,"href":"https:\/\/www.pdhj.tl\/pt-pt\/wp-json\/wp\/v2\/comments\/?post=2839"}],"version-history":[{"count":0,"href":"https:\/\/www.pdhj.tl\/pt-pt\/wp-json\/wp\/v2\/pages\/2839\/revisions\/"}],"up":[{"embeddable":true,"href":"https:\/\/www.pdhj.tl\/pt-pt\/wp-json\/wp\/v2\/pages\/2837\/"}],"wp:attachment":[{"href":"https:\/\/www.pdhj.tl\/pt-pt\/wp-json\/wp\/v2\/media\/?parent=2839"}],"curies":[{"name":"wp","href":"https:\/\/api.w.org\/{rel}","templated":true}]}}