{"id":398,"date":"2013-11-17T03:22:30","date_gmt":"2013-11-17T03:22:30","guid":{"rendered":"http:\/\/pdhj.tl\/?page_id=398"},"modified":"2014-12-08T01:19:23","modified_gmt":"2014-12-08T01:19:23","slug":"other-reports","status":"publish","type":"page","link":"https:\/\/www.pdhj.tl\/en\/media-publications\/other-reports\/","title":{"rendered":"Other reports and documents"},"content":{"rendered":"Strategic Plan, Annual Work Plan and Communication Strategy\r\n\r\nStrategic Plan (2011-2020) (e)\r\n\r\nStrategic Plan (2011-2020) (t)\r\n\r\nStrategic Plan Result Framework (2008-2010)(t)\r\n\r\nPlano De Ac\u00e7\u00e3o Anual Do Provedoria Dos Direitos Humanos E Justi\u00e7apara 2012(t)\r\n\r\nPlano Anual Para 2013 (p)\r\n\r\n&nbsp;\r\n\r\nPDHJ Statute and Legislation and other Directly Relevant Legislation\r\n\r\nDecree Law-25-2011 (Organic PDHJ)(e)\r\n\r\nLaw 5-2009 (amend Public Service Law)(e)\r\n\r\nLaw 7-2009 (Public Service Commission)(e)\r\n\r\nLaw <a href=\"https:\/\/www.pdhj.tl\/en\/media-publications\/other-reports\/\" class=\"more-link\">Read more [...]<\/a>","protected":false},"excerpt":{"rendered":"<p>Strategic Plan, Annual Work Plan and Communication Strategy Strategic Plan (2011-2020) (e) Strategic Plan (2011-2020) (t) Strategic Plan Result Framework (2008-2010)(t) Plano De Ac\u00e7\u00e3o Anual Do Provedoria Dos Direitos Humanos E Justi\u00e7apara 2012(t) Plano Anual Para 2013 (p) &nbsp; PDHJ Statute and Legislation and other Directly Relevant Legislation Decree Law-25-2011 (Organic PDHJ)(e) Law 5-2009 (amend Public Service Law)(e) Law 7-2009 (Public Service Commission)(e) Law Read more [&#8230;]<\/p>\n","protected":false},"author":1,"featured_media":0,"parent":296,"menu_order":0,"comment_status":"open","ping_status":"open","template":"template-pagewithsidebar.php","meta":{"footnotes":""},"class_list":["post-398","page","type-page","status-publish"],"yoast_head":"<!-- This site is optimized with the Yoast SEO plugin v26.9 - https:\/\/yoast.com\/product\/yoast-seo-wordpress\/ -->\n<title>Other reports and documents - PDHJ<\/title>\n<meta name=\"robots\" content=\"index, follow, max-snippet:-1, max-image-preview:large, max-video-preview:-1\" \/>\n<link rel=\"canonical\" href=\"https:\/\/www.pdhj.tl\/en\/media-publications\/other-reports\/\" \/>\n<meta property=\"og:locale\" content=\"en_US\" \/>\n<meta property=\"og:type\" content=\"article\" \/>\n<meta property=\"og:title\" content=\"Other reports and documents - PDHJ\" \/>\n<meta property=\"og:description\" content=\"Strategic Plan, Annual Work Plan and Communication Strategy Strategic Plan (2011-2020) (e) Strategic Plan (2011-2020) (t) Strategic Plan Result Framework (2008-2010)(t) Plano De Ac\u00e7\u00e3o Anual Do Provedoria Dos Direitos Humanos E Justi\u00e7apara 2012(t) Plano Anual Para 2013 (p) &nbsp; PDHJ Statute and Legislation and other Directly Relevant Legislation Decree Law-25-2011 (Organic PDHJ)(e) Law 5-2009 (amend Public Service Law)(e) Law 7-2009 (Public Service Commission)(e) Law Read more [...]\" \/>\n<meta property=\"og:url\" content=\"https:\/\/www.pdhj.tl\/en\/media-publications\/other-reports\/\" \/>\n<meta property=\"og:site_name\" content=\"PDHJ\" \/>\n<meta property=\"article:publisher\" content=\"https:\/\/www.facebook.com\/PDHJTimorLeste\" \/>\n<meta property=\"article:modified_time\" content=\"2014-12-08T01:19:23+00:00\" \/>\n<meta name=\"twitter:card\" content=\"summary_large_image\" \/>\n<meta name=\"twitter:site\" content=\"@PDHJTimorLeste\" \/>\n<meta name=\"twitter:label1\" content=\"Est. reading time\" \/>\n\t<meta name=\"twitter:data1\" content=\"1 minute\" \/>\n<script type=\"application\/ld+json\" class=\"yoast-schema-graph\">{\"@context\":\"https:\/\/schema.org\",\"@graph\":[{\"@type\":\"WebPage\",\"@id\":\"https:\/\/www.pdhj.tl\/en\/media-publications\/other-reports\/\",\"url\":\"https:\/\/www.pdhj.tl\/en\/media-publications\/other-reports\/\",\"name\":\"Other reports and documents - PDHJ\",\"isPartOf\":{\"@id\":\"https:\/\/www.pdhj.tl\/#website\"},\"datePublished\":\"2013-11-17T03:22:30+00:00\",\"dateModified\":\"2014-12-08T01:19:23+00:00\",\"breadcrumb\":{\"@id\":\"https:\/\/www.pdhj.tl\/en\/media-publications\/other-reports\/#breadcrumb\"},\"inLanguage\":\"en-US\",\"potentialAction\":[{\"@type\":\"ReadAction\",\"target\":[\"https:\/\/www.pdhj.tl\/en\/media-publications\/other-reports\/\"]}]},{\"@type\":\"BreadcrumbList\",\"@id\":\"https:\/\/www.pdhj.tl\/en\/media-publications\/other-reports\/#breadcrumb\",\"itemListElement\":[{\"@type\":\"ListItem\",\"position\":1,\"name\":\"Home\",\"item\":\"https:\/\/www.pdhj.tl\/en\/home-2\/\"},{\"@type\":\"ListItem\",\"position\":2,\"name\":\"Media &#038; Publications\",\"item\":\"https:\/\/www.pdhj.tl\/media-publications\/\"},{\"@type\":\"ListItem\",\"position\":3,\"name\":\"Other reports and documents\"}]},{\"@type\":\"WebSite\",\"@id\":\"https:\/\/www.pdhj.tl\/#website\",\"url\":\"https:\/\/www.pdhj.tl\/\",\"name\":\"PDHJ Timor-Leste\",\"description\":\"Provedoria dos Direitos Humanos e Justi\u00e7a\",\"publisher\":{\"@id\":\"https:\/\/www.pdhj.tl\/#organization\"},\"potentialAction\":[{\"@type\":\"SearchAction\",\"target\":{\"@type\":\"EntryPoint\",\"urlTemplate\":\"https:\/\/www.pdhj.tl\/?s={search_term_string}\"},\"query-input\":{\"@type\":\"PropertyValueSpecification\",\"valueRequired\":true,\"valueName\":\"search_term_string\"}}],\"inLanguage\":\"en-US\"},{\"@type\":\"Organization\",\"@id\":\"https:\/\/www.pdhj.tl\/#organization\",\"name\":\"PDHJ Timor-Leste\",\"url\":\"https:\/\/www.pdhj.tl\/\",\"logo\":{\"@type\":\"ImageObject\",\"inLanguage\":\"en-US\",\"@id\":\"https:\/\/www.pdhj.tl\/#\/schema\/logo\/image\/\",\"url\":\"https:\/\/www.pdhj.tl\/wp-content\/uploads\/2013\/11\/tplogo.png\",\"contentUrl\":\"https:\/\/www.pdhj.tl\/wp-content\/uploads\/2013\/11\/tplogo.png\",\"width\":280,\"height\":280,\"caption\":\"PDHJ Timor-Leste\"},\"image\":{\"@id\":\"https:\/\/www.pdhj.tl\/#\/schema\/logo\/image\/\"},\"sameAs\":[\"https:\/\/www.facebook.com\/PDHJTimorLeste\",\"https:\/\/x.com\/PDHJTimorLeste\",\"https:\/\/www.tiktok.com\/pdhj.tl\",\"https:\/\/www.instagram.com\/pdhj.tl\/\",\"https:\/\/www.linkedin.com\/company\/pdhj-tls\/\"]}]}<\/script>\n<!-- \/ Yoast SEO plugin. -->","yoast_head_json":{"title":"Other reports and documents - PDHJ","robots":{"index":"index","follow":"follow","max-snippet":"max-snippet:-1","max-image-preview":"max-image-preview:large","max-video-preview":"max-video-preview:-1"},"canonical":"https:\/\/www.pdhj.tl\/en\/media-publications\/other-reports\/","og_locale":"en_US","og_type":"article","og_title":"Other reports and documents - PDHJ","og_description":"Strategic Plan, Annual Work Plan and Communication Strategy Strategic Plan (2011-2020) (e) Strategic Plan (2011-2020) (t) Strategic Plan Result Framework (2008-2010)(t) Plano De Ac\u00e7\u00e3o Anual Do Provedoria Dos Direitos Humanos E Justi\u00e7apara 2012(t) Plano Anual Para 2013 (p) &nbsp; PDHJ Statute and Legislation and other Directly Relevant Legislation Decree Law-25-2011 (Organic PDHJ)(e) Law 5-2009 (amend Public Service Law)(e) Law 7-2009 (Public Service Commission)(e) Law Read more [...]","og_url":"https:\/\/www.pdhj.tl\/en\/media-publications\/other-reports\/","og_site_name":"PDHJ","article_publisher":"https:\/\/www.facebook.com\/PDHJTimorLeste","article_modified_time":"2014-12-08T01:19:23+00:00","twitter_card":"summary_large_image","twitter_site":"@PDHJTimorLeste","twitter_misc":{"Est. reading time":"1 minute"},"schema":{"@context":"https:\/\/schema.org","@graph":[{"@type":"WebPage","@id":"https:\/\/www.pdhj.tl\/en\/media-publications\/other-reports\/","url":"https:\/\/www.pdhj.tl\/en\/media-publications\/other-reports\/","name":"Other reports and documents - PDHJ","isPartOf":{"@id":"https:\/\/www.pdhj.tl\/#website"},"datePublished":"2013-11-17T03:22:30+00:00","dateModified":"2014-12-08T01:19:23+00:00","breadcrumb":{"@id":"https:\/\/www.pdhj.tl\/en\/media-publications\/other-reports\/#breadcrumb"},"inLanguage":"en-US","potentialAction":[{"@type":"ReadAction","target":["https:\/\/www.pdhj.tl\/en\/media-publications\/other-reports\/"]}]},{"@type":"BreadcrumbList","@id":"https:\/\/www.pdhj.tl\/en\/media-publications\/other-reports\/#breadcrumb","itemListElement":[{"@type":"ListItem","position":1,"name":"Home","item":"https:\/\/www.pdhj.tl\/en\/home-2\/"},{"@type":"ListItem","position":2,"name":"Media &#038; Publications","item":"https:\/\/www.pdhj.tl\/media-publications\/"},{"@type":"ListItem","position":3,"name":"Other reports and documents"}]},{"@type":"WebSite","@id":"https:\/\/www.pdhj.tl\/#website","url":"https:\/\/www.pdhj.tl\/","name":"PDHJ Timor-Leste","description":"Provedoria dos Direitos Humanos e Justi\u00e7a","publisher":{"@id":"https:\/\/www.pdhj.tl\/#organization"},"potentialAction":[{"@type":"SearchAction","target":{"@type":"EntryPoint","urlTemplate":"https:\/\/www.pdhj.tl\/?s={search_term_string}"},"query-input":{"@type":"PropertyValueSpecification","valueRequired":true,"valueName":"search_term_string"}}],"inLanguage":"en-US"},{"@type":"Organization","@id":"https:\/\/www.pdhj.tl\/#organization","name":"PDHJ Timor-Leste","url":"https:\/\/www.pdhj.tl\/","logo":{"@type":"ImageObject","inLanguage":"en-US","@id":"https:\/\/www.pdhj.tl\/#\/schema\/logo\/image\/","url":"https:\/\/www.pdhj.tl\/wp-content\/uploads\/2013\/11\/tplogo.png","contentUrl":"https:\/\/www.pdhj.tl\/wp-content\/uploads\/2013\/11\/tplogo.png","width":280,"height":280,"caption":"PDHJ Timor-Leste"},"image":{"@id":"https:\/\/www.pdhj.tl\/#\/schema\/logo\/image\/"},"sameAs":["https:\/\/www.facebook.com\/PDHJTimorLeste","https:\/\/x.com\/PDHJTimorLeste","https:\/\/www.tiktok.com\/pdhj.tl","https:\/\/www.instagram.com\/pdhj.tl\/","https:\/\/www.linkedin.com\/company\/pdhj-tls\/"]}]}},"_links":{"self":[{"href":"https:\/\/www.pdhj.tl\/en\/wp-json\/wp\/v2\/pages\/398\/"}],"collection":[{"href":"https:\/\/www.pdhj.tl\/en\/wp-json\/wp\/v2\/pages\/"}],"about":[{"href":"https:\/\/www.pdhj.tl\/en\/wp-json\/wp\/v2\/types\/page\/"}],"author":[{"embeddable":true,"href":"https:\/\/www.pdhj.tl\/en\/wp-json\/wp\/v2\/users\/1\/"}],"replies":[{"embeddable":true,"href":"https:\/\/www.pdhj.tl\/en\/wp-json\/wp\/v2\/comments\/?post=398"}],"version-history":[{"count":2,"href":"https:\/\/www.pdhj.tl\/en\/wp-json\/wp\/v2\/pages\/398\/revisions\/"}],"predecessor-version":[{"id":3352,"href":"https:\/\/www.pdhj.tl\/en\/wp-json\/wp\/v2\/pages\/398\/revisions\/3352\/"}],"up":[{"embeddable":true,"href":"https:\/\/www.pdhj.tl\/en\/wp-json\/wp\/v2\/pages\/296\/"}],"wp:attachment":[{"href":"https:\/\/www.pdhj.tl\/en\/wp-json\/wp\/v2\/media\/?parent=398"}],"curies":[{"name":"wp","href":"https:\/\/api.w.org\/{rel}","templated":true}]}}