{"id":292,"date":"2013-11-09T01:13:41","date_gmt":"2013-11-09T01:13:41","guid":{"rendered":"http:\/\/pdhj.tl\/?page_id=292"},"modified":"2019-08-08T07:17:25","modified_gmt":"2019-08-08T07:17:25","slug":"monitoring-prevention-2","status":"publish","type":"page","link":"https:\/\/www.pdhj.tl\/en\/monitoring-prevention-2\/","title":{"rendered":"Monitoring &#038; Prevention"},"content":{"rendered":"Dili : Iha loron 22 Janeiru 2019, Provedoria dos Direitos Humanos e Justi\u00e7a (PDHJ) aprezenta tan relat\u00f3riu 3 hanesan Detensaun, Prizaun no PME ba Minist\u00e9riu relevantes no autoridades Munis\u00edpiu sira atu bele implementa rekomendasaun sira ne\u2019eb\u00e9 Provedor hatada no dadus ka informasaun sira ne\u2019eb\u00e9 aprezenta bele sai hanesan instrumentu apoiu ba halo advokasia no hodi formula planu Minist\u00e9riu relevantes hodi hadia jestaun ne\u2019eb\u00e9 promove efisiensia no efikasia n\u00fadar prinsipiu ida boa governasaun. <a href=\"https:\/\/www.pdhj.tl\/en\/monitoring-prevention-2\/\" class=\"more-link\">Read more [...]<\/a>","protected":false},"excerpt":{"rendered":"<p>Dili : Iha loron 22 Janeiru 2019, Provedoria dos Direitos Humanos e Justi\u00e7a (PDHJ) aprezenta tan relat\u00f3riu 3 hanesan Detensaun, Prizaun no PME ba Minist\u00e9riu relevantes no autoridades Munis\u00edpiu sira atu bele implementa rekomendasaun sira ne\u2019eb\u00e9 Provedor hatada no dadus ka informasaun sira ne\u2019eb\u00e9 aprezenta bele sai hanesan instrumentu apoiu ba halo advokasia no hodi formula planu Minist\u00e9riu relevantes hodi hadia jestaun ne\u2019eb\u00e9 promove efisiensia no efikasia n\u00fadar prinsipiu ida boa governasaun. Read more [&#8230;]<\/p>\n","protected":false},"author":1,"featured_media":0,"parent":0,"menu_order":0,"comment_status":"open","ping_status":"open","template":"template-pagewithsidebar.php","meta":{"footnotes":""},"class_list":["post-292","page","type-page","status-publish"],"yoast_head":"<!-- This site is optimized with the Yoast SEO plugin v26.9 - https:\/\/yoast.com\/product\/yoast-seo-wordpress\/ -->\n<title>Monitoring &amp; Prevention - PDHJ<\/title>\n<meta name=\"robots\" content=\"index, follow, max-snippet:-1, max-image-preview:large, max-video-preview:-1\" \/>\n<link rel=\"canonical\" href=\"https:\/\/www.pdhj.tl\/en\/monitoring-prevention\/\" \/>\n<meta property=\"og:locale\" content=\"en_US\" \/>\n<meta property=\"og:type\" content=\"article\" \/>\n<meta property=\"og:title\" content=\"Monitoring &amp; Prevention - PDHJ\" \/>\n<meta property=\"og:description\" content=\"Dili : Iha loron 22 Janeiru 2019, Provedoria dos Direitos Humanos e Justi\u00e7a (PDHJ) aprezenta tan relat\u00f3riu 3 hanesan Detensaun, Prizaun no PME ba Minist\u00e9riu relevantes no autoridades Munis\u00edpiu sira atu bele implementa rekomendasaun sira ne\u2019eb\u00e9 Provedor hatada no dadus ka informasaun sira ne\u2019eb\u00e9 aprezenta bele sai hanesan instrumentu apoiu ba halo advokasia no hodi formula planu Minist\u00e9riu relevantes hodi hadia jestaun ne\u2019eb\u00e9 promove efisiensia no efikasia n\u00fadar prinsipiu ida boa governasaun. Read more [...]\" \/>\n<meta property=\"og:url\" content=\"https:\/\/www.pdhj.tl\/monitoring-prevention\/\" \/>\n<meta property=\"og:site_name\" content=\"PDHJ\" \/>\n<meta property=\"article:publisher\" content=\"https:\/\/www.facebook.com\/PDHJTimorLeste\" \/>\n<meta property=\"article:modified_time\" content=\"2019-08-08T07:17:25+00:00\" \/>\n<meta name=\"twitter:card\" content=\"summary_large_image\" \/>\n<meta name=\"twitter:site\" content=\"@PDHJTimorLeste\" \/>\n<meta name=\"twitter:label1\" content=\"Est. reading time\" \/>\n\t<meta name=\"twitter:data1\" content=\"2 minutes\" \/>\n<script type=\"application\/ld+json\" class=\"yoast-schema-graph\">{\"@context\":\"https:\/\/schema.org\",\"@graph\":[{\"@type\":\"WebPage\",\"@id\":\"https:\/\/www.pdhj.tl\/monitoring-prevention\/\",\"url\":\"https:\/\/www.pdhj.tl\/monitoring-prevention\/\",\"name\":\"Monitoring & Prevention - PDHJ\",\"isPartOf\":{\"@id\":\"https:\/\/www.pdhj.tl\/#website\"},\"datePublished\":\"2013-11-09T01:13:41+00:00\",\"dateModified\":\"2019-08-08T07:17:25+00:00\",\"breadcrumb\":{\"@id\":\"https:\/\/www.pdhj.tl\/monitoring-prevention\/#breadcrumb\"},\"inLanguage\":\"en-US\",\"potentialAction\":[{\"@type\":\"ReadAction\",\"target\":[\"https:\/\/www.pdhj.tl\/monitoring-prevention\/\"]}]},{\"@type\":\"BreadcrumbList\",\"@id\":\"https:\/\/www.pdhj.tl\/monitoring-prevention\/#breadcrumb\",\"itemListElement\":[{\"@type\":\"ListItem\",\"position\":1,\"name\":\"Home\",\"item\":\"https:\/\/www.pdhj.tl\/en\/home-2\/\"},{\"@type\":\"ListItem\",\"position\":2,\"name\":\"Monitoring &#038; Prevention\"}]},{\"@type\":\"WebSite\",\"@id\":\"https:\/\/www.pdhj.tl\/#website\",\"url\":\"https:\/\/www.pdhj.tl\/\",\"name\":\"PDHJ Timor-Leste\",\"description\":\"Provedoria dos Direitos Humanos e Justi\u00e7a\",\"publisher\":{\"@id\":\"https:\/\/www.pdhj.tl\/#organization\"},\"potentialAction\":[{\"@type\":\"SearchAction\",\"target\":{\"@type\":\"EntryPoint\",\"urlTemplate\":\"https:\/\/www.pdhj.tl\/?s={search_term_string}\"},\"query-input\":{\"@type\":\"PropertyValueSpecification\",\"valueRequired\":true,\"valueName\":\"search_term_string\"}}],\"inLanguage\":\"en-US\"},{\"@type\":\"Organization\",\"@id\":\"https:\/\/www.pdhj.tl\/#organization\",\"name\":\"PDHJ Timor-Leste\",\"url\":\"https:\/\/www.pdhj.tl\/\",\"logo\":{\"@type\":\"ImageObject\",\"inLanguage\":\"en-US\",\"@id\":\"https:\/\/www.pdhj.tl\/#\/schema\/logo\/image\/\",\"url\":\"https:\/\/www.pdhj.tl\/wp-content\/uploads\/2013\/11\/tplogo.png\",\"contentUrl\":\"https:\/\/www.pdhj.tl\/wp-content\/uploads\/2013\/11\/tplogo.png\",\"width\":280,\"height\":280,\"caption\":\"PDHJ Timor-Leste\"},\"image\":{\"@id\":\"https:\/\/www.pdhj.tl\/#\/schema\/logo\/image\/\"},\"sameAs\":[\"https:\/\/www.facebook.com\/PDHJTimorLeste\",\"https:\/\/x.com\/PDHJTimorLeste\",\"https:\/\/www.tiktok.com\/pdhj.tl\",\"https:\/\/www.instagram.com\/pdhj.tl\/\",\"https:\/\/www.linkedin.com\/company\/pdhj-tls\/\"]}]}<\/script>\n<!-- \/ Yoast SEO plugin. -->","yoast_head_json":{"title":"Monitoring & Prevention - PDHJ","robots":{"index":"index","follow":"follow","max-snippet":"max-snippet:-1","max-image-preview":"max-image-preview:large","max-video-preview":"max-video-preview:-1"},"canonical":"https:\/\/www.pdhj.tl\/en\/monitoring-prevention\/","og_locale":"en_US","og_type":"article","og_title":"Monitoring & Prevention - PDHJ","og_description":"Dili : Iha loron 22 Janeiru 2019, Provedoria dos Direitos Humanos e Justi\u00e7a (PDHJ) aprezenta tan relat\u00f3riu 3 hanesan Detensaun, Prizaun no PME ba Minist\u00e9riu relevantes no autoridades Munis\u00edpiu sira atu bele implementa rekomendasaun sira ne\u2019eb\u00e9 Provedor hatada no dadus ka informasaun sira ne\u2019eb\u00e9 aprezenta bele sai hanesan instrumentu apoiu ba halo advokasia no hodi formula planu Minist\u00e9riu relevantes hodi hadia jestaun ne\u2019eb\u00e9 promove efisiensia no efikasia n\u00fadar prinsipiu ida boa governasaun. Read more [...]","og_url":"https:\/\/www.pdhj.tl\/monitoring-prevention\/","og_site_name":"PDHJ","article_publisher":"https:\/\/www.facebook.com\/PDHJTimorLeste","article_modified_time":"2019-08-08T07:17:25+00:00","twitter_card":"summary_large_image","twitter_site":"@PDHJTimorLeste","twitter_misc":{"Est. reading time":"2 minutes"},"schema":{"@context":"https:\/\/schema.org","@graph":[{"@type":"WebPage","@id":"https:\/\/www.pdhj.tl\/monitoring-prevention\/","url":"https:\/\/www.pdhj.tl\/monitoring-prevention\/","name":"Monitoring & Prevention - PDHJ","isPartOf":{"@id":"https:\/\/www.pdhj.tl\/#website"},"datePublished":"2013-11-09T01:13:41+00:00","dateModified":"2019-08-08T07:17:25+00:00","breadcrumb":{"@id":"https:\/\/www.pdhj.tl\/monitoring-prevention\/#breadcrumb"},"inLanguage":"en-US","potentialAction":[{"@type":"ReadAction","target":["https:\/\/www.pdhj.tl\/monitoring-prevention\/"]}]},{"@type":"BreadcrumbList","@id":"https:\/\/www.pdhj.tl\/monitoring-prevention\/#breadcrumb","itemListElement":[{"@type":"ListItem","position":1,"name":"Home","item":"https:\/\/www.pdhj.tl\/en\/home-2\/"},{"@type":"ListItem","position":2,"name":"Monitoring &#038; Prevention"}]},{"@type":"WebSite","@id":"https:\/\/www.pdhj.tl\/#website","url":"https:\/\/www.pdhj.tl\/","name":"PDHJ Timor-Leste","description":"Provedoria dos Direitos Humanos e Justi\u00e7a","publisher":{"@id":"https:\/\/www.pdhj.tl\/#organization"},"potentialAction":[{"@type":"SearchAction","target":{"@type":"EntryPoint","urlTemplate":"https:\/\/www.pdhj.tl\/?s={search_term_string}"},"query-input":{"@type":"PropertyValueSpecification","valueRequired":true,"valueName":"search_term_string"}}],"inLanguage":"en-US"},{"@type":"Organization","@id":"https:\/\/www.pdhj.tl\/#organization","name":"PDHJ Timor-Leste","url":"https:\/\/www.pdhj.tl\/","logo":{"@type":"ImageObject","inLanguage":"en-US","@id":"https:\/\/www.pdhj.tl\/#\/schema\/logo\/image\/","url":"https:\/\/www.pdhj.tl\/wp-content\/uploads\/2013\/11\/tplogo.png","contentUrl":"https:\/\/www.pdhj.tl\/wp-content\/uploads\/2013\/11\/tplogo.png","width":280,"height":280,"caption":"PDHJ Timor-Leste"},"image":{"@id":"https:\/\/www.pdhj.tl\/#\/schema\/logo\/image\/"},"sameAs":["https:\/\/www.facebook.com\/PDHJTimorLeste","https:\/\/x.com\/PDHJTimorLeste","https:\/\/www.tiktok.com\/pdhj.tl","https:\/\/www.instagram.com\/pdhj.tl\/","https:\/\/www.linkedin.com\/company\/pdhj-tls\/"]}]}},"_links":{"self":[{"href":"https:\/\/www.pdhj.tl\/en\/wp-json\/wp\/v2\/pages\/292\/"}],"collection":[{"href":"https:\/\/www.pdhj.tl\/en\/wp-json\/wp\/v2\/pages\/"}],"about":[{"href":"https:\/\/www.pdhj.tl\/en\/wp-json\/wp\/v2\/types\/page\/"}],"author":[{"embeddable":true,"href":"https:\/\/www.pdhj.tl\/en\/wp-json\/wp\/v2\/users\/1\/"}],"replies":[{"embeddable":true,"href":"https:\/\/www.pdhj.tl\/en\/wp-json\/wp\/v2\/comments\/?post=292"}],"version-history":[{"count":5,"href":"https:\/\/www.pdhj.tl\/en\/wp-json\/wp\/v2\/pages\/292\/revisions\/"}],"predecessor-version":[{"id":5022,"href":"https:\/\/www.pdhj.tl\/en\/wp-json\/wp\/v2\/pages\/292\/revisions\/5022\/"}],"wp:attachment":[{"href":"https:\/\/www.pdhj.tl\/en\/wp-json\/wp\/v2\/media\/?parent=292"}],"curies":[{"name":"wp","href":"https:\/\/api.w.org\/{rel}","templated":true}]}}